{"id":11442,"date":"2024-11-28T15:03:24","date_gmt":"2024-11-28T15:03:24","guid":{"rendered":"https:\/\/mo-mo.gr\/product\/%ce%b2%ce%b5%ce%bd%cf%84%ce%ac%ce%bb%ce%b9%ce%b1-kuro-kaze-sensu\/"},"modified":"2025-12-09T15:38:15","modified_gmt":"2025-12-09T13:38:15","slug":"%ce%b2%ce%b5%ce%bd%cf%84%ce%ac%ce%bb%ce%b9%ce%b1-kuro-kaze-sensu","status":"publish","type":"product","link":"https:\/\/mo-mo.gr\/da\/\u03c0\u03c1\u03bf\u03ca\u03cc\u03bd\u03c4\u03b1\/%ce%b2%ce%b5%ce%bd%cf%84%ce%ac%ce%bb%ce%b9%ce%b1-kuro-kaze-sensu\/","title":{"rendered":"Fan Kuro Kaze Sensu"},"content":{"rendered":"","protected":false},"excerpt":{"rendered":"<p>Oplev elegancen i traditionel japansk kunst med denne tr\u00e6vifte **Sensu**. Viften er fremstillet af kvalitetstr\u00e6 og har en subtil mat glans, der giver den et moderne, men tidl\u00f8st look. Den sorte nuance g\u00f8r den til et unikt tilbeh\u00f8r, der er ideelt til b\u00e5de hverdagsbrug og s\u00e6rlige lejligheder.<\/p>\n<p>Dens slanke design sikrer brugervenlighed, mens dens holdbare konstruktion sikrer langvarig ydeevne. Denne ventilator er inspireret af japansk \u00e6stetik og er perfekt til at k\u00f8le dig ned med stil eller til at pryde dit rum som et dekorativt element.<\/p>\n<p>Denne sorte tr\u00e6vifte er ideel for elskere af japansk kultur og er en hyldest til minimalistisk charme og tidl\u00f8s tradition.<\/p>","protected":false},"featured_media":12583,"comment_status":"open","ping_status":"closed","template":"","meta":{"_gspb_post_css":""},"product_brand":[],"product_cat":[74,71],"product_tag":[],"class_list":{"0":"post-11442","1":"product","2":"type-product","3":"status-publish","4":"has-post-thumbnail","6":"product_cat-new","7":"product_cat-71","9":"first","10":"outofstock","11":"taxable","12":"shipping-taxable","13":"purchasable","14":"product-type-simple"},"_links":{"self":[{"href":"https:\/\/mo-mo.gr\/da\/wp-json\/wp\/v2\/product\/11442","targetHints":{"allow":["GET"]}}],"collection":[{"href":"https:\/\/mo-mo.gr\/da\/wp-json\/wp\/v2\/product"}],"about":[{"href":"https:\/\/mo-mo.gr\/da\/wp-json\/wp\/v2\/types\/product"}],"replies":[{"embeddable":true,"href":"https:\/\/mo-mo.gr\/da\/wp-json\/wp\/v2\/comments?post=11442"}],"wp:featuredmedia":[{"embeddable":true,"href":"https:\/\/mo-mo.gr\/da\/wp-json\/wp\/v2\/media\/12583"}],"wp:attachment":[{"href":"https:\/\/mo-mo.gr\/da\/wp-json\/wp\/v2\/media?parent=11442"}],"wp:term":[{"taxonomy":"product_brand","embeddable":true,"href":"https:\/\/mo-mo.gr\/da\/wp-json\/wp\/v2\/product_brand?post=11442"},{"taxonomy":"product_cat","embeddable":true,"href":"https:\/\/mo-mo.gr\/da\/wp-json\/wp\/v2\/product_cat?post=11442"},{"taxonomy":"product_tag","embeddable":true,"href":"https:\/\/mo-mo.gr\/da\/wp-json\/wp\/v2\/product_tag?post=11442"}],"curies":[{"name":"wp","href":"https:\/\/api.w.org\/{rel}","templated":true}]}}