{"id":11436,"date":"2024-11-27T16:39:49","date_gmt":"2024-11-27T16:39:49","guid":{"rendered":"https:\/\/mo-mo.gr\/product\/kinchaku-knot-bag-maneki-neko\/"},"modified":"2025-12-11T15:23:19","modified_gmt":"2025-12-11T13:23:19","slug":"kinchaku-knude-taske-maneki-neko","status":"publish","type":"product","link":"https:\/\/mo-mo.gr\/da\/\u03c0\u03c1\u03bf\u03ca\u03cc\u03bd\u03c4\u03b1\/kinchaku-knot-bag-maneki-neko\/","title":{"rendered":"Kinchaku Knot Bag Maneki Neko"},"content":{"rendered":"","protected":false},"excerpt":{"rendered":"<p>Tilf\u00f8j en dosis held og stil til din hverdag med denne h\u00e5ndlavede **Kinchaku Knot Bag** med et m\u00f8nster af **Maneki Neko**, Japans ber\u00f8mte grisekat!<\/p>\n<p>Denne lille, men praktiske taske er fremstillet af materialer af h\u00f8j kvalitet og har et dejligt bl\u00e5t l\u00e6rred dekoreret med farverige detaljer og legende Maneki Neko-figurer.<\/p>\n<p>Funktioner:<br \/>\n- **H\u00e5ndlavet konstruktion**: lavet med omhu og sans for detaljer.<br \/>\n- **M\u00e5l**: H\u00f8jde 21 cm, bredde 11 cm, l\u00e6ngde 8 cm - ideel til sm\u00e5 ting som n\u00f8gler, pung eller kosmetik.<br \/>\n- **Knude for nem b\u00e6ring**: Den unikke knude giver stil og er praktisk.<br \/>\n- **Inspireret af japansk tradition**: Maneki Neko-m\u00f8nsteret giver et strejf af held, perfekt som gave.<\/p>\n<p>Ideel til hverdagsbrug eller til et sofistikeret touch ved en s\u00e6rlig lejlighed!<\/p>","protected":false},"featured_media":12578,"comment_status":"open","ping_status":"closed","template":"","meta":{"_gspb_post_css":""},"product_brand":[],"product_cat":[75,74],"product_tag":[42],"class_list":{"0":"post-11436","1":"product","2":"type-product","3":"status-publish","4":"has-post-thumbnail","6":"product_cat-kinchaku-knot-bags","7":"product_cat-new","8":"product_tag-maneki-neko","10":"first","11":"outofstock","12":"taxable","13":"shipping-taxable","14":"purchasable","15":"product-type-simple"},"_links":{"self":[{"href":"https:\/\/mo-mo.gr\/da\/wp-json\/wp\/v2\/product\/11436","targetHints":{"allow":["GET"]}}],"collection":[{"href":"https:\/\/mo-mo.gr\/da\/wp-json\/wp\/v2\/product"}],"about":[{"href":"https:\/\/mo-mo.gr\/da\/wp-json\/wp\/v2\/types\/product"}],"replies":[{"embeddable":true,"href":"https:\/\/mo-mo.gr\/da\/wp-json\/wp\/v2\/comments?post=11436"}],"wp:featuredmedia":[{"embeddable":true,"href":"https:\/\/mo-mo.gr\/da\/wp-json\/wp\/v2\/media\/12578"}],"wp:attachment":[{"href":"https:\/\/mo-mo.gr\/da\/wp-json\/wp\/v2\/media?parent=11436"}],"wp:term":[{"taxonomy":"product_brand","embeddable":true,"href":"https:\/\/mo-mo.gr\/da\/wp-json\/wp\/v2\/product_brand?post=11436"},{"taxonomy":"product_cat","embeddable":true,"href":"https:\/\/mo-mo.gr\/da\/wp-json\/wp\/v2\/product_cat?post=11436"},{"taxonomy":"product_tag","embeddable":true,"href":"https:\/\/mo-mo.gr\/da\/wp-json\/wp\/v2\/product_tag?post=11436"}],"curies":[{"name":"wp","href":"https:\/\/api.w.org\/{rel}","templated":true}]}}