{"id":11431,"date":"2024-11-27T16:29:44","date_gmt":"2024-11-27T16:29:44","guid":{"rendered":"https:\/\/mo-mo.gr\/product\/kinchaku-knot-bag-akita-no-kurenai\/"},"modified":"2025-12-11T15:23:30","modified_gmt":"2025-12-11T13:23:30","slug":"kinchaku-knudepose-akita-no-kurenai","status":"publish","type":"product","link":"https:\/\/mo-mo.gr\/da\/\u03c0\u03c1\u03bf\u03ca\u03cc\u03bd\u03c4\u03b1\/kinchaku-knot-bag-akita-no-kurenai\/","title":{"rendered":"Kinchaku Knot Bag Akita no Kurenai"},"content":{"rendered":"","protected":false},"excerpt":{"rendered":"<p>Kinchaku Knot Bag Akita no Kurenai<\/p>\n<p>Denne unikke, h\u00e5ndlavede **Kinchaku Knot Bag** er inspireret af japansk tradition og elegant design.<\/p>\n<p>- **Farve**: beige base med dristige r\u00f8de geometriske former, der giver et dristigt pr\u00e6g. Designet er dekoreret med figurer af den ikoniske japanske hund **Akita**, der kombinerer kulturarv og moderne \u00e6stetik.<br \/>\n- **Dimensioner**: H\u00f8jde 21 cm, bredde 11 cm, l\u00e6ngde 8 cm - ideel st\u00f8rrelse til dine daglige forn\u00f8denheder.<br \/>\n- **Materiale**: Fremstillet af stof af h\u00f8j kvalitet, der sikrer holdbarhed og elegance, mens knudens bl\u00e5 farve giver en smuk kontrast til den beige bund.<br \/>\n- **Stil**: Den er alsidig og praktisk, perfekt til b\u00e5de afslappede udflugter og s\u00e6rlige lejligheder, og den bringer en f\u00f8lelse af japansk tradition til dit moderne look.<\/p>\n<p>**\"Akita no Kurenai\"** er ikke bare en taske; det er et stilstatement, der kombinerer en k\u00e6rlighed til japansk kultur med den moderne modes anvendelighed.<\/p>","protected":false},"featured_media":12574,"comment_status":"open","ping_status":"closed","template":"","meta":{"_gspb_post_css":""},"product_brand":[],"product_cat":[75,74],"product_tag":[],"class_list":{"0":"post-11431","1":"product","2":"type-product","3":"status-publish","4":"has-post-thumbnail","6":"product_cat-kinchaku-knot-bags","7":"product_cat-new","9":"first","10":"outofstock","11":"taxable","12":"shipping-taxable","13":"purchasable","14":"product-type-simple"},"_links":{"self":[{"href":"https:\/\/mo-mo.gr\/da\/wp-json\/wp\/v2\/product\/11431","targetHints":{"allow":["GET"]}}],"collection":[{"href":"https:\/\/mo-mo.gr\/da\/wp-json\/wp\/v2\/product"}],"about":[{"href":"https:\/\/mo-mo.gr\/da\/wp-json\/wp\/v2\/types\/product"}],"replies":[{"embeddable":true,"href":"https:\/\/mo-mo.gr\/da\/wp-json\/wp\/v2\/comments?post=11431"}],"wp:featuredmedia":[{"embeddable":true,"href":"https:\/\/mo-mo.gr\/da\/wp-json\/wp\/v2\/media\/12574"}],"wp:attachment":[{"href":"https:\/\/mo-mo.gr\/da\/wp-json\/wp\/v2\/media?parent=11431"}],"wp:term":[{"taxonomy":"product_brand","embeddable":true,"href":"https:\/\/mo-mo.gr\/da\/wp-json\/wp\/v2\/product_brand?post=11431"},{"taxonomy":"product_cat","embeddable":true,"href":"https:\/\/mo-mo.gr\/da\/wp-json\/wp\/v2\/product_cat?post=11431"},{"taxonomy":"product_tag","embeddable":true,"href":"https:\/\/mo-mo.gr\/da\/wp-json\/wp\/v2\/product_tag?post=11431"}],"curies":[{"name":"wp","href":"https:\/\/api.w.org\/{rel}","templated":true}]}}