{"id":11427,"date":"2024-11-27T16:08:19","date_gmt":"2024-11-27T16:08:19","guid":{"rendered":"https:\/\/mo-mo.gr\/product\/kinchaku-knot-bag-niji-no-hana\/"},"modified":"2025-12-11T15:23:38","modified_gmt":"2025-12-11T13:23:38","slug":"kinchaku-knudepose-niji-no-hana","status":"publish","type":"product","link":"https:\/\/mo-mo.gr\/da\/\u03c0\u03c1\u03bf\u03ca\u03cc\u03bd\u03c4\u03b1\/kinchaku-knot-bag-niji-no-hana\/","title":{"rendered":"Kinchaku Knot Bag Niji no Hana"},"content":{"rendered":"","protected":false},"excerpt":{"rendered":"<p>Oplev den japanske traditions magi med den h\u00e5ndlavede Niji no Hana-taske. Denne unikke Kinchaku Knot-taske er fremstillet med sans for detaljer og imponerer med de farverige blomster, der pryder den dybbl\u00e5 baggrund.<\/p>\n<p><strong>Funktioner<\/strong>:<br \/>\n- M\u00e5l:** H\u00f8jde 21 cm, bredde 11 cm, l\u00e6ngde 8 cm<br \/>\n- **Materiale:** Stof af h\u00f8j kvalitet, bl\u00f8dt at r\u00f8re ved og holdbart i brug.<br \/>\n- Tegning:** Inspireret af regnbuens blomster (Niji no Hana) giver den en f\u00f8lelse af friskhed og elegance.<br \/>\n- **Praktisk:** Nem at binde, ideel til hverdagsbrug eller s\u00e6rlige lejligheder.<\/p>\n<p>Niji no Hana er ikke bare en taske, men et kunstv\u00e6rk, der udtrykker harmonien mellem natur og tradition. S\u00e6t den sammen med et afslappet eller formelt look, og imponer!<\/p>","protected":false},"featured_media":12571,"comment_status":"open","ping_status":"closed","template":"","meta":{"_gspb_post_css":""},"product_brand":[],"product_cat":[75,74],"product_tag":[],"class_list":{"0":"post-11427","1":"product","2":"type-product","3":"status-publish","4":"has-post-thumbnail","6":"product_cat-kinchaku-knot-bags","7":"product_cat-new","9":"first","10":"outofstock","11":"taxable","12":"shipping-taxable","13":"purchasable","14":"product-type-simple"},"_links":{"self":[{"href":"https:\/\/mo-mo.gr\/da\/wp-json\/wp\/v2\/product\/11427","targetHints":{"allow":["GET"]}}],"collection":[{"href":"https:\/\/mo-mo.gr\/da\/wp-json\/wp\/v2\/product"}],"about":[{"href":"https:\/\/mo-mo.gr\/da\/wp-json\/wp\/v2\/types\/product"}],"replies":[{"embeddable":true,"href":"https:\/\/mo-mo.gr\/da\/wp-json\/wp\/v2\/comments?post=11427"}],"wp:featuredmedia":[{"embeddable":true,"href":"https:\/\/mo-mo.gr\/da\/wp-json\/wp\/v2\/media\/12571"}],"wp:attachment":[{"href":"https:\/\/mo-mo.gr\/da\/wp-json\/wp\/v2\/media?parent=11427"}],"wp:term":[{"taxonomy":"product_brand","embeddable":true,"href":"https:\/\/mo-mo.gr\/da\/wp-json\/wp\/v2\/product_brand?post=11427"},{"taxonomy":"product_cat","embeddable":true,"href":"https:\/\/mo-mo.gr\/da\/wp-json\/wp\/v2\/product_cat?post=11427"},{"taxonomy":"product_tag","embeddable":true,"href":"https:\/\/mo-mo.gr\/da\/wp-json\/wp\/v2\/product_tag?post=11427"}],"curies":[{"name":"wp","href":"https:\/\/api.w.org\/{rel}","templated":true}]}}