{"id":11422,"date":"2024-11-27T16:00:30","date_gmt":"2024-11-27T16:00:30","guid":{"rendered":"https:\/\/mo-mo.gr\/product\/kinchaku-knot-bag-aogumo\/"},"modified":"2025-12-11T15:23:49","modified_gmt":"2025-12-11T13:23:49","slug":"kinchaku-knude-taske-aogumo","status":"publish","type":"product","link":"https:\/\/mo-mo.gr\/da\/\u03c0\u03c1\u03bf\u03ca\u03cc\u03bd\u03c4\u03b1\/kinchaku-knot-bag-aogumo\/","title":{"rendered":"Kinchaku Knot Bag Aogumo"},"content":{"rendered":"","protected":false},"excerpt":{"rendered":"<p>Kinchaku Knot Bag Aogumo<\/p>\n<p>Oplev elegancen i **Kinchaku Knot Bag \"Aogumo\"**, en h\u00e5ndlavet kreation, der kombinerer traditionel japansk \u00e6stetik med moderne funktionalitet.<\/p>\n<p>Tasken, der er **21 cm h\u00f8j, 11 cm bred og 8 cm lang**, er ideel til hverdagsbrug eller s\u00e6rlige lejligheder. Den dybe **bl\u00e5 farve** er fremstillet af stof af h\u00f8j kvalitet og afspejler himlens ro, mens de udsmykkede **gyldne skyer** tilf\u00f8jer et strejf af luksus og spiritualitet.<\/p>\n<p>Det smarte lukningsdesign g\u00f8r den nem at b\u00e6re, og st\u00f8rrelsen er ideel til opbevaring af sm\u00e5ting som pung, n\u00f8gler og kosmetik.<\/p>\n<p>\"Aogumo\" er mere end bare en taske; det er et kunstv\u00e6rk, der bringer sk\u00f8nheden i den japanske tradition ind i din hverdag.<\/p>","protected":false},"featured_media":12567,"comment_status":"open","ping_status":"closed","template":"","meta":{"_gspb_post_css":""},"product_brand":[],"product_cat":[75,74],"product_tag":[],"class_list":{"0":"post-11422","1":"product","2":"type-product","3":"status-publish","4":"has-post-thumbnail","6":"product_cat-kinchaku-knot-bags","7":"product_cat-new","9":"first","10":"outofstock","11":"taxable","12":"shipping-taxable","13":"purchasable","14":"product-type-simple"},"_links":{"self":[{"href":"https:\/\/mo-mo.gr\/da\/wp-json\/wp\/v2\/product\/11422","targetHints":{"allow":["GET"]}}],"collection":[{"href":"https:\/\/mo-mo.gr\/da\/wp-json\/wp\/v2\/product"}],"about":[{"href":"https:\/\/mo-mo.gr\/da\/wp-json\/wp\/v2\/types\/product"}],"replies":[{"embeddable":true,"href":"https:\/\/mo-mo.gr\/da\/wp-json\/wp\/v2\/comments?post=11422"}],"wp:featuredmedia":[{"embeddable":true,"href":"https:\/\/mo-mo.gr\/da\/wp-json\/wp\/v2\/media\/12567"}],"wp:attachment":[{"href":"https:\/\/mo-mo.gr\/da\/wp-json\/wp\/v2\/media?parent=11422"}],"wp:term":[{"taxonomy":"product_brand","embeddable":true,"href":"https:\/\/mo-mo.gr\/da\/wp-json\/wp\/v2\/product_brand?post=11422"},{"taxonomy":"product_cat","embeddable":true,"href":"https:\/\/mo-mo.gr\/da\/wp-json\/wp\/v2\/product_cat?post=11422"},{"taxonomy":"product_tag","embeddable":true,"href":"https:\/\/mo-mo.gr\/da\/wp-json\/wp\/v2\/product_tag?post=11422"}],"curies":[{"name":"wp","href":"https:\/\/api.w.org\/{rel}","templated":true}]}}