{"id":11410,"date":"2024-11-26T19:12:00","date_gmt":"2024-11-26T19:12:00","guid":{"rendered":"https:\/\/mo-mo.gr\/product\/cocoon-overcoat-hikari\/"},"modified":"2026-04-09T16:53:01","modified_gmt":"2026-04-09T13:53:01","slug":"cocoon-overfrakke-hikari","status":"publish","type":"product","link":"https:\/\/mo-mo.gr\/da\/\u03c0\u03c1\u03bf\u03ca\u03cc\u03bd\u03c4\u03b1\/cocoon-overcoat-hikari\/","title":{"rendered":"Cocoon-overfrakke Hikari"},"content":{"rendered":"","protected":false},"excerpt":{"rendered":"<p>Hikari Cocoon Coat er et fantastisk, h\u00e5ndlavet stykke tyktv\u00e6vet bomuldsstof, der kombinerer en sort base med sarte rosa og hvide nuancer. Designet minder om japansk minimalisme, mens den bl\u00f8de bomuldsstruktur giver varme og tidl\u00f8s stil, og kvaliteten er synlig i hver eneste detalje.<\/p>\n<p>Med skarpe, store, kropsn\u00e6re \u00e6rmer giver denne kokonfrakke en f\u00f8lelse af bev\u00e6gelse og ynde, samtidig med at den giver fuld frihed og komfort. Det bl\u00f8de, lilla viskosefor giver et overraskende indre og en luksuri\u00f8s fornemmelse ved ber\u00f8ring.<\/p>\n<p>Hikari Cocoon Coat f\u00e5s i to overdimensionerede st\u00f8rrelser, der er skr\u00e6ddersyet til at opfylde alle kropstypers behov og giver uovertruffen komfort og raffinement, perfekt til et modigt look med en bl\u00f8d, japansk-inspireret f\u00f8lelse.<\/p>","protected":false},"featured_media":12558,"comment_status":"open","ping_status":"closed","template":"","meta":{"_gspb_post_css":""},"product_brand":[],"product_cat":[114,66],"product_tag":[56],"class_list":{"0":"post-11410","1":"product","2":"type-product","3":"status-publish","4":"has-post-thumbnail","6":"product_cat-haori","7":"product_cat-66","8":"product_tag-womans-kimonos","9":"pa_-large-xlarge","10":"pa_-small-medium","11":"pa_-97","12":"pa_-85","13":"pa_-99","15":"first","16":"outofstock","17":"taxable","18":"shipping-taxable","19":"purchasable","20":"product-type-variable"},"_links":{"self":[{"href":"https:\/\/mo-mo.gr\/da\/wp-json\/wp\/v2\/product\/11410","targetHints":{"allow":["GET"]}}],"collection":[{"href":"https:\/\/mo-mo.gr\/da\/wp-json\/wp\/v2\/product"}],"about":[{"href":"https:\/\/mo-mo.gr\/da\/wp-json\/wp\/v2\/types\/product"}],"replies":[{"embeddable":true,"href":"https:\/\/mo-mo.gr\/da\/wp-json\/wp\/v2\/comments?post=11410"}],"wp:featuredmedia":[{"embeddable":true,"href":"https:\/\/mo-mo.gr\/da\/wp-json\/wp\/v2\/media\/12558"}],"wp:attachment":[{"href":"https:\/\/mo-mo.gr\/da\/wp-json\/wp\/v2\/media?parent=11410"}],"wp:term":[{"taxonomy":"product_brand","embeddable":true,"href":"https:\/\/mo-mo.gr\/da\/wp-json\/wp\/v2\/product_brand?post=11410"},{"taxonomy":"product_cat","embeddable":true,"href":"https:\/\/mo-mo.gr\/da\/wp-json\/wp\/v2\/product_cat?post=11410"},{"taxonomy":"product_tag","embeddable":true,"href":"https:\/\/mo-mo.gr\/da\/wp-json\/wp\/v2\/product_tag?post=11410"}],"curies":[{"name":"wp","href":"https:\/\/api.w.org\/{rel}","templated":true}]}}