{"id":11405,"date":"2024-11-26T17:53:08","date_gmt":"2024-11-26T17:53:08","guid":{"rendered":"https:\/\/mo-mo.gr\/product\/dento-bag-flying-cranes\/"},"modified":"2025-03-05T11:27:15","modified_gmt":"2025-03-05T09:27:15","slug":"dento-taske-flyvende-kraner","status":"publish","type":"product","link":"https:\/\/mo-mo.gr\/da\/\u03c0\u03c1\u03bf\u03ca\u03cc\u03bd\u03c4\u03b1\/dento-bag-flying-cranes\/","title":{"rendered":"Dento Bag flyvende kraner"},"content":{"rendered":"","protected":false},"excerpt":{"rendered":"<p>Dento Bag flyvende kraner<\/p>\n<p>Denne h\u00e5ndlavede japanske taske af Kyoto-bomuldsstof kombinerer elegance og tradition i en unik kreation. P\u00e5 en sort baggrund er hvide traner, symboler p\u00e5 lang levetid og velstand, indrammet af traditionelle japanske motiver i dristige, varme farver og guldtryk, der tilf\u00f8jer luksus og glamour til dens udseende. Tasken m\u00e5ler 21 cm i h\u00f8jden og 26 cm i bredden og er ideel til dine daglige behov, mens h\u00e5ndtaget p\u00e5 17 cm sikrer, at den er behagelig at b\u00e6re.<\/p>\n<p>Interi\u00f8ret er foret med forst\u00e6rket vat, som sikrer, at tasken holder formen, samtidig med at den f\u00f8les bl\u00f8d og fl\u00f8jlsagtig at r\u00f8re ved. Lynl\u00e5sen beskytter dine personlige ejendele sikkert og tilf\u00f8jer funktionalitet og elegance. Denne taske er den perfekte kombination af traditionelt japansk design og moderne funktionalitet.<\/p>","protected":false},"featured_media":12554,"comment_status":"open","ping_status":"closed","template":"","meta":{"_gspb_post_css":""},"product_brand":[],"product_cat":[74,65],"product_tag":[],"class_list":{"0":"post-11405","1":"product","2":"type-product","3":"status-publish","4":"has-post-thumbnail","6":"product_cat-new","7":"product_cat-65","9":"first","10":"instock","11":"taxable","12":"shipping-taxable","13":"purchasable","14":"product-type-simple"},"_links":{"self":[{"href":"https:\/\/mo-mo.gr\/da\/wp-json\/wp\/v2\/product\/11405","targetHints":{"allow":["GET"]}}],"collection":[{"href":"https:\/\/mo-mo.gr\/da\/wp-json\/wp\/v2\/product"}],"about":[{"href":"https:\/\/mo-mo.gr\/da\/wp-json\/wp\/v2\/types\/product"}],"replies":[{"embeddable":true,"href":"https:\/\/mo-mo.gr\/da\/wp-json\/wp\/v2\/comments?post=11405"}],"wp:featuredmedia":[{"embeddable":true,"href":"https:\/\/mo-mo.gr\/da\/wp-json\/wp\/v2\/media\/12554"}],"wp:attachment":[{"href":"https:\/\/mo-mo.gr\/da\/wp-json\/wp\/v2\/media?parent=11405"}],"wp:term":[{"taxonomy":"product_brand","embeddable":true,"href":"https:\/\/mo-mo.gr\/da\/wp-json\/wp\/v2\/product_brand?post=11405"},{"taxonomy":"product_cat","embeddable":true,"href":"https:\/\/mo-mo.gr\/da\/wp-json\/wp\/v2\/product_cat?post=11405"},{"taxonomy":"product_tag","embeddable":true,"href":"https:\/\/mo-mo.gr\/da\/wp-json\/wp\/v2\/product_tag?post=11405"}],"curies":[{"name":"wp","href":"https:\/\/api.w.org\/{rel}","templated":true}]}}