{"id":11400,"date":"2024-11-26T17:50:26","date_gmt":"2024-11-26T17:50:26","guid":{"rendered":"https:\/\/mo-mo.gr\/product\/dento-bag-golden-dragon\/"},"modified":"2025-03-05T11:27:06","modified_gmt":"2025-03-05T09:27:06","slug":"dento-taske-gylden-drage","status":"publish","type":"product","link":"https:\/\/mo-mo.gr\/da\/\u03c0\u03c1\u03bf\u03ca\u03cc\u03bd\u03c4\u03b1\/dento-bag-golden-dragon\/","title":{"rendered":"Dento-taske Gylden drage"},"content":{"rendered":"","protected":false},"excerpt":{"rendered":"<p>Dento-taske Gylden drage<\/p>\n<p>Denne dejlige, h\u00e5ndlavede japanske taske er lavet af bomuldsstoffer af h\u00f8j kvalitet, der kommer direkte fra Kyoto. Midtpunktet er en imponerende gulddrage p\u00e5 en sort baggrund, indrammet af markante japanske motiver i nuancer af guld, bl\u00e5 og lilla. Den detaljerede kunst fremh\u00e6ver den traditionelle japanske \u00e6stetik og giver en sl\u00e5ende og elegant effekt.<\/p>\n<p>Med en h\u00f8jde p\u00e5 21 cm, en bredde p\u00e5 26 cm og en h\u00e5ndtagsh\u00f8jde p\u00e5 17 cm kombinerer denne taske stil og funktionalitet. Den lukkes med lynl\u00e5s og har et forst\u00e6rket for af vat, som holder formen og f\u00f8les ultrabl\u00f8dt at r\u00f8re ved. Denne taske er perfekt til dem, der elsker tradition og kvalitet, og den bringer autentisk japansk h\u00e5ndv\u00e6rk ind i nutiden med en moderne tilgang.<\/p>","protected":false},"featured_media":12550,"comment_status":"open","ping_status":"closed","template":"","meta":{"_gspb_post_css":""},"product_brand":[],"product_cat":[74,65],"product_tag":[],"class_list":{"0":"post-11400","1":"product","2":"type-product","3":"status-publish","4":"has-post-thumbnail","6":"product_cat-new","7":"product_cat-65","9":"first","10":"instock","11":"taxable","12":"shipping-taxable","13":"purchasable","14":"product-type-simple"},"_links":{"self":[{"href":"https:\/\/mo-mo.gr\/da\/wp-json\/wp\/v2\/product\/11400","targetHints":{"allow":["GET"]}}],"collection":[{"href":"https:\/\/mo-mo.gr\/da\/wp-json\/wp\/v2\/product"}],"about":[{"href":"https:\/\/mo-mo.gr\/da\/wp-json\/wp\/v2\/types\/product"}],"replies":[{"embeddable":true,"href":"https:\/\/mo-mo.gr\/da\/wp-json\/wp\/v2\/comments?post=11400"}],"wp:featuredmedia":[{"embeddable":true,"href":"https:\/\/mo-mo.gr\/da\/wp-json\/wp\/v2\/media\/12550"}],"wp:attachment":[{"href":"https:\/\/mo-mo.gr\/da\/wp-json\/wp\/v2\/media?parent=11400"}],"wp:term":[{"taxonomy":"product_brand","embeddable":true,"href":"https:\/\/mo-mo.gr\/da\/wp-json\/wp\/v2\/product_brand?post=11400"},{"taxonomy":"product_cat","embeddable":true,"href":"https:\/\/mo-mo.gr\/da\/wp-json\/wp\/v2\/product_cat?post=11400"},{"taxonomy":"product_tag","embeddable":true,"href":"https:\/\/mo-mo.gr\/da\/wp-json\/wp\/v2\/product_tag?post=11400"}],"curies":[{"name":"wp","href":"https:\/\/api.w.org\/{rel}","templated":true}]}}