{"id":11395,"date":"2024-11-26T17:45:54","date_gmt":"2024-11-26T17:45:54","guid":{"rendered":"https:\/\/mo-mo.gr\/product\/dento-bag-kuro-neko\/"},"modified":"2026-04-02T17:57:17","modified_gmt":"2026-04-02T14:57:17","slug":"dento-bag-kuro-neko","status":"publish","type":"product","link":"https:\/\/mo-mo.gr\/da\/\u03c0\u03c1\u03bf\u03ca\u03cc\u03bd\u03c4\u03b1\/dento-bag-kuro-neko\/","title":{"rendered":"Dento Bag Kuro Neko"},"content":{"rendered":"","protected":false},"excerpt":{"rendered":"<p>Dento Bag Kuro Neko<\/p>\n<p>Denne japanske h\u00e5ndlavede bomuldstaske fra Kyoto bringer den sorte kats, eller kuro nekos, traditionelle \u00e6stetik og legende charme ind i et bl\u00e6ndende design. Med en r\u00f8d baggrund, der symboliserer vitalitet og styrke, skiller kuro neko sig ud blandt hvide og gyldne blomster og blade, hvilket giver en sl\u00e5ende f\u00f8lelse af balance og harmoni.<\/p>\n<p>Tasken har praktiske m\u00e5l p\u00e5 21 cm i h\u00f8jden og 26 cm i bredden og en h\u00e5ndtagsh\u00f8jde p\u00e5 17 cm, og den lukkes med lynl\u00e5s for sikker transport af dine personlige ejendele. Det indvendige for er forst\u00e6rket med vat, som sikrer, at tasken bevarer sin form, og giver en bl\u00f8d, polstret fornemmelse ved ber\u00f8ring.<\/p>\n<p>Det er den perfekte tilf\u00f8jelse til dem, der elsker traditionel japansk kunst og \u00f8nsker et unikt v\u00e6rk, der kombinerer den sorte kats legesyge med de klassiske m\u00f8nstre i den japanske natur.<\/p>","protected":false},"featured_media":12546,"comment_status":"open","ping_status":"closed","template":"","meta":{"_gspb_post_css":""},"product_brand":[],"product_cat":[65],"product_tag":[],"class_list":{"0":"post-11395","1":"product","2":"type-product","3":"status-publish","4":"has-post-thumbnail","6":"product_cat-65","8":"first","9":"outofstock","10":"taxable","11":"shipping-taxable","12":"purchasable","13":"product-type-simple"},"_links":{"self":[{"href":"https:\/\/mo-mo.gr\/da\/wp-json\/wp\/v2\/product\/11395","targetHints":{"allow":["GET"]}}],"collection":[{"href":"https:\/\/mo-mo.gr\/da\/wp-json\/wp\/v2\/product"}],"about":[{"href":"https:\/\/mo-mo.gr\/da\/wp-json\/wp\/v2\/types\/product"}],"replies":[{"embeddable":true,"href":"https:\/\/mo-mo.gr\/da\/wp-json\/wp\/v2\/comments?post=11395"}],"wp:featuredmedia":[{"embeddable":true,"href":"https:\/\/mo-mo.gr\/da\/wp-json\/wp\/v2\/media\/12546"}],"wp:attachment":[{"href":"https:\/\/mo-mo.gr\/da\/wp-json\/wp\/v2\/media?parent=11395"}],"wp:term":[{"taxonomy":"product_brand","embeddable":true,"href":"https:\/\/mo-mo.gr\/da\/wp-json\/wp\/v2\/product_brand?post=11395"},{"taxonomy":"product_cat","embeddable":true,"href":"https:\/\/mo-mo.gr\/da\/wp-json\/wp\/v2\/product_cat?post=11395"},{"taxonomy":"product_tag","embeddable":true,"href":"https:\/\/mo-mo.gr\/da\/wp-json\/wp\/v2\/product_tag?post=11395"}],"curies":[{"name":"wp","href":"https:\/\/api.w.org\/{rel}","templated":true}]}}