{"id":11382,"date":"2024-11-25T18:49:27","date_gmt":"2024-11-25T18:49:27","guid":{"rendered":"https:\/\/mo-mo.gr\/product\/olive-harmony-wool-kimono\/"},"modified":"2026-01-29T15:07:48","modified_gmt":"2026-01-29T13:07:48","slug":"kimono-i-olivenfarvet-uld","status":"publish","type":"product","link":"https:\/\/mo-mo.gr\/da\/\u03c0\u03c1\u03bf\u03ca\u03cc\u03bd\u03c4\u03b1\/olive-harmony-wool-kimono\/","title":{"rendered":"Kimono i olivenfarvet Harmony-uld"},"content":{"rendered":"","protected":false},"excerpt":{"rendered":"<p>Olive Harmony Wool Kimono er et fantastisk stykke arbejde, der kombinerer traditionel japansk elegance med varmen fra naturlig uld. Kimonoen er h\u00e5ndlavet med stor opm\u00e6rksomhed p\u00e5 detaljerne og er fremstillet af 100%-uld, som er varm og bl\u00f8d at r\u00f8re ved. Den dybe, olierede farvetone passer perfekt til de enkle, men raffinerede linjer og giver t\u00f8jet en tidl\u00f8s f\u00f8lelse af autenticitet.<\/p>\n<p>Et af de mest imponerende tr\u00e6k ved Olive Harmony Wool Kimono er de store \u00e6rmer, som fremh\u00e6ver den traditionelle \u00e6stetik i en haori-kimono og giver komfort og bev\u00e6gelsesfrihed. De brede \u00e6rmer, der er inspireret af japansk stil, kombinerer funktionalitet og elegance, samtidig med at de giver en f\u00f8lelse af autoritet og autenticitet til den, der b\u00e6rer den.<\/p>\n<p>Tilf\u00f8jelsen af et indbygget slips med brede b\u00e5nd p\u00e5 forsiden skaber et unikt designelement, der skiller sig ud. Disse b\u00e6lter sikrer ikke kun stabilitet og pasform, men danner ogs\u00e5 et geometrisk m\u00f8nster p\u00e5 forsiden, hvilket giver den traditionelle stil et moderne twist. Olive Harmony Wool Kimono er det perfekte valg for dem, der leder efter en sofistikeret og tidl\u00f8s m\u00e5de at inkorporere japansk kultur i deres look.<\/p>","protected":false},"featured_media":12540,"comment_status":"open","ping_status":"closed","template":"","meta":{"_gspb_post_css":""},"product_brand":[],"product_cat":[114,115,66],"product_tag":[56],"class_list":{"0":"post-11382","1":"product","2":"type-product","3":"status-publish","4":"has-post-thumbnail","6":"product_cat-haori","7":"product_cat-yukata","8":"product_cat-66","9":"product_tag-womans-kimonos","10":"pa_-large","11":"pa_-large-xlarge","12":"pa_-medium","13":"pa_-small","14":"pa_-xtra-large","15":"pa_-xxl","16":"pa_-94","18":"first","19":"instock","20":"taxable","21":"shipping-taxable","22":"purchasable","23":"product-type-variable"},"_links":{"self":[{"href":"https:\/\/mo-mo.gr\/da\/wp-json\/wp\/v2\/product\/11382","targetHints":{"allow":["GET"]}}],"collection":[{"href":"https:\/\/mo-mo.gr\/da\/wp-json\/wp\/v2\/product"}],"about":[{"href":"https:\/\/mo-mo.gr\/da\/wp-json\/wp\/v2\/types\/product"}],"replies":[{"embeddable":true,"href":"https:\/\/mo-mo.gr\/da\/wp-json\/wp\/v2\/comments?post=11382"}],"wp:featuredmedia":[{"embeddable":true,"href":"https:\/\/mo-mo.gr\/da\/wp-json\/wp\/v2\/media\/12540"}],"wp:attachment":[{"href":"https:\/\/mo-mo.gr\/da\/wp-json\/wp\/v2\/media?parent=11382"}],"wp:term":[{"taxonomy":"product_brand","embeddable":true,"href":"https:\/\/mo-mo.gr\/da\/wp-json\/wp\/v2\/product_brand?post=11382"},{"taxonomy":"product_cat","embeddable":true,"href":"https:\/\/mo-mo.gr\/da\/wp-json\/wp\/v2\/product_cat?post=11382"},{"taxonomy":"product_tag","embeddable":true,"href":"https:\/\/mo-mo.gr\/da\/wp-json\/wp\/v2\/product_tag?post=11382"}],"curies":[{"name":"wp","href":"https:\/\/api.w.org\/{rel}","templated":true}]}}