{"id":11370,"date":"2024-11-20T12:56:25","date_gmt":"2024-11-20T12:56:25","guid":{"rendered":"https:\/\/mo-mo.gr\/product\/kimono-haori-wool-murasaki-no-yume\/"},"modified":"2026-01-29T15:10:46","modified_gmt":"2026-01-29T13:10:46","slug":"kimono-haori-uld-murasaki-no-yume","status":"publish","type":"product","link":"https:\/\/mo-mo.gr\/da\/\u03c0\u03c1\u03bf\u03ca\u03cc\u03bd\u03c4\u03b1\/kimono-haori-wool-murasaki-no-yume\/","title":{"rendered":"Kimono Haori Wool Murasaki no Yume"},"content":{"rendered":"","protected":false},"excerpt":{"rendered":"<p>Vis din stil med denne sofistikerede haori-kimono, der er fremstillet af en luksuri\u00f8s blanding af 60% uld og 40% bomuld. I en dyb blommefarvet nuance med et strejf af karmoisin, der skaber en subtil, men sl\u00e5ende kombination, udstr\u00e5ler dette stykke varme og elegance. Det klassiske design med den traditionelle kimono-silhuet og bindeb\u00e5nd i siden giver alsidighed og komfort, hvilket g\u00f8r den ideel til lag p\u00e5 lag om vinteren.<\/p>\n<p>Uld- og bomuldsv\u00e6vningen sikrer fremragende varmebeskyttelse, samtidig med at den er let og giver en behagelig pasform. L\u00e6ngden og syningerne er designet til at passe til b\u00e5de afslappede og formelle lejligheder. De rene linjer i designet og den rige farve g\u00f8r den til et tidl\u00f8st valg for dem, der elsker den minimale \u00e6stetik.<\/p>\n<p>Denne haori er en hyldest til japansk tradition, samtidig med at den repr\u00e6senterer det moderne behov for komfort og funktionalitet. Brug den over kjoler, tr\u00f8jer eller endda afslappede s\u00e6t og tilf\u00f8j en dosis luksus til din hverdag.<\/p>","protected":false},"featured_media":12535,"comment_status":"open","ping_status":"closed","template":"","meta":{"_gspb_post_css":""},"product_brand":[],"product_cat":[114,66],"product_tag":[25,56],"class_list":{"0":"post-11370","1":"product","2":"type-product","3":"status-publish","4":"has-post-thumbnail","6":"product_cat-haori","7":"product_cat-66","8":"product_tag-haori","9":"product_tag-womans-kimonos","10":"pa_-large","11":"pa_-medium","12":"pa_-small","13":"pa_-xtra-large","14":"pa_-xxl","15":"pa_-100","17":"first","18":"instock","19":"taxable","20":"shipping-taxable","21":"purchasable","22":"product-type-variable"},"_links":{"self":[{"href":"https:\/\/mo-mo.gr\/da\/wp-json\/wp\/v2\/product\/11370","targetHints":{"allow":["GET"]}}],"collection":[{"href":"https:\/\/mo-mo.gr\/da\/wp-json\/wp\/v2\/product"}],"about":[{"href":"https:\/\/mo-mo.gr\/da\/wp-json\/wp\/v2\/types\/product"}],"replies":[{"embeddable":true,"href":"https:\/\/mo-mo.gr\/da\/wp-json\/wp\/v2\/comments?post=11370"}],"wp:featuredmedia":[{"embeddable":true,"href":"https:\/\/mo-mo.gr\/da\/wp-json\/wp\/v2\/media\/12535"}],"wp:attachment":[{"href":"https:\/\/mo-mo.gr\/da\/wp-json\/wp\/v2\/media?parent=11370"}],"wp:term":[{"taxonomy":"product_brand","embeddable":true,"href":"https:\/\/mo-mo.gr\/da\/wp-json\/wp\/v2\/product_brand?post=11370"},{"taxonomy":"product_cat","embeddable":true,"href":"https:\/\/mo-mo.gr\/da\/wp-json\/wp\/v2\/product_cat?post=11370"},{"taxonomy":"product_tag","embeddable":true,"href":"https:\/\/mo-mo.gr\/da\/wp-json\/wp\/v2\/product_tag?post=11370"}],"curies":[{"name":"wp","href":"https:\/\/api.w.org\/{rel}","templated":true}]}}