{"id":11357,"date":"2024-11-15T13:53:48","date_gmt":"2024-11-15T13:53:48","guid":{"rendered":"https:\/\/mo-mo.gr\/product\/kimono-haori-black-with-white-dots\/"},"modified":"2025-03-05T11:26:29","modified_gmt":"2025-03-05T09:26:29","slug":"kimono-haori-sort-med-hvide-prikker","status":"publish","type":"product","link":"https:\/\/mo-mo.gr\/da\/\u03c0\u03c1\u03bf\u03ca\u03cc\u03bd\u03c4\u03b1\/kimono-haori-black-with-white-dots\/","title":{"rendered":"Kimono Haori Sort med hvide prikker"},"content":{"rendered":"","protected":false},"excerpt":{"rendered":"<p>H\u00e5ndlavet vinterhaori til kvinder lavet af v\u00e6vet bomuldsstof i elegant sort med hvidplettede detaljer, der skaber en harmonisk geometrisk balance. M\u00f8nsteret tilf\u00f8rer subtil luksus, mens den matte finish forst\u00e6rker den autentiske, traditionelle \u00e6stetik.<\/p>\n<p>Haorien har brede yukata-\u00e6rmer, der giver en f\u00f8lelse af bev\u00e6gelsesfrihed og elegant stil. Denne haori er perfekt til lag p\u00e5 lag p\u00e5 kolde dage og lukkes i siden med traditionelle snore, hvilket giver en alsidig og behagelig pasform, der tilpasser sig enhver kropstype.<\/p>\n<p>Et unikt m\u00f8bel, der kombinerer varme og funktionalitet med traditionel japansk teknik og skaber det ultimative vinterlook for dem, der elsker japansk stil og tidl\u00f8s elegance.<\/p>","protected":false},"featured_media":12527,"comment_status":"open","ping_status":"closed","template":"","meta":{"_gspb_post_css":""},"product_brand":[],"product_cat":[114,66],"product_tag":[56],"class_list":{"0":"post-11357","1":"product","2":"type-product","3":"status-publish","4":"has-post-thumbnail","6":"product_cat-haori","7":"product_cat-66","8":"product_tag-womans-kimonos","9":"pa_-large","10":"pa_-medium","11":"pa_-small","12":"pa_-xtra-large","13":"pa_-85","15":"first","16":"outofstock","17":"taxable","18":"shipping-taxable","19":"purchasable","20":"product-type-variable"},"_links":{"self":[{"href":"https:\/\/mo-mo.gr\/da\/wp-json\/wp\/v2\/product\/11357","targetHints":{"allow":["GET"]}}],"collection":[{"href":"https:\/\/mo-mo.gr\/da\/wp-json\/wp\/v2\/product"}],"about":[{"href":"https:\/\/mo-mo.gr\/da\/wp-json\/wp\/v2\/types\/product"}],"replies":[{"embeddable":true,"href":"https:\/\/mo-mo.gr\/da\/wp-json\/wp\/v2\/comments?post=11357"}],"wp:featuredmedia":[{"embeddable":true,"href":"https:\/\/mo-mo.gr\/da\/wp-json\/wp\/v2\/media\/12527"}],"wp:attachment":[{"href":"https:\/\/mo-mo.gr\/da\/wp-json\/wp\/v2\/media?parent=11357"}],"wp:term":[{"taxonomy":"product_brand","embeddable":true,"href":"https:\/\/mo-mo.gr\/da\/wp-json\/wp\/v2\/product_brand?post=11357"},{"taxonomy":"product_cat","embeddable":true,"href":"https:\/\/mo-mo.gr\/da\/wp-json\/wp\/v2\/product_cat?post=11357"},{"taxonomy":"product_tag","embeddable":true,"href":"https:\/\/mo-mo.gr\/da\/wp-json\/wp\/v2\/product_tag?post=11357"}],"curies":[{"name":"wp","href":"https:\/\/api.w.org\/{rel}","templated":true}]}}