{"id":11353,"date":"2024-11-11T18:28:33","date_gmt":"2024-11-11T18:28:33","guid":{"rendered":"https:\/\/mo-mo.gr\/product\/tsuru-no-ongaeshi\/"},"modified":"2025-02-04T17:30:39","modified_gmt":"2025-02-04T15:30:39","slug":"tsuru-no-ongaeshi","status":"publish","type":"product","link":"https:\/\/mo-mo.gr\/da\/\u03c0\u03c1\u03bf\u03ca\u03cc\u03bd\u03c4\u03b1\/tsuru-no-ongaeshi\/","title":{"rendered":"Tsuru no Ongaeshi"},"content":{"rendered":"","protected":false},"excerpt":{"rendered":"<p>Tsuru no Ongaeshi<\/p>\n<p>En elegant kiste p\u00e5 30\u00d715 cm, fremstillet af \u00e6gte japanske stoffer, der udstr\u00e5ler tradition og japansk glamour. P\u00e5 forsiden omfavner stoffets klare r\u00f8de farve luksuri\u00f8se guldtryk og to traner, symboler p\u00e5 lang levetid og held og lykke i japansk tradition, hvilket tilf\u00f8jer en unik f\u00f8lelse af elegance.<\/p>\n<p>Tasken har en praktisk lynl\u00e5slukning, der sikrer dine ting. Indeni er der en lomme, som g\u00f8r det nemt at organisere sm\u00e5 ting, og kvalitetsstoffet garanterer lang holdbarhed.<\/p>\n<p>Dette etui er perfekt til at tilf\u00f8je en dosis japansk raffinement til din hverdag, uanset om du bruger det til kosmetik eller sm\u00e5 personlige genstande.<\/p>","protected":false},"featured_media":12524,"comment_status":"open","ping_status":"closed","template":"","meta":{"_gspb_post_css":""},"product_brand":[],"product_cat":[130,74,123],"product_tag":[],"class_list":{"0":"post-11353","1":"product","2":"type-product","3":"status-publish","4":"has-post-thumbnail","6":"product_cat-komono-","7":"product_cat-new","8":"product_cat-123","10":"first","11":"instock","12":"taxable","13":"shipping-taxable","14":"purchasable","15":"product-type-simple"},"_links":{"self":[{"href":"https:\/\/mo-mo.gr\/da\/wp-json\/wp\/v2\/product\/11353","targetHints":{"allow":["GET"]}}],"collection":[{"href":"https:\/\/mo-mo.gr\/da\/wp-json\/wp\/v2\/product"}],"about":[{"href":"https:\/\/mo-mo.gr\/da\/wp-json\/wp\/v2\/types\/product"}],"replies":[{"embeddable":true,"href":"https:\/\/mo-mo.gr\/da\/wp-json\/wp\/v2\/comments?post=11353"}],"wp:featuredmedia":[{"embeddable":true,"href":"https:\/\/mo-mo.gr\/da\/wp-json\/wp\/v2\/media\/12524"}],"wp:attachment":[{"href":"https:\/\/mo-mo.gr\/da\/wp-json\/wp\/v2\/media?parent=11353"}],"wp:term":[{"taxonomy":"product_brand","embeddable":true,"href":"https:\/\/mo-mo.gr\/da\/wp-json\/wp\/v2\/product_brand?post=11353"},{"taxonomy":"product_cat","embeddable":true,"href":"https:\/\/mo-mo.gr\/da\/wp-json\/wp\/v2\/product_cat?post=11353"},{"taxonomy":"product_tag","embeddable":true,"href":"https:\/\/mo-mo.gr\/da\/wp-json\/wp\/v2\/product_tag?post=11353"}],"curies":[{"name":"wp","href":"https:\/\/api.w.org\/{rel}","templated":true}]}}