{"id":11346,"date":"2024-11-09T08:38:29","date_gmt":"2024-11-09T08:38:29","guid":{"rendered":"https:\/\/mo-mo.gr\/product\/haori-ringo-iro\/"},"modified":"2025-03-05T11:25:59","modified_gmt":"2025-03-05T09:25:59","slug":"haori-ringo-iro","status":"publish","type":"product","link":"https:\/\/mo-mo.gr\/da\/\u03c0\u03c1\u03bf\u03ca\u03cc\u03bd\u03c4\u03b1\/haori-ringo-iro\/","title":{"rendered":"Haori Ringo Iro"},"content":{"rendered":"","protected":false},"excerpt":{"rendered":"<p>Haori Ringo Iro<\/p>\n<p>\u30ea\u30f3\u30b4\u8272\u306e\u7fbd\u7e54 (Ringo-iro no Haori) b\u00e6rer \u00e6blets karakteristiske r\u00f8de farve i en tone, der fremh\u00e6ver b\u00e5de den japanske stils livlighed og elegance. Med sin lette glans reflekterer stoffet lyset subtilt og giver haorien en f\u00f8lelse af luksus og tidl\u00f8shed. \u00c6rmet i yukata-stil giver en f\u00f8lelse af tradition, mens designet g\u00f8r den alsidig og behagelig til enhver lejlighed, fra en aften i byen til et mere afslappet look.<\/p>\n<p>De geometriske m\u00f8nstre, der er diskret skjult i stoffet, giver interesse uden at distrahere fra farvens harmoni. Hver form er pr\u00e6cist placeret og afspejler den japanske minimalistiske kunst og balancen mellem funktionalitet og elegance. Disse subtile detaljer g\u00f8r denne haori unik og giver den et strejf af autenticitet, som vil imponere elskere af japansk \u00e6stetik.<\/p>\n<p>\u30ea\u30f3\u30b4\u8272\u306e\u7fbd\u7e54 er fremstillet i Japan og har gennemg\u00e5et en proces med rekonstruktion og vedligeholdelse med respekt for traditionen af MOMO KIDOHO. Hvert stykke er unikt og b\u00e6rer p\u00e5 en k\u00e6rlighed til japansk kunst og tradition, hvilket g\u00f8r det til en accessory, som ingen samling kan undv\u00e6re.<\/p>","protected":false},"featured_media":12519,"comment_status":"open","ping_status":"closed","template":"","meta":{"_gspb_post_css":""},"product_brand":[],"product_cat":[114,66],"product_tag":[25,41,56],"class_list":{"0":"post-11346","1":"product","2":"type-product","3":"status-publish","4":"has-post-thumbnail","6":"product_cat-haori","7":"product_cat-66","8":"product_tag-haori","9":"product_tag-mens-kimonos","10":"product_tag-womans-kimonos","11":"pa_-large-xlarge","12":"pa_-80","14":"first","15":"outofstock","16":"taxable","17":"shipping-taxable","18":"purchasable","19":"product-type-variable"},"_links":{"self":[{"href":"https:\/\/mo-mo.gr\/da\/wp-json\/wp\/v2\/product\/11346","targetHints":{"allow":["GET"]}}],"collection":[{"href":"https:\/\/mo-mo.gr\/da\/wp-json\/wp\/v2\/product"}],"about":[{"href":"https:\/\/mo-mo.gr\/da\/wp-json\/wp\/v2\/types\/product"}],"replies":[{"embeddable":true,"href":"https:\/\/mo-mo.gr\/da\/wp-json\/wp\/v2\/comments?post=11346"}],"wp:featuredmedia":[{"embeddable":true,"href":"https:\/\/mo-mo.gr\/da\/wp-json\/wp\/v2\/media\/12519"}],"wp:attachment":[{"href":"https:\/\/mo-mo.gr\/da\/wp-json\/wp\/v2\/media?parent=11346"}],"wp:term":[{"taxonomy":"product_brand","embeddable":true,"href":"https:\/\/mo-mo.gr\/da\/wp-json\/wp\/v2\/product_brand?post=11346"},{"taxonomy":"product_cat","embeddable":true,"href":"https:\/\/mo-mo.gr\/da\/wp-json\/wp\/v2\/product_cat?post=11346"},{"taxonomy":"product_tag","embeddable":true,"href":"https:\/\/mo-mo.gr\/da\/wp-json\/wp\/v2\/product_tag?post=11346"}],"curies":[{"name":"wp","href":"https:\/\/api.w.org\/{rel}","templated":true}]}}