{"id":11340,"date":"2024-11-08T16:40:55","date_gmt":"2024-11-08T16:40:55","guid":{"rendered":"https:\/\/mo-mo.gr\/product\/kimono-haori-in-black-burgundy\/"},"modified":"2025-03-05T11:25:49","modified_gmt":"2025-03-05T09:25:49","slug":"kimono-haori-i-sort-bordeaux","status":"publish","type":"product","link":"https:\/\/mo-mo.gr\/da\/\u03c0\u03c1\u03bf\u03ca\u03cc\u03bd\u03c4\u03b1\/kimono-haori-in-black-burgundy\/","title":{"rendered":"Kimono Haori i sort og bordeaux"},"content":{"rendered":"","protected":false},"excerpt":{"rendered":"<p>Denne unikke Haori-kimono er et produkt af autentisk japansk h\u00e5ndv\u00e6rk, fremstillet af rekonstruerede Yukata-kimonoer i en sl\u00e5ende sort og dyb bordeaux. Hvert element og hver detalje p\u00e5 denne haori er omhyggeligt bevaret og opdateret for at give charmen ved en traditionel bekl\u00e6dningsgenstand med et friskt og elegant design, perfekt til et moderne look. Den rige bordeaux tilf\u00f8jer en f\u00f8lelse af luksus og dybde, mens den tidl\u00f8se sorte afbalancerer kompositionen med elegance.<\/p>\n<p>Den er skabt p\u00e5 basis af traditionelle yukataer, som er syet og designet i Japan af dygtige h\u00e5ndv\u00e6rkere efter de strenge principper for kvalitet og autenticitet, der kendetegner japansk bekl\u00e6dning. MOMO KIDOHO foretog omhyggeligt konservering og rekonstruktion af stoffet ved hj\u00e6lp af milj\u00f8venlige metoder, der sikrer dets holdbarhed og autenticitet. Haorien bevarer elementer fra den oprindelige yukata, men er tilpasset for at fremh\u00e6ve forbindelsen til japansk kultur.<\/p>\n<p>Denne sorte og bordeauxfarvede haori er perfekt til dem, der elsker japansk t\u00f8j, og som s\u00f8ger en forbindelse til traditionen gennem et tidl\u00f8st og b\u00e6redygtigt stykke t\u00f8j. En bekl\u00e6dningsgenstand, der kan bruges til enhver lejlighed, og som giver karakter og s\u00e6rpr\u00e6g til ethvert look, samtidig med at den hylder den japanske modes traditioner og v\u00e6rdier.<\/p>","protected":false},"featured_media":12515,"comment_status":"open","ping_status":"closed","template":"","meta":{"_gspb_post_css":""},"product_brand":[],"product_cat":[114,66],"product_tag":[25,41,56],"class_list":{"0":"post-11340","1":"product","2":"type-product","3":"status-publish","4":"has-post-thumbnail","6":"product_cat-haori","7":"product_cat-66","8":"product_tag-haori","9":"product_tag-mens-kimonos","10":"product_tag-womans-kimonos","11":"pa_-large","12":"pa_-85","14":"first","15":"outofstock","16":"taxable","17":"shipping-taxable","18":"purchasable","19":"product-type-variable"},"_links":{"self":[{"href":"https:\/\/mo-mo.gr\/da\/wp-json\/wp\/v2\/product\/11340","targetHints":{"allow":["GET"]}}],"collection":[{"href":"https:\/\/mo-mo.gr\/da\/wp-json\/wp\/v2\/product"}],"about":[{"href":"https:\/\/mo-mo.gr\/da\/wp-json\/wp\/v2\/types\/product"}],"replies":[{"embeddable":true,"href":"https:\/\/mo-mo.gr\/da\/wp-json\/wp\/v2\/comments?post=11340"}],"wp:featuredmedia":[{"embeddable":true,"href":"https:\/\/mo-mo.gr\/da\/wp-json\/wp\/v2\/media\/12515"}],"wp:attachment":[{"href":"https:\/\/mo-mo.gr\/da\/wp-json\/wp\/v2\/media?parent=11340"}],"wp:term":[{"taxonomy":"product_brand","embeddable":true,"href":"https:\/\/mo-mo.gr\/da\/wp-json\/wp\/v2\/product_brand?post=11340"},{"taxonomy":"product_cat","embeddable":true,"href":"https:\/\/mo-mo.gr\/da\/wp-json\/wp\/v2\/product_cat?post=11340"},{"taxonomy":"product_tag","embeddable":true,"href":"https:\/\/mo-mo.gr\/da\/wp-json\/wp\/v2\/product_tag?post=11340"}],"curies":[{"name":"wp","href":"https:\/\/api.w.org\/{rel}","templated":true}]}}