{"id":11335,"date":"2024-11-08T10:47:56","date_gmt":"2024-11-08T10:47:56","guid":{"rendered":"https:\/\/mo-mo.gr\/product\/tote-bag-yume-no-hana\/"},"modified":"2025-03-05T11:35:56","modified_gmt":"2025-03-05T09:35:56","slug":"tote-bag-yume-no-hana","status":"publish","type":"product","link":"https:\/\/mo-mo.gr\/da\/\u03c0\u03c1\u03bf\u03ca\u03cc\u03bd\u03c4\u03b1\/tote-bag-yume-no-hana\/","title":{"rendered":"Taske Yume no Hana"},"content":{"rendered":"","protected":false},"excerpt":{"rendered":"<p>Taske Yume no Hana<\/p>\n<p>Yume no Hana (Flowers of Dreams) tote bag kombinerer designets elegance med hverdagens funktionalitet. Med en h\u00f8jde p\u00e5 28 cm og en bredde p\u00e5 36 cm har denne h\u00e5ndlavede taske den perfekte st\u00f8rrelse til dine daglige behov, mens den 24 cm h\u00f8je hank giver en god b\u00e6rekomfort p\u00e5 skulderen. Forsiden er lavet af v\u00e6vet kvalitetsl\u00e6rred i en guldtone, dekoreret med japanske motiver af sm\u00e5 blomster og paraplyer, der minder om traditionelle japanske scener.<\/p>\n<p>P\u00e5 bagsiden tilf\u00f8jer det sorte kanvas en elegant og minimal \u00e6stetik, mens lynl\u00e5slukningen sikrer dine ejendele. Interi\u00f8ret er foret med kanvas og har masser af plads, perfekt til alt, hvad du har brug for. \"Yume no Hana\" er det perfekte tilbeh\u00f8r til dem, der leder efter noget unikt og tidl\u00f8st.<\/p>\n<p>\"Yume no Hana\" er ikke bare en taske, men en hyldest til japansk h\u00e5ndv\u00e6rk og \u00e6stetik. Det livlige guldmotiv med blomster og paraplyer viser tradition og elegance, mens stoffets subtile glimmer giver et strejf af luksus til dit hverdagslook. Hver eneste detalje er n\u00f8je udvalgt for at skabe en accessory, der er b\u00e5de praktisk og unik, hvilket g\u00f8r \"Yume no Hana\" perfekt til dem, der s\u00e6tter pris p\u00e5 kunst og kvalitet i alle valg.<\/p>","protected":false},"featured_media":12511,"comment_status":"open","ping_status":"closed","template":"","meta":{"_gspb_post_css":""},"product_brand":[],"product_cat":[65],"product_tag":[],"class_list":{"0":"post-11335","1":"product","2":"type-product","3":"status-publish","4":"has-post-thumbnail","6":"product_cat-65","8":"first","9":"instock","10":"taxable","11":"shipping-taxable","12":"purchasable","13":"product-type-simple"},"_links":{"self":[{"href":"https:\/\/mo-mo.gr\/da\/wp-json\/wp\/v2\/product\/11335","targetHints":{"allow":["GET"]}}],"collection":[{"href":"https:\/\/mo-mo.gr\/da\/wp-json\/wp\/v2\/product"}],"about":[{"href":"https:\/\/mo-mo.gr\/da\/wp-json\/wp\/v2\/types\/product"}],"replies":[{"embeddable":true,"href":"https:\/\/mo-mo.gr\/da\/wp-json\/wp\/v2\/comments?post=11335"}],"wp:featuredmedia":[{"embeddable":true,"href":"https:\/\/mo-mo.gr\/da\/wp-json\/wp\/v2\/media\/12511"}],"wp:attachment":[{"href":"https:\/\/mo-mo.gr\/da\/wp-json\/wp\/v2\/media?parent=11335"}],"wp:term":[{"taxonomy":"product_brand","embeddable":true,"href":"https:\/\/mo-mo.gr\/da\/wp-json\/wp\/v2\/product_brand?post=11335"},{"taxonomy":"product_cat","embeddable":true,"href":"https:\/\/mo-mo.gr\/da\/wp-json\/wp\/v2\/product_cat?post=11335"},{"taxonomy":"product_tag","embeddable":true,"href":"https:\/\/mo-mo.gr\/da\/wp-json\/wp\/v2\/product_tag?post=11335"}],"curies":[{"name":"wp","href":"https:\/\/api.w.org\/{rel}","templated":true}]}}