{"id":11315,"date":"2024-11-04T09:32:59","date_gmt":"2024-11-04T09:32:59","guid":{"rendered":"https:\/\/mo-mo.gr\/product\/black-sweatshirt-gingko-endurance\/"},"modified":"2025-03-05T11:35:23","modified_gmt":"2025-03-05T09:35:23","slug":"sort-sweatshirt-gingko-udholdenhed","status":"publish","type":"product","link":"https:\/\/mo-mo.gr\/da\/\u03c0\u03c1\u03bf\u03ca\u03cc\u03bd\u03c4\u03b1\/black-sweatshirt-gingko-endurance\/","title":{"rendered":"Sort sweatshirt Gingko Endurance"},"content":{"rendered":"","protected":false},"excerpt":{"rendered":"<p>Sort sweatshirt Gingko Endurance<\/p>\n<p>Denne sorte sweatshirt er en minimalistisk hyldest til den tidl\u00f8se japanske \u00e6stetik og ginkgo-tr\u00e6ets charme. P\u00e5 forsiden er ordet \u30a4\u30c1\u30e7\u30a6 (ginkgo) skrevet p\u00e5 japansk, hvilket udtrykker sk\u00f8nheden i enkelhed og den dybe forbindelse mellem japansk kultur og natur. Stoffet er af fremragende kvalitet, og dets bl\u00f8de tekstur giver komfort og stil, hvilket g\u00f8r det ideelt til enhver s\u00e6son.<\/p>\n<p>To tynde ginkgoblade, minimalistisk designet, dekorerer sweatshirten med den samme filosofi om harmoni og elegance, som japansk kunst st\u00e5r for. Ginkgobladet er kendt for sin holdbarhed og lange levetid og symboliserer styrke og visdom, samtidig med at det giver b\u00e6reren af sweatshirten en f\u00f8lelse af ro og balance.<\/p>\n<p>Med sin slanke pasform og den beroligende tilstedev\u00e6relse af ginkgoblade passer denne sweatshirt til ethvert afslappet look, samtidig med at den kombinerer tidl\u00f8s stil med et karakteristisk japansk touch. Det er et ideelt valg for dem, der elsker enkelhed og dyb, skjult mening i deres hverdag.<\/p>","protected":false},"featured_media":12500,"comment_status":"open","ping_status":"closed","template":"","meta":{"_gspb_post_css":""},"product_brand":[],"product_cat":[111],"product_tag":[],"class_list":{"0":"post-11315","1":"product","2":"type-product","3":"status-publish","4":"has-post-thumbnail","6":"product_cat-111","7":"pa_-large","8":"pa_-medium","9":"pa_-small","10":"pa_-xtra-large","11":"pa_-xtra-small","12":"pa_-xxl","14":"first","15":"instock","16":"taxable","17":"shipping-taxable","18":"purchasable","19":"product-type-variable"},"_links":{"self":[{"href":"https:\/\/mo-mo.gr\/da\/wp-json\/wp\/v2\/product\/11315","targetHints":{"allow":["GET"]}}],"collection":[{"href":"https:\/\/mo-mo.gr\/da\/wp-json\/wp\/v2\/product"}],"about":[{"href":"https:\/\/mo-mo.gr\/da\/wp-json\/wp\/v2\/types\/product"}],"replies":[{"embeddable":true,"href":"https:\/\/mo-mo.gr\/da\/wp-json\/wp\/v2\/comments?post=11315"}],"wp:featuredmedia":[{"embeddable":true,"href":"https:\/\/mo-mo.gr\/da\/wp-json\/wp\/v2\/media\/12500"}],"wp:attachment":[{"href":"https:\/\/mo-mo.gr\/da\/wp-json\/wp\/v2\/media?parent=11315"}],"wp:term":[{"taxonomy":"product_brand","embeddable":true,"href":"https:\/\/mo-mo.gr\/da\/wp-json\/wp\/v2\/product_brand?post=11315"},{"taxonomy":"product_cat","embeddable":true,"href":"https:\/\/mo-mo.gr\/da\/wp-json\/wp\/v2\/product_cat?post=11315"},{"taxonomy":"product_tag","embeddable":true,"href":"https:\/\/mo-mo.gr\/da\/wp-json\/wp\/v2\/product_tag?post=11315"}],"curies":[{"name":"wp","href":"https:\/\/api.w.org\/{rel}","templated":true}]}}