{"id":11304,"date":"2024-11-04T09:02:32","date_gmt":"2024-11-04T09:02:32","guid":{"rendered":"https:\/\/mo-mo.gr\/product\/sweatshirt-black-heaven\/"},"modified":"2025-03-05T11:35:15","modified_gmt":"2025-03-05T09:35:15","slug":"sweatshirt-sort-himmel","status":"publish","type":"product","link":"https:\/\/mo-mo.gr\/da\/\u03c0\u03c1\u03bf\u03ca\u03cc\u03bd\u03c4\u03b1\/sweatshirt-black-heaven\/","title":{"rendered":"Sweatshirt Black Heaven"},"content":{"rendered":"","protected":false},"excerpt":{"rendered":"<p>Sweatshirt Black Heaven<\/p>\n<p>Denne elegante sorte sweatshirt er dekoreret med det japanske ord \u767b\u7adc p\u00e5 forsiden, som udtrykker \u00e5nden i den m\u00e5lrettede kamp for succes og udvikling. Med en sammens\u00e6tning, der giver komfort og tidl\u00f8s holdbarhed, er det det perfekte stykke til dem, der elsker tidl\u00f8se, orientalske symboler og enkle linjer.<\/p>\n<p>De bl\u00f8de toner af lysebl\u00e5 og bl\u00e5 blomster og blade dekorerer designet og giver en f\u00f8lelse af ro og balance. Denne sweatshirt er perfekt til at skille sig ud og udtrykke sin personlighed, og den repr\u00e6senterer den japanske minimalismes enkelhed og elegance.<\/p>\n<p>Den sorte sweatshirt med det japanske ord \u767b\u7adc og de bl\u00f8dt farvede detaljer i lysebl\u00e5 og lysebl\u00e5 udstr\u00e5ler en harmonisk balance mellem dragens dynamik og blomsternes ro. Den er skabt til at blande moderne \u00e6stetik med traditionel indflydelse og appellerer til dem, der s\u00f8ger en unik stil med en dybere mening. Sweatshirten bliver \u00f8jeblikkeligt det perfekte valg til afslappede stunder eller aftenlook og tilbyder komfort og et tydeligt kunstnerisk udtryk.<\/p>","protected":false},"featured_media":12496,"comment_status":"open","ping_status":"closed","template":"","meta":{"_gspb_post_css":""},"product_brand":[],"product_cat":[111],"product_tag":[],"class_list":{"0":"post-11304","1":"product","2":"type-product","3":"status-publish","4":"has-post-thumbnail","6":"product_cat-111","7":"pa_-large","8":"pa_-medium","9":"pa_-small","10":"pa_-xtra-large","11":"pa_-xtra-small","12":"pa_-xxl","14":"first","15":"instock","16":"taxable","17":"shipping-taxable","18":"purchasable","19":"product-type-variable"},"_links":{"self":[{"href":"https:\/\/mo-mo.gr\/da\/wp-json\/wp\/v2\/product\/11304","targetHints":{"allow":["GET"]}}],"collection":[{"href":"https:\/\/mo-mo.gr\/da\/wp-json\/wp\/v2\/product"}],"about":[{"href":"https:\/\/mo-mo.gr\/da\/wp-json\/wp\/v2\/types\/product"}],"replies":[{"embeddable":true,"href":"https:\/\/mo-mo.gr\/da\/wp-json\/wp\/v2\/comments?post=11304"}],"wp:featuredmedia":[{"embeddable":true,"href":"https:\/\/mo-mo.gr\/da\/wp-json\/wp\/v2\/media\/12496"}],"wp:attachment":[{"href":"https:\/\/mo-mo.gr\/da\/wp-json\/wp\/v2\/media?parent=11304"}],"wp:term":[{"taxonomy":"product_brand","embeddable":true,"href":"https:\/\/mo-mo.gr\/da\/wp-json\/wp\/v2\/product_brand?post=11304"},{"taxonomy":"product_cat","embeddable":true,"href":"https:\/\/mo-mo.gr\/da\/wp-json\/wp\/v2\/product_cat?post=11304"},{"taxonomy":"product_tag","embeddable":true,"href":"https:\/\/mo-mo.gr\/da\/wp-json\/wp\/v2\/product_tag?post=11304"}],"curies":[{"name":"wp","href":"https:\/\/api.w.org\/{rel}","templated":true}]}}