{"id":11291,"date":"2024-11-04T08:47:11","date_gmt":"2024-11-04T08:47:11","guid":{"rendered":"https:\/\/mo-mo.gr\/product\/japanese-sweatshirt-yugen\/"},"modified":"2025-03-05T11:35:09","modified_gmt":"2025-03-05T09:35:09","slug":"japansk-sweatshirt-yugen","status":"publish","type":"product","link":"https:\/\/mo-mo.gr\/da\/\u03c0\u03c1\u03bf\u03ca\u03cc\u03bd\u03c4\u03b1\/japanese-sweatshirt-yugen\/","title":{"rendered":"Japansk sweatshirt Yugen"},"content":{"rendered":"","protected":false},"excerpt":{"rendered":"<p>Denne sorte sweatshirt b\u00e6rer det japanske ord \u5e7d\u7384 (y\u016bgen), som repr\u00e6senterer ideen om \"dyb, g\u00e5defuld sk\u00f8nhed\". Med en delikat, bl\u00f8d r\u00f8d-lyser\u00f8d blomst p\u00e5 forsiden udstr\u00e5ler kompositionen en subtil, men spirituel f\u00f8lelse, der passer til elskere af japansk \u00e6stetik og filosofi.<\/p>\n<p>Japansk sweatshirt Yugen<\/p>\n<p>Den bl\u00f8de tekstur og det gennemt\u00e6nkte design g\u00f8r den perfekt til enhver lejlighed og tilf\u00f8rer en f\u00f8lelse af ro og enkelhed, som er indbegrebet af y\u016bgens \u00e5nd. Denne sweatshirt er perfekt til dem, der elsker den japanske traditions kunst og elegance, og den er mere end bare en bekl\u00e6dningsgenstand - den er et udsagn.<\/p>\n<p>Denne sweatshirt er ikke bare et outfit, men en afspejling af den skjulte dybde og stille elegance, som ordet \u5e7d\u7384 symboliserer. Med sin blege r\u00f8drosa blomst giver den en f\u00f8lelse af balance og tidl\u00f8s charme, der passer perfekt til den sorte farve. Den er ideel til hverdagsbrug og samler den japanske kulturs enkelhed og mystiske sk\u00f8nhed og inviterer b\u00e6reren til at opdage roen gennem \u00e6stetik.<\/p>","protected":false},"featured_media":12490,"comment_status":"open","ping_status":"closed","template":"","meta":{"_gspb_post_css":""},"product_brand":[],"product_cat":[111],"product_tag":[],"class_list":{"0":"post-11291","1":"product","2":"type-product","3":"status-publish","4":"has-post-thumbnail","6":"product_cat-111","7":"pa_-large","8":"pa_-medium","9":"pa_-small","10":"pa_-xtra-large","11":"pa_-xtra-small","12":"pa_-xxl","14":"first","15":"instock","16":"taxable","17":"shipping-taxable","18":"purchasable","19":"product-type-variable"},"_links":{"self":[{"href":"https:\/\/mo-mo.gr\/da\/wp-json\/wp\/v2\/product\/11291","targetHints":{"allow":["GET"]}}],"collection":[{"href":"https:\/\/mo-mo.gr\/da\/wp-json\/wp\/v2\/product"}],"about":[{"href":"https:\/\/mo-mo.gr\/da\/wp-json\/wp\/v2\/types\/product"}],"replies":[{"embeddable":true,"href":"https:\/\/mo-mo.gr\/da\/wp-json\/wp\/v2\/comments?post=11291"}],"wp:featuredmedia":[{"embeddable":true,"href":"https:\/\/mo-mo.gr\/da\/wp-json\/wp\/v2\/media\/12490"}],"wp:attachment":[{"href":"https:\/\/mo-mo.gr\/da\/wp-json\/wp\/v2\/media?parent=11291"}],"wp:term":[{"taxonomy":"product_brand","embeddable":true,"href":"https:\/\/mo-mo.gr\/da\/wp-json\/wp\/v2\/product_brand?post=11291"},{"taxonomy":"product_cat","embeddable":true,"href":"https:\/\/mo-mo.gr\/da\/wp-json\/wp\/v2\/product_cat?post=11291"},{"taxonomy":"product_tag","embeddable":true,"href":"https:\/\/mo-mo.gr\/da\/wp-json\/wp\/v2\/product_tag?post=11291"}],"curies":[{"name":"wp","href":"https:\/\/api.w.org\/{rel}","templated":true}]}}