{"id":11281,"date":"2024-11-03T18:38:24","date_gmt":"2024-11-03T18:38:24","guid":{"rendered":"https:\/\/mo-mo.gr\/product\/haori-wool-black-zen-aesthetics\/"},"modified":"2025-03-05T11:35:01","modified_gmt":"2025-03-05T09:35:01","slug":"haori-uld-sort-zen-aestetik","status":"publish","type":"product","link":"https:\/\/mo-mo.gr\/da\/\u03c0\u03c1\u03bf\u03ca\u03cc\u03bd\u03c4\u03b1\/haori-wool-black-zen-aesthetics\/","title":{"rendered":"Haori uld sort Zen-\u00e6stetik"},"content":{"rendered":"","protected":false},"excerpt":{"rendered":"<p>Denne h\u00e5ndlavede haori i sort uld er et udtryk for minimalismen i japansk *Zen* og charmen ved *wabi-sabi*, en filosofi, der hylder enkelhed. Den tidl\u00f8se sorte farve fremh\u00e6ver designets autenticitet og udstr\u00e5ler en rolig, underspillet elegance, der passer perfekt til den omhyggelige v\u00e6vekvalitet.<\/p>\n<p>Denne haori er en unik tilf\u00f8jelse til garderoben for elskere af japansk \u00e6stetik og tilbyder komfort og elegance. Med sin underspillede stil omfavner den balancen mellem funktionalitet og harmoni og er ideel til alle \u00e5rstider.<\/p>\n<p>Stoffet *cool wool* i haori giver unikke fordele, da det holder kropstemperaturen i balance og giver k\u00f8lighed om sommeren og varme om vinteren. Denne karakteristiske egenskab ved uldv\u00e6vningen kombineret med den lette, luftige fornemmelse g\u00f8r haori ideel til alle \u00e5rstider. Uanset om den b\u00e6res i afslappede stunder eller ved formelle lejligheder, sikrer den s\u00e5ledes elegance og absolut komfort til enhver tid.<\/p>\n<p>Dens sammens\u00e6tning er 100%-uld.<\/p>\n<p>Modellen p\u00e5 billedet er 1,74 og b\u00e6rer Large.<\/p>","protected":false},"featured_media":12486,"comment_status":"open","ping_status":"closed","template":"","meta":{"_gspb_post_css":""},"product_brand":[],"product_cat":[114,66],"product_tag":[25,41],"class_list":{"0":"post-11281","1":"product","2":"type-product","3":"status-publish","4":"has-post-thumbnail","6":"product_cat-haori","7":"product_cat-66","8":"product_tag-haori","9":"product_tag-mens-kimonos","10":"pa_-large","11":"pa_-medium","12":"pa_-small","13":"pa_-xtra-large","14":"pa_-xxl","15":"pa_-85","17":"first","18":"instock","19":"taxable","20":"shipping-taxable","21":"purchasable","22":"product-type-variable"},"_links":{"self":[{"href":"https:\/\/mo-mo.gr\/da\/wp-json\/wp\/v2\/product\/11281","targetHints":{"allow":["GET"]}}],"collection":[{"href":"https:\/\/mo-mo.gr\/da\/wp-json\/wp\/v2\/product"}],"about":[{"href":"https:\/\/mo-mo.gr\/da\/wp-json\/wp\/v2\/types\/product"}],"replies":[{"embeddable":true,"href":"https:\/\/mo-mo.gr\/da\/wp-json\/wp\/v2\/comments?post=11281"}],"wp:featuredmedia":[{"embeddable":true,"href":"https:\/\/mo-mo.gr\/da\/wp-json\/wp\/v2\/media\/12486"}],"wp:attachment":[{"href":"https:\/\/mo-mo.gr\/da\/wp-json\/wp\/v2\/media?parent=11281"}],"wp:term":[{"taxonomy":"product_brand","embeddable":true,"href":"https:\/\/mo-mo.gr\/da\/wp-json\/wp\/v2\/product_brand?post=11281"},{"taxonomy":"product_cat","embeddable":true,"href":"https:\/\/mo-mo.gr\/da\/wp-json\/wp\/v2\/product_cat?post=11281"},{"taxonomy":"product_tag","embeddable":true,"href":"https:\/\/mo-mo.gr\/da\/wp-json\/wp\/v2\/product_tag?post=11281"}],"curies":[{"name":"wp","href":"https:\/\/api.w.org\/{rel}","templated":true}]}}