{"id":11271,"date":"2024-11-03T13:33:56","date_gmt":"2024-11-03T13:33:56","guid":{"rendered":"https:\/\/mo-mo.gr\/product\/teal-short-haori-with-yukata-sleeves\/"},"modified":"2026-04-09T16:35:39","modified_gmt":"2026-04-09T13:35:39","slug":"blagron-kort-haori-med-yukata-aermer","status":"publish","type":"product","link":"https:\/\/mo-mo.gr\/da\/\u03c0\u03c1\u03bf\u03ca\u03cc\u03bd\u03c4\u03b1\/teal-short-haori-with-yukata-sleeves\/","title":{"rendered":"Bl\u00e5gr\u00f8n kort haori med Yukata-\u00e6rmer"},"content":{"rendered":"","protected":false},"excerpt":{"rendered":"<p>Denne unikke *haori* kommer i en lys bl\u00e5gr\u00f8n farve, der tilf\u00f8jer et dristigt touch til den traditionelle japanske \u00e6stetik. Den er lavet af \u00f8kologisk bomuld og er h\u00e5ndlavet, hvilket sikrer detaljer og kvalitet i hvert eneste sting. Forsiden er prydet med dybe smaragdfarvede detaljer, der skaber en sl\u00e5ende kontrast til den livlige bl\u00e5gr\u00f8nne farve og giver t\u00f8jet en unik karakter og et luksuri\u00f8st udtryk.<\/p>\n<p>Med *yukata*-\u00e6rmer kombinerer denne *haori* det traditionelle med det moderne, og dens one size-st\u00f8rrelse giver komfort og bev\u00e6gelsesfrihed. Teksturen i den \u00f8kologiske bomuld er bl\u00f8d mod huden og g\u00f8r den perfekt til enhver \u00e5rstid og lejlighed. Farven, der er inspireret af naturens rene toner, giver den en forfriskende fornemmelse, der passer perfekt til ethvert look.<\/p>\n<p>L\u00e6ngden er inspireret af den koreanske *hanbok* og giver en mere elegant og alsidig tilgang til traditionelt japansk t\u00f8j. Uanset om den b\u00e6res over et afslappet eller formelt look, fremh\u00e6ver *Petrol Short Haori* den asiatiske modes unikke karakter og bliver det ultimative statement i din kollektion.<\/p>","protected":false},"featured_media":12479,"comment_status":"open","ping_status":"closed","template":"","meta":{"_gspb_post_css":""},"product_brand":[],"product_cat":[114,66],"product_tag":[25,56],"class_list":{"0":"post-11271","1":"product","2":"type-product","3":"status-publish","4":"has-post-thumbnail","6":"product_cat-haori","7":"product_cat-66","8":"product_tag-haori","9":"product_tag-womans-kimonos","10":"pa_-one-size","11":"pa_-petrol","13":"first","14":"instock","15":"taxable","16":"shipping-taxable","17":"purchasable","18":"product-type-variable"},"_links":{"self":[{"href":"https:\/\/mo-mo.gr\/da\/wp-json\/wp\/v2\/product\/11271","targetHints":{"allow":["GET"]}}],"collection":[{"href":"https:\/\/mo-mo.gr\/da\/wp-json\/wp\/v2\/product"}],"about":[{"href":"https:\/\/mo-mo.gr\/da\/wp-json\/wp\/v2\/types\/product"}],"replies":[{"embeddable":true,"href":"https:\/\/mo-mo.gr\/da\/wp-json\/wp\/v2\/comments?post=11271"}],"wp:featuredmedia":[{"embeddable":true,"href":"https:\/\/mo-mo.gr\/da\/wp-json\/wp\/v2\/media\/12479"}],"wp:attachment":[{"href":"https:\/\/mo-mo.gr\/da\/wp-json\/wp\/v2\/media?parent=11271"}],"wp:term":[{"taxonomy":"product_brand","embeddable":true,"href":"https:\/\/mo-mo.gr\/da\/wp-json\/wp\/v2\/product_brand?post=11271"},{"taxonomy":"product_cat","embeddable":true,"href":"https:\/\/mo-mo.gr\/da\/wp-json\/wp\/v2\/product_cat?post=11271"},{"taxonomy":"product_tag","embeddable":true,"href":"https:\/\/mo-mo.gr\/da\/wp-json\/wp\/v2\/product_tag?post=11271"}],"curies":[{"name":"wp","href":"https:\/\/api.w.org\/{rel}","templated":true}]}}