{"id":11263,"date":"2024-11-03T13:21:09","date_gmt":"2024-11-03T13:21:09","guid":{"rendered":"https:\/\/mo-mo.gr\/product\/fuchsia-short-haori-with-yukata-sleeves\/"},"modified":"2026-04-09T16:39:39","modified_gmt":"2026-04-09T13:39:39","slug":"fuchsia-kort-haori-med-yukata-aermer","status":"publish","type":"product","link":"https:\/\/mo-mo.gr\/da\/\u03c0\u03c1\u03bf\u03ca\u03cc\u03bd\u03c4\u03b1\/fuchsia-short-haori-with-yukata-sleeves\/","title":{"rendered":"Fuchsia kort haori med Yukata-\u00e6rmer"},"content":{"rendered":"","protected":false},"excerpt":{"rendered":"<p>Fuchsia Short Haori with Yukata Sleeves er et unikt stykke \u00f8kologisk bomuld, der kombinerer traditionelt japansk h\u00e5ndv\u00e6rk med moderne \u00e6stetik. Den fuchsiafarvede bund kombineret med subtile smaragddetaljer p\u00e5 forsiden giver dit outfit et karakteristisk pr\u00e6g, der understreger elegance og stil.<\/p>\n<p>Denne haori er h\u00e5ndlavet med fokus p\u00e5 alle detaljer og har yukata-\u00e6rmer, der giver komfort og bev\u00e6gelse, hvilket g\u00f8r den perfekt til alle lejligheder. Den \u00f8kologiske bomuld giver den bl\u00f8dhed og holdbarhed, mens den livlige fuchsiafarve skaber en f\u00f8lelse af fornyelse og livlighed i ethvert look.<\/p>\n<p>L\u00e6ngden p\u00e5 **Fuchsia Short Haori with Yukata Sleeves** er inspireret af den traditionelle koreanske *hanbok* og tilf\u00f8jer et sofistikeret touch, der kombinerer kulturelle elementer fra Japan og Korea. Denne unikke l\u00e6ngde giver haori en moderne karakter, der g\u00f8r den ideel til at kombinere med forskellige outfits og giver bev\u00e6gelsesfrihed og en flerdimensionel stil, der hylder Asiens \u00e6stetiske tradition.<\/p>\n<p>Haori er syet i \u00e9n st\u00f8rrelse.<\/p>","protected":false},"featured_media":12472,"comment_status":"open","ping_status":"closed","template":"","meta":{"_gspb_post_css":""},"product_brand":[],"product_cat":[114,66],"product_tag":[25,56],"class_list":{"0":"post-11263","1":"product","2":"type-product","3":"status-publish","4":"has-post-thumbnail","6":"product_cat-haori","7":"product_cat-66","8":"product_tag-haori","9":"product_tag-womans-kimonos","10":"pa_-one-size","11":"pa_-100","13":"first","14":"instock","15":"taxable","16":"shipping-taxable","17":"purchasable","18":"product-type-variable"},"_links":{"self":[{"href":"https:\/\/mo-mo.gr\/da\/wp-json\/wp\/v2\/product\/11263","targetHints":{"allow":["GET"]}}],"collection":[{"href":"https:\/\/mo-mo.gr\/da\/wp-json\/wp\/v2\/product"}],"about":[{"href":"https:\/\/mo-mo.gr\/da\/wp-json\/wp\/v2\/types\/product"}],"replies":[{"embeddable":true,"href":"https:\/\/mo-mo.gr\/da\/wp-json\/wp\/v2\/comments?post=11263"}],"wp:featuredmedia":[{"embeddable":true,"href":"https:\/\/mo-mo.gr\/da\/wp-json\/wp\/v2\/media\/12472"}],"wp:attachment":[{"href":"https:\/\/mo-mo.gr\/da\/wp-json\/wp\/v2\/media?parent=11263"}],"wp:term":[{"taxonomy":"product_brand","embeddable":true,"href":"https:\/\/mo-mo.gr\/da\/wp-json\/wp\/v2\/product_brand?post=11263"},{"taxonomy":"product_cat","embeddable":true,"href":"https:\/\/mo-mo.gr\/da\/wp-json\/wp\/v2\/product_cat?post=11263"},{"taxonomy":"product_tag","embeddable":true,"href":"https:\/\/mo-mo.gr\/da\/wp-json\/wp\/v2\/product_tag?post=11263"}],"curies":[{"name":"wp","href":"https:\/\/api.w.org\/{rel}","templated":true}]}}