{"id":11256,"date":"2024-11-02T14:31:16","date_gmt":"2024-11-02T14:31:16","guid":{"rendered":"https:\/\/mo-mo.gr\/product\/traditional-japanese-haori-in-khaki-beige\/"},"modified":"2025-03-05T11:34:41","modified_gmt":"2025-03-05T09:34:41","slug":"traditionel-japansk-haori-i-khakibeige","status":"publish","type":"product","link":"https:\/\/mo-mo.gr\/da\/\u03c0\u03c1\u03bf\u03ca\u03cc\u03bd\u03c4\u03b1\/traditional-japanese-haori-in-khaki-beige\/","title":{"rendered":"Traditionel japansk haori i khakibeige"},"content":{"rendered":"","protected":false},"excerpt":{"rendered":"<p>Den traditionelle *haori* i khaki-beige nuance er lavet af en rayon- og bomuldsblanding af h\u00f8j kvalitet, der sikrer komfort og en naturlig fornemmelse. Den er syet i Japan og giver et autentisk strejf af asiatisk kultur og elegance, samtidig med at den omhyggeligt vedligeholdes og reng\u00f8res med \u00f8kologiske metoder af MOMO KIDOHO, s\u00e5 den holdes i perfekt stand.<\/p>\n<p>Denne *haori* er ideel til at forbedre dit hverdagslook eller til at give dine udflugter et strejf af tradition og elegance, og den er et samlerobjekt for dem, der s\u00f8ger autenticiteten i japansk tradition med moderne pleje.<\/p>\n<p>St\u00f8rrelsen er One Size.<\/p>\n<p>Haori er en traditionel japansk bekl\u00e6dningsgenstand, der udm\u00e6rker sig ved sin diskrete elegance og kulturelle v\u00e6rdi. Oprindeligt blev den b\u00e5ret som en let frakke af samuraierne for at beskytte dem mod vejret, og senere udviklede den sig til en bekl\u00e6dningsgenstand, der kombinerede anvendelighed og h\u00f8j \u00e6stetik. I l\u00f8bet af det 20. \u00e5rhundrede blev haori meget udbredt og blev b\u00e5ret af m\u00e6nd og kvinder ved formelle lejligheder og i hverdagen, som regel over kimonoen. I dag er haori bevaret som et symbol p\u00e5 tradition og b\u00e6res enten som en frakke ved s\u00e6rlige lejligheder eller inkorporeres i moderne mode og b\u00e6rer en aura af autentisk japansk kultur i hvert eneste look.<\/p>","protected":false},"featured_media":12466,"comment_status":"open","ping_status":"closed","template":"","meta":{"_gspb_post_css":""},"product_brand":[],"product_cat":[114,66],"product_tag":[25,41,56],"class_list":{"0":"post-11256","1":"product","2":"type-product","3":"status-publish","4":"has-post-thumbnail","6":"product_cat-haori","7":"product_cat-66","8":"product_tag-haori","9":"product_tag-mens-kimonos","10":"product_tag-womans-kimonos","11":"pa_-large-xlarge","12":"pa_-81","14":"first","15":"outofstock","16":"taxable","17":"shipping-taxable","18":"purchasable","19":"product-type-simple"},"_links":{"self":[{"href":"https:\/\/mo-mo.gr\/da\/wp-json\/wp\/v2\/product\/11256","targetHints":{"allow":["GET"]}}],"collection":[{"href":"https:\/\/mo-mo.gr\/da\/wp-json\/wp\/v2\/product"}],"about":[{"href":"https:\/\/mo-mo.gr\/da\/wp-json\/wp\/v2\/types\/product"}],"replies":[{"embeddable":true,"href":"https:\/\/mo-mo.gr\/da\/wp-json\/wp\/v2\/comments?post=11256"}],"wp:featuredmedia":[{"embeddable":true,"href":"https:\/\/mo-mo.gr\/da\/wp-json\/wp\/v2\/media\/12466"}],"wp:attachment":[{"href":"https:\/\/mo-mo.gr\/da\/wp-json\/wp\/v2\/media?parent=11256"}],"wp:term":[{"taxonomy":"product_brand","embeddable":true,"href":"https:\/\/mo-mo.gr\/da\/wp-json\/wp\/v2\/product_brand?post=11256"},{"taxonomy":"product_cat","embeddable":true,"href":"https:\/\/mo-mo.gr\/da\/wp-json\/wp\/v2\/product_cat?post=11256"},{"taxonomy":"product_tag","embeddable":true,"href":"https:\/\/mo-mo.gr\/da\/wp-json\/wp\/v2\/product_tag?post=11256"}],"curies":[{"name":"wp","href":"https:\/\/api.w.org\/{rel}","templated":true}]}}