{"id":11224,"date":"2024-10-19T11:09:26","date_gmt":"2024-10-19T11:09:26","guid":{"rendered":"https:\/\/mo-mo.gr\/product\/japanese-sweatshirt-noodles\/"},"modified":"2025-03-05T11:33:55","modified_gmt":"2025-03-05T09:33:55","slug":"japansk-sweatshirt-nudler","status":"publish","type":"product","link":"https:\/\/mo-mo.gr\/da\/\u03c0\u03c1\u03bf\u03ca\u03cc\u03bd\u03c4\u03b1\/japanese-sweatshirt-noodles\/","title":{"rendered":"Japanske sweatshirt-nudler"},"content":{"rendered":"","protected":false},"excerpt":{"rendered":"<p>Japanske sweatshirt-nudler<\/p>\n<p>Denne sorte sweatshirt er det perfekte valg for dem, der elsker varme, komfort og selvf\u00f8lgelig asiatisk kultur. Med et sl\u00e5ende billede af nudler p\u00e5 ryggen udstr\u00e5ler den den l\u00e6kre fornemmelse af det japanske og asiatiske k\u00f8kken. Dette design er ikke kun et elegant statement, men ogs\u00e5 et udtryk for k\u00e6rlighed til \u00d8stens smage og aromaer med en legende og moderne karakter.<\/p>\n<p>Denne sweatshirt er lavet af bl\u00f8dt materiale af h\u00f8j kvalitet og giver varme og holdbarhed, ideelt til hverdagsbrug. Den behagelige pasform g\u00f8r den perfekt til afslappede udflugter, mens nudelprintet g\u00f8r den uimodst\u00e5elig for enhver, der elsker asiatisk kultur. Det er et stilfuldt og praktisk valg, der kombinerer stil med smag, b\u00e5de bogstaveligt og i overf\u00f8rt betydning.<\/p>","protected":false},"featured_media":12455,"comment_status":"open","ping_status":"closed","template":"","meta":{"_gspb_post_css":""},"product_brand":[],"product_cat":[111],"product_tag":[],"class_list":{"0":"post-11224","1":"product","2":"type-product","3":"status-publish","4":"has-post-thumbnail","6":"product_cat-111","7":"pa_-large","8":"pa_-medium","9":"pa_-small","10":"pa_-xtra-large","11":"pa_-xtra-small","12":"pa_-xxl","14":"first","15":"instock","16":"taxable","17":"shipping-taxable","18":"purchasable","19":"product-type-variable"},"_links":{"self":[{"href":"https:\/\/mo-mo.gr\/da\/wp-json\/wp\/v2\/product\/11224","targetHints":{"allow":["GET"]}}],"collection":[{"href":"https:\/\/mo-mo.gr\/da\/wp-json\/wp\/v2\/product"}],"about":[{"href":"https:\/\/mo-mo.gr\/da\/wp-json\/wp\/v2\/types\/product"}],"replies":[{"embeddable":true,"href":"https:\/\/mo-mo.gr\/da\/wp-json\/wp\/v2\/comments?post=11224"}],"wp:featuredmedia":[{"embeddable":true,"href":"https:\/\/mo-mo.gr\/da\/wp-json\/wp\/v2\/media\/12455"}],"wp:attachment":[{"href":"https:\/\/mo-mo.gr\/da\/wp-json\/wp\/v2\/media?parent=11224"}],"wp:term":[{"taxonomy":"product_brand","embeddable":true,"href":"https:\/\/mo-mo.gr\/da\/wp-json\/wp\/v2\/product_brand?post=11224"},{"taxonomy":"product_cat","embeddable":true,"href":"https:\/\/mo-mo.gr\/da\/wp-json\/wp\/v2\/product_cat?post=11224"},{"taxonomy":"product_tag","embeddable":true,"href":"https:\/\/mo-mo.gr\/da\/wp-json\/wp\/v2\/product_tag?post=11224"}],"curies":[{"name":"wp","href":"https:\/\/api.w.org\/{rel}","templated":true}]}}