{"id":11212,"date":"2024-10-18T20:36:06","date_gmt":"2024-10-18T20:36:06","guid":{"rendered":"https:\/\/mo-mo.gr\/product\/t-shirt-urban-tokyo-beige\/"},"modified":"2026-04-09T16:55:30","modified_gmt":"2026-04-09T13:55:30","slug":"t-shirt-urban-tokyo-beige","status":"publish","type":"product","link":"https:\/\/mo-mo.gr\/da\/\u03c0\u03c1\u03bf\u03ca\u03cc\u03bd\u03c4\u03b1\/t-shirt-urban-tokyo-beige\/","title":{"rendered":"T-shirt Urban Tokyo Beige"},"content":{"rendered":"","protected":false},"excerpt":{"rendered":"<p>T-shirt Urban Tokyo Beige<\/p>\n<p>Denne tee er lavet af 100%-bomuld, som giver bl\u00f8d tekstur og komfort, der holder hele dagen. Den beige farve giver den et naturligt og underspillet look, som g\u00f8r den nem at kombinere med mange forskellige stilarter og afslappede looks.<\/p>\n<p>P\u00e5 blusens forside er der en dynamisk illustration i knaldr\u00f8d, som indfanger Tokyos urbane atmosf\u00e6re. Designets moderne linjer og livlige farver skaber en karakteristisk \u00e6stetik, der tiltr\u00e6kker opm\u00e6rksomhed og giver karakter til ethvert s\u00e6t.<\/p>","protected":false},"featured_media":12450,"comment_status":"open","ping_status":"closed","template":"","meta":{"_gspb_post_css":""},"product_brand":[],"product_cat":[74,96],"product_tag":[],"class_list":{"0":"post-11212","1":"product","2":"type-product","3":"status-publish","4":"has-post-thumbnail","6":"product_cat-new","7":"product_cat-t-shirts","8":"pa_-large","9":"pa_-medium","10":"pa_-small","11":"pa_-xtra-large","12":"pa_-xtra-small","13":"pa_-xxl","14":"pa_-81","16":"first","17":"instock","18":"taxable","19":"shipping-taxable","20":"purchasable","21":"product-type-variable"},"_links":{"self":[{"href":"https:\/\/mo-mo.gr\/da\/wp-json\/wp\/v2\/product\/11212","targetHints":{"allow":["GET"]}}],"collection":[{"href":"https:\/\/mo-mo.gr\/da\/wp-json\/wp\/v2\/product"}],"about":[{"href":"https:\/\/mo-mo.gr\/da\/wp-json\/wp\/v2\/types\/product"}],"replies":[{"embeddable":true,"href":"https:\/\/mo-mo.gr\/da\/wp-json\/wp\/v2\/comments?post=11212"}],"wp:featuredmedia":[{"embeddable":true,"href":"https:\/\/mo-mo.gr\/da\/wp-json\/wp\/v2\/media\/12450"}],"wp:attachment":[{"href":"https:\/\/mo-mo.gr\/da\/wp-json\/wp\/v2\/media?parent=11212"}],"wp:term":[{"taxonomy":"product_brand","embeddable":true,"href":"https:\/\/mo-mo.gr\/da\/wp-json\/wp\/v2\/product_brand?post=11212"},{"taxonomy":"product_cat","embeddable":true,"href":"https:\/\/mo-mo.gr\/da\/wp-json\/wp\/v2\/product_cat?post=11212"},{"taxonomy":"product_tag","embeddable":true,"href":"https:\/\/mo-mo.gr\/da\/wp-json\/wp\/v2\/product_tag?post=11212"}],"curies":[{"name":"wp","href":"https:\/\/api.w.org\/{rel}","templated":true}]}}