{"id":11177,"date":"2024-10-18T16:59:39","date_gmt":"2024-10-18T16:59:39","guid":{"rendered":"https:\/\/mo-mo.gr\/product\/japanese-hoodie-pink-tiger-and-lillys\/"},"modified":"2025-03-05T11:33:25","modified_gmt":"2025-03-05T09:33:25","slug":"japansk-haettetroje-lyserod-tiger-og-lillys","status":"publish","type":"product","link":"https:\/\/mo-mo.gr\/da\/\u03c0\u03c1\u03bf\u03ca\u03cc\u03bd\u03c4\u03b1\/japanese-hoodie-pink-tiger-and-lillys\/","title":{"rendered":"Japansk h\u00e6ttetr\u00f8je Pink Tiger and Lillys"},"content":{"rendered":"","protected":false},"excerpt":{"rendered":"<p>Japansk h\u00e6ttetr\u00f8je Pink Tiger and Lillys<\/p>\n<p>Denne bl\u00f8de pink h\u00e6ttetr\u00f8je er en unik blanding af komfort og symbolik, fremstillet af 80% \u00f8kologisk bomuld og 20% genbrugspolyester, hvilket giver en bl\u00f8d og milj\u00f8venlig l\u00f8sning. P\u00e5 ryggen er der afbildet dynamiske tigerfigurer, som skaber en f\u00f8lelse af magt og frihed. Ved siden af tigrene st\u00e5r s\u00e6tningen \"\u864e\u306e\u5c3e\u3092\u8e0f\u3080\" (som betyder \"at tr\u00e6de p\u00e5 tigerens hale\"), der er en traditionel japansk m\u00e5de at udtrykke en advarsel om at undg\u00e5 farlige situationer med forsigtighed og omtanke.<\/p>\n<p>Den rosa farve p\u00e5 h\u00e6ttetr\u00f8jen skaber en elegant og venlig tone, som st\u00e5r i kontrast til tigernes energi og visdommen i den japanske s\u00e6tning. Den er perfekt til hverdagslooket og giver et strejf af orientalsk \u00e6stetik og dybere mening. Med dette design skiller h\u00e6ttetr\u00f8jen sig ud ved sin kvalitet og stil og kombinerer mode med Japans tradition og symbolske kunst.<\/p>","protected":false},"featured_media":12436,"comment_status":"open","ping_status":"closed","template":"","meta":{"_gspb_post_css":""},"product_brand":[],"product_cat":[74,111],"product_tag":[],"class_list":{"0":"post-11177","1":"product","2":"type-product","3":"status-publish","4":"has-post-thumbnail","6":"product_cat-new","7":"product_cat-111","8":"pa_-large","9":"pa_-medium","10":"pa_-small","11":"pa_-xtra-large","12":"pa_-xtra-small","13":"pa_-xxl","15":"first","16":"instock","17":"taxable","18":"shipping-taxable","19":"purchasable","20":"product-type-variable"},"_links":{"self":[{"href":"https:\/\/mo-mo.gr\/da\/wp-json\/wp\/v2\/product\/11177","targetHints":{"allow":["GET"]}}],"collection":[{"href":"https:\/\/mo-mo.gr\/da\/wp-json\/wp\/v2\/product"}],"about":[{"href":"https:\/\/mo-mo.gr\/da\/wp-json\/wp\/v2\/types\/product"}],"replies":[{"embeddable":true,"href":"https:\/\/mo-mo.gr\/da\/wp-json\/wp\/v2\/comments?post=11177"}],"wp:featuredmedia":[{"embeddable":true,"href":"https:\/\/mo-mo.gr\/da\/wp-json\/wp\/v2\/media\/12436"}],"wp:attachment":[{"href":"https:\/\/mo-mo.gr\/da\/wp-json\/wp\/v2\/media?parent=11177"}],"wp:term":[{"taxonomy":"product_brand","embeddable":true,"href":"https:\/\/mo-mo.gr\/da\/wp-json\/wp\/v2\/product_brand?post=11177"},{"taxonomy":"product_cat","embeddable":true,"href":"https:\/\/mo-mo.gr\/da\/wp-json\/wp\/v2\/product_cat?post=11177"},{"taxonomy":"product_tag","embeddable":true,"href":"https:\/\/mo-mo.gr\/da\/wp-json\/wp\/v2\/product_tag?post=11177"}],"curies":[{"name":"wp","href":"https:\/\/api.w.org\/{rel}","templated":true}]}}