{"id":11165,"date":"2024-10-17T17:21:52","date_gmt":"2024-10-17T17:21:52","guid":{"rendered":"https:\/\/mo-mo.gr\/product\/japanese-hoodie-black-tiger-and-lillys\/"},"modified":"2025-03-05T11:33:20","modified_gmt":"2025-03-05T09:33:20","slug":"japansk-haettetroje-sort-tiger-og-lillys","status":"publish","type":"product","link":"https:\/\/mo-mo.gr\/da\/\u03c0\u03c1\u03bf\u03ca\u03cc\u03bd\u03c4\u03b1\/japanese-hoodie-black-tiger-and-lillys\/","title":{"rendered":"Japansk h\u00e6ttetr\u00f8je Sort Tiger og Lillys"},"content":{"rendered":"","protected":false},"excerpt":{"rendered":"<p>Japansk h\u00e6ttetr\u00f8je Sort Tiger og Lillys<\/p>\n<p>Denne sorte h\u00e6ttetr\u00f8je er et sl\u00e5ende udtryk for japansk \u00e6stetik og naturens dynamik. Den er fremstillet af 80% \u00f8kologisk bomuld og 20% genbrugspolyester og giver bl\u00f8dhed og komfort, samtidig med at den er milj\u00f8venlig. P\u00e5 bagsiden af h\u00e6ttetr\u00f8jen ses tigre i bev\u00e6gelse, et symbol p\u00e5 styrke og mod, mens s\u00e6tningen \"\u864e\u306e\u5c3e\u3092\u8e0f\u3080\" (bogstaveligt talt \"at tr\u00e6de p\u00e5 tigerens hale\") hentyder til dristige og forsigtige tr\u00e6k i livet, inspireret af det japanske ordsprog, der betyder at g\u00f8re noget farligt med stor forsigtighed.<\/p>\n<p>Den sorte farve p\u00e5 h\u00e6ttetr\u00f8jen f\u00e5r tigerdetaljerne til at tr\u00e6de endnu mere frem og giver det samlede design et st\u00e6rkt og mystisk pr\u00e6g. Den er perfekt til dem, der gerne vil skille sig ud med et statement-item, der udtrykker japansk kultur og de vilde dyrs symbolske intensitet. Uanset om det er til et afslappet look eller en mere stilfuld tilstedev\u00e6relse, kombinerer denne h\u00e6ttetr\u00f8je komfort med \u00e6stetik og bliver det ultimative stykke t\u00f8j for enhver, der elsker japansk kunst og tradition.<\/p>","protected":false},"featured_media":12431,"comment_status":"open","ping_status":"closed","template":"","meta":{"_gspb_post_css":""},"product_brand":[],"product_cat":[74,111],"product_tag":[],"class_list":{"0":"post-11165","1":"product","2":"type-product","3":"status-publish","4":"has-post-thumbnail","6":"product_cat-new","7":"product_cat-111","8":"pa_-large","9":"pa_-medium","10":"pa_-small","11":"pa_-xtra-large","12":"pa_-xtra-small","13":"pa_-xxl","15":"first","16":"instock","17":"taxable","18":"shipping-taxable","19":"purchasable","20":"product-type-variable"},"_links":{"self":[{"href":"https:\/\/mo-mo.gr\/da\/wp-json\/wp\/v2\/product\/11165","targetHints":{"allow":["GET"]}}],"collection":[{"href":"https:\/\/mo-mo.gr\/da\/wp-json\/wp\/v2\/product"}],"about":[{"href":"https:\/\/mo-mo.gr\/da\/wp-json\/wp\/v2\/types\/product"}],"replies":[{"embeddable":true,"href":"https:\/\/mo-mo.gr\/da\/wp-json\/wp\/v2\/comments?post=11165"}],"wp:featuredmedia":[{"embeddable":true,"href":"https:\/\/mo-mo.gr\/da\/wp-json\/wp\/v2\/media\/12431"}],"wp:attachment":[{"href":"https:\/\/mo-mo.gr\/da\/wp-json\/wp\/v2\/media?parent=11165"}],"wp:term":[{"taxonomy":"product_brand","embeddable":true,"href":"https:\/\/mo-mo.gr\/da\/wp-json\/wp\/v2\/product_brand?post=11165"},{"taxonomy":"product_cat","embeddable":true,"href":"https:\/\/mo-mo.gr\/da\/wp-json\/wp\/v2\/product_cat?post=11165"},{"taxonomy":"product_tag","embeddable":true,"href":"https:\/\/mo-mo.gr\/da\/wp-json\/wp\/v2\/product_tag?post=11165"}],"curies":[{"name":"wp","href":"https:\/\/api.w.org\/{rel}","templated":true}]}}