{"id":11154,"date":"2024-10-14T11:06:33","date_gmt":"2024-10-14T11:06:33","guid":{"rendered":"https:\/\/mo-mo.gr\/product\/japanese-hoodie-heaven-in-black\/"},"modified":"2025-03-05T11:33:14","modified_gmt":"2025-03-05T09:33:14","slug":"japansk-haettetroje-heaven-i-sort","status":"publish","type":"product","link":"https:\/\/mo-mo.gr\/da\/\u03c0\u03c1\u03bf\u03ca\u03cc\u03bd\u03c4\u03b1\/japanese-hoodie-heaven-in-black\/","title":{"rendered":"Japansk h\u00e6ttetr\u00f8je Heaven i Sort"},"content":{"rendered":"","protected":false},"excerpt":{"rendered":"<p>Japansk h\u00e6ttetr\u00f8je Heaven i Sort<\/p>\n<p>Den sorte h\u00e6ttetr\u00f8je kombinerer autenticiteten i japansk \u00e6stetik med elegancen og tidl\u00f8sheden i sort. Den er fremstillet af 80% \u00f8kologisk bomuld og 20% genbrugspolyester og giver bl\u00f8dhed, komfort og holdbarhed, samtidig med at den er milj\u00f8venlig. S\u00e6tningen \"Paradise\" p\u00e5 japansk (skrevet med Katakana-skrift) pryder forsiden og giver en f\u00f8lelse af ro og frihed. Japanske blomsterdetaljer og geisha-figuren tilf\u00f8rer et strejf af kunstnerisk raffinement.<\/p>\n<p>H\u00e6ttetr\u00f8jens sorte nuance g\u00f8r den ideel til alle lejligheder, fra afslappede hverdagslooks til mere specielle lejligheder. Det omhyggelige valg af materialer og det unikke design sikrer, at den skiller sig ud som det ultimative statement piece i din garderobe. Denne h\u00e6ttetr\u00f8je kombinerer tradition og moderne \u00e6stetik og tilf\u00f8rer et strejf af Japan til alle dine looks.<\/p>","protected":false},"featured_media":12427,"comment_status":"open","ping_status":"closed","template":"","meta":{"_gspb_post_css":""},"product_brand":[],"product_cat":[74,111],"product_tag":[],"class_list":{"0":"post-11154","1":"product","2":"type-product","3":"status-publish","4":"has-post-thumbnail","6":"product_cat-new","7":"product_cat-111","8":"pa_-large","9":"pa_-medium","10":"pa_-small","11":"pa_-xtra-large","12":"pa_-xtra-small","13":"pa_-xxl","15":"first","16":"instock","17":"taxable","18":"shipping-taxable","19":"purchasable","20":"product-type-variable"},"_links":{"self":[{"href":"https:\/\/mo-mo.gr\/da\/wp-json\/wp\/v2\/product\/11154","targetHints":{"allow":["GET"]}}],"collection":[{"href":"https:\/\/mo-mo.gr\/da\/wp-json\/wp\/v2\/product"}],"about":[{"href":"https:\/\/mo-mo.gr\/da\/wp-json\/wp\/v2\/types\/product"}],"replies":[{"embeddable":true,"href":"https:\/\/mo-mo.gr\/da\/wp-json\/wp\/v2\/comments?post=11154"}],"wp:featuredmedia":[{"embeddable":true,"href":"https:\/\/mo-mo.gr\/da\/wp-json\/wp\/v2\/media\/12427"}],"wp:attachment":[{"href":"https:\/\/mo-mo.gr\/da\/wp-json\/wp\/v2\/media?parent=11154"}],"wp:term":[{"taxonomy":"product_brand","embeddable":true,"href":"https:\/\/mo-mo.gr\/da\/wp-json\/wp\/v2\/product_brand?post=11154"},{"taxonomy":"product_cat","embeddable":true,"href":"https:\/\/mo-mo.gr\/da\/wp-json\/wp\/v2\/product_cat?post=11154"},{"taxonomy":"product_tag","embeddable":true,"href":"https:\/\/mo-mo.gr\/da\/wp-json\/wp\/v2\/product_tag?post=11154"}],"curies":[{"name":"wp","href":"https:\/\/api.w.org\/{rel}","templated":true}]}}