{"id":11143,"date":"2024-10-14T10:43:55","date_gmt":"2024-10-14T10:43:55","guid":{"rendered":"https:\/\/mo-mo.gr\/product\/japanese-hoodie-heaven-in-navy-color\/"},"modified":"2025-03-05T11:33:03","modified_gmt":"2025-03-05T09:33:03","slug":"japansk-haettetroje-heaven-i-marinebla-farve","status":"publish","type":"product","link":"https:\/\/mo-mo.gr\/da\/\u03c0\u03c1\u03bf\u03ca\u03cc\u03bd\u03c4\u03b1\/japanese-hoodie-heaven-in-navy-color\/","title":{"rendered":"Japansk h\u00e6ttetr\u00f8je Heaven i marinebl\u00e5 farve"},"content":{"rendered":"","protected":false},"excerpt":{"rendered":"<p>Den japanske h\u00e6ttetr\u00f8je-himmel<\/p>\n<p>Denne h\u00e6ttetr\u00f8je i en stilfuld French Navy-farve kombinerer komfort med Japans kunst og traditioner. Den er fremstillet af materialer af h\u00f8j kvalitet med en blanding af 80% \u00f8kologisk bomuld og 20% genbrugspolyester, som giver enest\u00e5ende bl\u00f8dhed og holdbarhed. P\u00e5 bagsiden st\u00e5r ordet \"Paradise\" i Katakana-skrift (\u30d1\u30e9\u30c0\u30a4\u30b9), hvilket giver en unik \u00e6stetik til udseendet. Designet suppleres af traditionelle japanske blomster, der blomstrer omkring en geisha-figur, hvilket skaber balance mellem den japanske kulturs elegance og kraft. Denne h\u00e6ttetr\u00f8je er perfekt til dem, der elsker japansk stil, og den bringer \"Paradis\" t\u00e6ttere p\u00e5 dig.<\/p>\n<p>H\u00e6ttetr\u00f8jen er designet med komfort og \u00e6stetik i tankerne, hvilket g\u00f8r den ideel til hverdagsbrug eller til mere specielle lejligheder. Den dybe French Navy-farve giver den en subtil elegance, mens den detaljerede afbildning af geishaer og japanske blomster tilf\u00f8jer et tydeligt, kunstnerisk pr\u00e6g, som helt sikkert vil v\u00e6kke opsigt. Bl\u00f8dheden fra \u00f8kologisk bomuld er kombineret med holdbarheden fra genbrugspolyester, hvilket giver et milj\u00f8venligt produkt, der ikke g\u00e5r p\u00e5 kompromis med kvaliteten. Uanset om du bruger den med afslappet t\u00f8j eller sammen med noget mere stilfuldt, vil denne h\u00e6ttetr\u00f8je blive din favorit til enhver lejlighed.<\/p>","protected":false},"featured_media":12423,"comment_status":"open","ping_status":"closed","template":"","meta":{"_gspb_post_css":""},"product_brand":[],"product_cat":[74,111],"product_tag":[],"class_list":{"0":"post-11143","1":"product","2":"type-product","3":"status-publish","4":"has-post-thumbnail","6":"product_cat-new","7":"product_cat-111","8":"pa_-large","9":"pa_-medium","10":"pa_-small","11":"pa_-xtra-large","12":"pa_-xtra-small","13":"pa_-xxl","15":"first","16":"instock","17":"taxable","18":"shipping-taxable","19":"purchasable","20":"product-type-variable"},"_links":{"self":[{"href":"https:\/\/mo-mo.gr\/da\/wp-json\/wp\/v2\/product\/11143","targetHints":{"allow":["GET"]}}],"collection":[{"href":"https:\/\/mo-mo.gr\/da\/wp-json\/wp\/v2\/product"}],"about":[{"href":"https:\/\/mo-mo.gr\/da\/wp-json\/wp\/v2\/types\/product"}],"replies":[{"embeddable":true,"href":"https:\/\/mo-mo.gr\/da\/wp-json\/wp\/v2\/comments?post=11143"}],"wp:featuredmedia":[{"embeddable":true,"href":"https:\/\/mo-mo.gr\/da\/wp-json\/wp\/v2\/media\/12423"}],"wp:attachment":[{"href":"https:\/\/mo-mo.gr\/da\/wp-json\/wp\/v2\/media?parent=11143"}],"wp:term":[{"taxonomy":"product_brand","embeddable":true,"href":"https:\/\/mo-mo.gr\/da\/wp-json\/wp\/v2\/product_brand?post=11143"},{"taxonomy":"product_cat","embeddable":true,"href":"https:\/\/mo-mo.gr\/da\/wp-json\/wp\/v2\/product_cat?post=11143"},{"taxonomy":"product_tag","embeddable":true,"href":"https:\/\/mo-mo.gr\/da\/wp-json\/wp\/v2\/product_tag?post=11143"}],"curies":[{"name":"wp","href":"https:\/\/api.w.org\/{rel}","templated":true}]}}