{"id":11132,"date":"2024-10-01T16:53:42","date_gmt":"2024-10-01T16:53:42","guid":{"rendered":"https:\/\/mo-mo.gr\/product\/hoodie-ying-yang-koi-fish-in-black\/"},"modified":"2025-03-01T00:00:03","modified_gmt":"2025-02-28T22:00:03","slug":"haettetroje-ying-yang-koi-fisk-i-sort","status":"publish","type":"product","link":"https:\/\/mo-mo.gr\/da\/\u03c0\u03c1\u03bf\u03ca\u03cc\u03bd\u03c4\u03b1\/hoodie-ying-yang-koi-fish-in-black\/","title":{"rendered":"H\u00e6ttetr\u00f8je Ying Yang Koi Fish i sort"},"content":{"rendered":"","protected":false},"excerpt":{"rendered":"<p>H\u00e6ttetr\u00f8je Ying Yang Koi Fish i sort<\/p>\n<p>Oplev Ying Yang Koi Fish Hoodie, en h\u00e6ttetr\u00f8je, der kombinerer komfort med traditionel japansk \u00e6stetik. Designet viser to koi-fisk i yin yang-stil, som symboliserer balance, harmoni og livets str\u00f8m. Denne h\u00e6ttetr\u00f8je i klassisk sort er lavet af bl\u00f8d og varm bomuld og er perfekt til hverdagsbrug eller afslappede udflugter.<\/p>\n<p>Detaljerne i designet er af fremragende kvalitet med en st\u00e6rk kontrast mellem den sorte baggrund og fiskens lilla-bl\u00e5 m\u00f8nster. H\u00e6tten giver ekstra komfort og stil, mens de store lommer er praktiske. Et stykke t\u00f8j, der kombinerer moderne streetwear med elementer fra traditionel kunst.<\/p>\n<p>Ideel til dem, der elsker koi-fiskens dybe symbolv\u00e6rdi og den stil, der er indbegrebet af Japans kultur.<\/p>","protected":false},"featured_media":12419,"comment_status":"open","ping_status":"open","template":"","meta":{"_gspb_post_css":""},"product_brand":[],"product_cat":[74,111],"product_tag":[],"class_list":{"0":"post-11132","1":"product","2":"type-product","3":"status-publish","4":"has-post-thumbnail","6":"product_cat-new","7":"product_cat-111","8":"pa_-large","9":"pa_-medium","10":"pa_-small","11":"pa_-xtra-large","12":"pa_-xtra-small","13":"pa_-xxl","15":"first","16":"instock","17":"taxable","18":"shipping-taxable","19":"purchasable","20":"product-type-variable"},"_links":{"self":[{"href":"https:\/\/mo-mo.gr\/da\/wp-json\/wp\/v2\/product\/11132","targetHints":{"allow":["GET"]}}],"collection":[{"href":"https:\/\/mo-mo.gr\/da\/wp-json\/wp\/v2\/product"}],"about":[{"href":"https:\/\/mo-mo.gr\/da\/wp-json\/wp\/v2\/types\/product"}],"replies":[{"embeddable":true,"href":"https:\/\/mo-mo.gr\/da\/wp-json\/wp\/v2\/comments?post=11132"}],"wp:featuredmedia":[{"embeddable":true,"href":"https:\/\/mo-mo.gr\/da\/wp-json\/wp\/v2\/media\/12419"}],"wp:attachment":[{"href":"https:\/\/mo-mo.gr\/da\/wp-json\/wp\/v2\/media?parent=11132"}],"wp:term":[{"taxonomy":"product_brand","embeddable":true,"href":"https:\/\/mo-mo.gr\/da\/wp-json\/wp\/v2\/product_brand?post=11132"},{"taxonomy":"product_cat","embeddable":true,"href":"https:\/\/mo-mo.gr\/da\/wp-json\/wp\/v2\/product_cat?post=11132"},{"taxonomy":"product_tag","embeddable":true,"href":"https:\/\/mo-mo.gr\/da\/wp-json\/wp\/v2\/product_tag?post=11132"}],"curies":[{"name":"wp","href":"https:\/\/api.w.org\/{rel}","templated":true}]}}