{"id":11120,"date":"2024-09-18T14:56:32","date_gmt":"2024-09-18T14:56:32","guid":{"rendered":"https:\/\/mo-mo.gr\/product\/korean-sweatshirt-cats-choose-us\/"},"modified":"2025-03-01T00:00:03","modified_gmt":"2025-02-28T22:00:03","slug":"koreanske-sweatshirt-katte-vaelger-os","status":"publish","type":"product","link":"https:\/\/mo-mo.gr\/da\/\u03c0\u03c1\u03bf\u03ca\u03cc\u03bd\u03c4\u03b1\/korean-sweatshirt-cats-choose-us\/","title":{"rendered":"Koreanske sweatshirt-katte v\u00e6lger os"},"content":{"rendered":"","protected":false},"excerpt":{"rendered":"<p>Koreanske sweatshirtkatte v\u00e6lger os, vi ejer dem ikke.<\/p>\n<p>Den hvide sweatshirt med ordene \"\uace0\uc591\uc774\ub294 \uc6b0\ub9ac\ub97c \uc120\ud0dd\ud558\uc9c0, \uc6b0\ub9ac\uac00 \uace0\uc591\uc774\ub97c \uc18c\uc720\ud558\ub294 \uac83\uc774 \uc544\ub2c8\uc5d0\uc694.\" er det ultimative valg for katteelskere, som vil udtrykke deres k\u00e6rlighed med stil. P\u00e5 forsiden er denne s\u00e6tning, som kan overs\u00e6ttes til \"Katte v\u00e6lger os, vi ejer dem ikke\", skrevet med sort skrift, hvilket skaber en smuk kontrast til det hvide stof p\u00e5 sweatshirten.<\/p>\n<p>Sweatshirten er lavet af bomuldsstof af h\u00f8j kvalitet, som f\u00f8les bl\u00f8dt mod huden og giver varig komfort. Den klassiske og afslappede pasform g\u00f8r den ideel til hverdagsbrug, mens den bl\u00f8de foring sikrer varme p\u00e5 kolde dage. Sweatshirten er designet med sans for detaljer, herunder forst\u00e6rkede s\u00f8mme og en fremragende pasform, der ikke mister sin form, selv efter flere vaske.<\/p>\n<p>Denne sweatshirt kombinerer funktionalitet med personligt udtryk, hvilket g\u00f8r den ideel til enhver katteelsker, der \u00f8nsker at vise sin k\u00e6rlighed til sine elskede firbenede venner. Uanset om du har den p\u00e5 til en g\u00e5tur eller en afslappende dag derhjemme, vil denne sweatshirt holde dig med selskab i komfort og stil.<\/p>","protected":false},"featured_media":12414,"comment_status":"open","ping_status":"open","template":"","meta":{"_gspb_post_css":""},"product_brand":[],"product_cat":[74,111],"product_tag":[],"class_list":{"0":"post-11120","1":"product","2":"type-product","3":"status-publish","4":"has-post-thumbnail","6":"product_cat-new","7":"product_cat-111","8":"pa_-large","9":"pa_-medium","10":"pa_-small","11":"pa_-xtra-large","12":"pa_-xtra-small","13":"pa_-xxl","15":"first","16":"instock","17":"taxable","18":"shipping-taxable","19":"purchasable","20":"product-type-variable"},"_links":{"self":[{"href":"https:\/\/mo-mo.gr\/da\/wp-json\/wp\/v2\/product\/11120","targetHints":{"allow":["GET"]}}],"collection":[{"href":"https:\/\/mo-mo.gr\/da\/wp-json\/wp\/v2\/product"}],"about":[{"href":"https:\/\/mo-mo.gr\/da\/wp-json\/wp\/v2\/types\/product"}],"replies":[{"embeddable":true,"href":"https:\/\/mo-mo.gr\/da\/wp-json\/wp\/v2\/comments?post=11120"}],"wp:featuredmedia":[{"embeddable":true,"href":"https:\/\/mo-mo.gr\/da\/wp-json\/wp\/v2\/media\/12414"}],"wp:attachment":[{"href":"https:\/\/mo-mo.gr\/da\/wp-json\/wp\/v2\/media?parent=11120"}],"wp:term":[{"taxonomy":"product_brand","embeddable":true,"href":"https:\/\/mo-mo.gr\/da\/wp-json\/wp\/v2\/product_brand?post=11120"},{"taxonomy":"product_cat","embeddable":true,"href":"https:\/\/mo-mo.gr\/da\/wp-json\/wp\/v2\/product_cat?post=11120"},{"taxonomy":"product_tag","embeddable":true,"href":"https:\/\/mo-mo.gr\/da\/wp-json\/wp\/v2\/product_tag?post=11120"}],"curies":[{"name":"wp","href":"https:\/\/api.w.org\/{rel}","templated":true}]}}