{"id":11109,"date":"2024-09-18T13:38:13","date_gmt":"2024-09-18T13:38:13","guid":{"rendered":"https:\/\/mo-mo.gr\/product\/korean-sweatshirt-keep-the-faith\/"},"modified":"2025-03-01T00:00:03","modified_gmt":"2025-02-28T22:00:03","slug":"koreansk-sweatshirt-bevar-troen","status":"publish","type":"product","link":"https:\/\/mo-mo.gr\/da\/\u03c0\u03c1\u03bf\u03ca\u03cc\u03bd\u03c4\u03b1\/korean-sweatshirt-keep-the-faith\/","title":{"rendered":"Koreansk sweatshirt Keep the Faith"},"content":{"rendered":"","protected":false},"excerpt":{"rendered":"<p>Koreansk sweatshirt Keep the Faith<\/p>\n<p>Denne sorte sweatshirt kombinerer perfekt elegance med koreansk popkultur. Fronten domineres af den koreanske s\u00e6tning **\ud56d\uc0c1 \ubbff\uc74c\uc744 \uc720\uc9c0\ud558\uc790** (\"Bevar altid troen\") med et moderne, poppet design, der udstr\u00e5ler dynamik og stil. Den karakteristiske grafik tilf\u00f8jer farve og personlighed, hvilket g\u00f8r denne sweatshirt perfekt til dem, der elsker koreansk kultur og samtidig \u00f8nsker at udtrykke et dybt budskab om tro og udholdenhed.<\/p>\n<p>Den er fremstillet af bomuldsstof af h\u00f8j kvalitet, er ekstremt behagelig og opretholder balancen mellem mode og funktionalitet og er ideel til afslappet hverdagsbrug.<\/p>\n<p>Den er ideel til streetwear-looks, mens det behagelige og bl\u00f8de stof g\u00f8r den uundv\u00e6rlig til dine dovne dage eller endda til en aften i byen. Statement-designet giver en f\u00f8lelse af forbindelse til koreansk kultur, samtidig med at det kommunikerer et dybt og tidl\u00f8st budskab.<\/p>","protected":false},"featured_media":12410,"comment_status":"open","ping_status":"open","template":"","meta":{"_gspb_post_css":""},"product_brand":[],"product_cat":[74,111],"product_tag":[],"class_list":{"0":"post-11109","1":"product","2":"type-product","3":"status-publish","4":"has-post-thumbnail","6":"product_cat-new","7":"product_cat-111","8":"pa_-large","9":"pa_-medium","10":"pa_-small","11":"pa_-xtra-large","12":"pa_-xtra-small","13":"pa_-xxl","15":"first","16":"instock","17":"taxable","18":"shipping-taxable","19":"purchasable","20":"product-type-variable"},"_links":{"self":[{"href":"https:\/\/mo-mo.gr\/da\/wp-json\/wp\/v2\/product\/11109","targetHints":{"allow":["GET"]}}],"collection":[{"href":"https:\/\/mo-mo.gr\/da\/wp-json\/wp\/v2\/product"}],"about":[{"href":"https:\/\/mo-mo.gr\/da\/wp-json\/wp\/v2\/types\/product"}],"replies":[{"embeddable":true,"href":"https:\/\/mo-mo.gr\/da\/wp-json\/wp\/v2\/comments?post=11109"}],"wp:featuredmedia":[{"embeddable":true,"href":"https:\/\/mo-mo.gr\/da\/wp-json\/wp\/v2\/media\/12410"}],"wp:attachment":[{"href":"https:\/\/mo-mo.gr\/da\/wp-json\/wp\/v2\/media?parent=11109"}],"wp:term":[{"taxonomy":"product_brand","embeddable":true,"href":"https:\/\/mo-mo.gr\/da\/wp-json\/wp\/v2\/product_brand?post=11109"},{"taxonomy":"product_cat","embeddable":true,"href":"https:\/\/mo-mo.gr\/da\/wp-json\/wp\/v2\/product_cat?post=11109"},{"taxonomy":"product_tag","embeddable":true,"href":"https:\/\/mo-mo.gr\/da\/wp-json\/wp\/v2\/product_tag?post=11109"}],"curies":[{"name":"wp","href":"https:\/\/api.w.org\/{rel}","templated":true}]}}