{"id":11098,"date":"2024-09-18T13:14:49","date_gmt":"2024-09-18T13:14:49","guid":{"rendered":"https:\/\/mo-mo.gr\/product\/chinese-sweatshirt-comfucius-quote\/"},"modified":"2025-03-01T00:00:03","modified_gmt":"2025-02-28T22:00:03","slug":"kinesisk-sweatshirt-komfucius-citat","status":"publish","type":"product","link":"https:\/\/mo-mo.gr\/da\/\u03c0\u03c1\u03bf\u03ca\u03cc\u03bd\u03c4\u03b1\/chinese-sweatshirt-comfucius-quote\/","title":{"rendered":"Kinesisk sweatshirt Confucius citat"},"content":{"rendered":"","protected":false},"excerpt":{"rendered":"<p>Denne sorte sweatshirt skiller sig ud ved sin elegance og substans og er et udtryk for Konfucius' visdom med s\u00e6tningen *\u4e09\u601d\u800c\u540e\u884c (T\u00e6nk tre gange, f\u00f8r du handler) p\u00e5 bagsiden. Den er fremstillet af bomuld i h\u00f8j kvalitet og giver enest\u00e5ende komfort og varme, hvilket g\u00f8r den ideel til hverdagsbrug. Den minimalistiske tilgang til sweatshirtens design lader s\u00e6tningen tr\u00e6de frem og fremh\u00e6ver konceptet med at t\u00e6nke og handle omhyggeligt i alle aspekter af livet.<\/p>\n<p>Med en sort baggrund og den tidl\u00f8se symbolik i kinesisk visdom er denne sweatshirt et stykke t\u00f8j, der kombinerer stil og dybde. Budskabet p\u00e5 bagsiden er en subtil, men kraftfuld p\u00e5mindelse om vigtigheden af omtanke, mens den behagelige pasform og afslappede \u00e6stetik g\u00f8r den perfekt til et casual look. Brug den og udtryk din indre visdom p\u00e5 en moderne og stilfuld m\u00e5de.<\/p>","protected":false},"featured_media":12406,"comment_status":"open","ping_status":"closed","template":"","meta":{"_gspb_post_css":""},"product_brand":[],"product_cat":[74,111],"product_tag":[],"class_list":{"0":"post-11098","1":"product","2":"type-product","3":"status-publish","4":"has-post-thumbnail","6":"product_cat-new","7":"product_cat-111","8":"pa_-large","9":"pa_-medium","10":"pa_-small","11":"pa_-xtra-large","12":"pa_-xtra-small","13":"pa_-xxl","15":"first","16":"instock","17":"taxable","18":"shipping-taxable","19":"purchasable","20":"product-type-variable"},"_links":{"self":[{"href":"https:\/\/mo-mo.gr\/da\/wp-json\/wp\/v2\/product\/11098","targetHints":{"allow":["GET"]}}],"collection":[{"href":"https:\/\/mo-mo.gr\/da\/wp-json\/wp\/v2\/product"}],"about":[{"href":"https:\/\/mo-mo.gr\/da\/wp-json\/wp\/v2\/types\/product"}],"replies":[{"embeddable":true,"href":"https:\/\/mo-mo.gr\/da\/wp-json\/wp\/v2\/comments?post=11098"}],"wp:featuredmedia":[{"embeddable":true,"href":"https:\/\/mo-mo.gr\/da\/wp-json\/wp\/v2\/media\/12406"}],"wp:attachment":[{"href":"https:\/\/mo-mo.gr\/da\/wp-json\/wp\/v2\/media?parent=11098"}],"wp:term":[{"taxonomy":"product_brand","embeddable":true,"href":"https:\/\/mo-mo.gr\/da\/wp-json\/wp\/v2\/product_brand?post=11098"},{"taxonomy":"product_cat","embeddable":true,"href":"https:\/\/mo-mo.gr\/da\/wp-json\/wp\/v2\/product_cat?post=11098"},{"taxonomy":"product_tag","embeddable":true,"href":"https:\/\/mo-mo.gr\/da\/wp-json\/wp\/v2\/product_tag?post=11098"}],"curies":[{"name":"wp","href":"https:\/\/api.w.org\/{rel}","templated":true}]}}