{"id":11077,"date":"2024-09-06T17:51:21","date_gmt":"2024-09-06T17:51:21","guid":{"rendered":"https:\/\/mo-mo.gr\/product\/japanese-t-shirt-neko-warrior-with-katana\/"},"modified":"2024-12-12T14:49:00","modified_gmt":"2024-12-12T14:49:00","slug":"japansk-t-shirt-neko-kriger-med-katana","status":"publish","type":"product","link":"https:\/\/mo-mo.gr\/da\/\u03c0\u03c1\u03bf\u03ca\u03cc\u03bd\u03c4\u03b1\/japanese-t-shirt-neko-warrior-with-katana\/","title":{"rendered":"Japansk t-shirt Neko Warrior med katana"},"content":{"rendered":"","protected":false},"excerpt":{"rendered":"<p>Japansk t-shirt Neko Warrior with Katana er en imponerende bomulds-t-shirt i sort farve, der viser en mystisk kvinde i en japansk kattemaske (Neko), som holder en katana, et symbol p\u00e5 magt og kampsport. De r\u00f8de blomster, der omgiver figuren, tilf\u00f8jer en f\u00f8lelse af tradition og lidenskab og skaber en sl\u00e5ende kontrast til den sorte baggrund. Designet kombinerer traditionel japansk kultur med en moderne \u00e6stetik og er ideelt til dem, der s\u00f8ger en unik og dynamisk stil med dybde og mening.<\/p>\n<p>\"Japanese t-shirt Neko Warrior with Katana\" er ikke bare et stykke t\u00f8j, men en hyldest til japansk kultur og kampsportstradition. Kvinden i Neko-kattemasken repr\u00e6senterer kombinationen af mystik og kraft, mens katanaen, det traditionelle samuraisv\u00e6rd, tilf\u00f8jer et strejf af uimodst\u00e5elig beslutsomhed. R\u00f8de blomster, som ofte forbindes med lidenskab og energi, forst\u00e6rker designets kunstneriske dybde og skaber en harmonisk balance mellem kraft og sk\u00f8nhed. Denne top er perfekt til dem, der \u00f8nsker at inkorporere japansk stil i deres moderne look.<\/p>","protected":false},"featured_media":12399,"comment_status":"open","ping_status":"open","template":"","meta":{"_gspb_post_css":""},"product_brand":[],"product_cat":[74,96],"product_tag":[],"class_list":{"0":"post-11077","1":"product","2":"type-product","3":"status-publish","4":"has-post-thumbnail","6":"product_cat-new","7":"product_cat-t-shirts","8":"pa_-large","9":"pa_-medium","10":"pa_-small","11":"pa_-xtra-large","12":"pa_-xtra-small","13":"pa_-xxl","14":"pa_-100-","15":"pa_-jersey-190g-m2","16":"pa_-85","18":"first","19":"instock","20":"taxable","21":"shipping-taxable","22":"purchasable","23":"product-type-variable"},"_links":{"self":[{"href":"https:\/\/mo-mo.gr\/da\/wp-json\/wp\/v2\/product\/11077","targetHints":{"allow":["GET"]}}],"collection":[{"href":"https:\/\/mo-mo.gr\/da\/wp-json\/wp\/v2\/product"}],"about":[{"href":"https:\/\/mo-mo.gr\/da\/wp-json\/wp\/v2\/types\/product"}],"replies":[{"embeddable":true,"href":"https:\/\/mo-mo.gr\/da\/wp-json\/wp\/v2\/comments?post=11077"}],"wp:featuredmedia":[{"embeddable":true,"href":"https:\/\/mo-mo.gr\/da\/wp-json\/wp\/v2\/media\/12399"}],"wp:attachment":[{"href":"https:\/\/mo-mo.gr\/da\/wp-json\/wp\/v2\/media?parent=11077"}],"wp:term":[{"taxonomy":"product_brand","embeddable":true,"href":"https:\/\/mo-mo.gr\/da\/wp-json\/wp\/v2\/product_brand?post=11077"},{"taxonomy":"product_cat","embeddable":true,"href":"https:\/\/mo-mo.gr\/da\/wp-json\/wp\/v2\/product_cat?post=11077"},{"taxonomy":"product_tag","embeddable":true,"href":"https:\/\/mo-mo.gr\/da\/wp-json\/wp\/v2\/product_tag?post=11077"}],"curies":[{"name":"wp","href":"https:\/\/api.w.org\/{rel}","templated":true}]}}