{"id":11065,"date":"2024-09-06T17:36:49","date_gmt":"2024-09-06T17:36:49","guid":{"rendered":"https:\/\/mo-mo.gr\/product\/japanese-t-shirt-tiger-and-lillys-black\/"},"modified":"2024-12-12T14:48:58","modified_gmt":"2024-12-12T14:48:58","slug":"japansk-t-shirt-tiger-og-lillys-sort","status":"publish","type":"product","link":"https:\/\/mo-mo.gr\/da\/\u03c0\u03c1\u03bf\u03ca\u03cc\u03bd\u03c4\u03b1\/japanese-t-shirt-tiger-and-lillys-black\/","title":{"rendered":"Japansk T-shirt Tiger and Lillys Sort"},"content":{"rendered":"","protected":false},"excerpt":{"rendered":"<p>Japansk T-shirt Tiger og Lillys<\/p>\n<p>Denne japanske T-shirt er fremstillet af bomuld af h\u00f8j kvalitet og viser to imponerende tigre i energisk bev\u00e6gelse, der udstr\u00e5ler kraft og selvtillid. Designet er domineret af s\u00e6tningen \"\u864e\u306e\u5c3e\u3092\u8e0f\u3080\", som betyder \"at tr\u00e6de p\u00e5 tigerens hale\", et japansk ordsprog, der henviser til dristige handlinger med risiko. Denne skjorte kombinerer traditionel japansk visdom med en moderne og dynamisk \u00e6stetik. Perfekt til dem, der s\u00f8ger en unik stil og \u00f8nsker at b\u00e6re noget, der afspejler mod og beslutsomhed. Velegnet til hverdagsbrug med en behagelig pasform.<\/p>\n<p>Tigre, der er symboler p\u00e5 styrke og mod i japansk tradition, er afbildet i klare farver og detaljeret design, der giver en fornemmelse af bev\u00e6gelse og intensitet.<\/p>","protected":false},"featured_media":12394,"comment_status":"open","ping_status":"open","template":"","meta":{"_gspb_post_css":""},"product_brand":[],"product_cat":[74,96],"product_tag":[],"class_list":{"0":"post-11065","1":"product","2":"type-product","3":"status-publish","4":"has-post-thumbnail","6":"product_cat-new","7":"product_cat-t-shirts","8":"pa_-large","9":"pa_-medium","10":"pa_-small","11":"pa_-xtra-large","12":"pa_-xtra-small","13":"pa_-xxl","14":"pa_-100-","15":"pa_-jersey-190g-m2","16":"pa_-85","18":"first","19":"instock","20":"taxable","21":"shipping-taxable","22":"purchasable","23":"product-type-variable"},"_links":{"self":[{"href":"https:\/\/mo-mo.gr\/da\/wp-json\/wp\/v2\/product\/11065","targetHints":{"allow":["GET"]}}],"collection":[{"href":"https:\/\/mo-mo.gr\/da\/wp-json\/wp\/v2\/product"}],"about":[{"href":"https:\/\/mo-mo.gr\/da\/wp-json\/wp\/v2\/types\/product"}],"replies":[{"embeddable":true,"href":"https:\/\/mo-mo.gr\/da\/wp-json\/wp\/v2\/comments?post=11065"}],"wp:featuredmedia":[{"embeddable":true,"href":"https:\/\/mo-mo.gr\/da\/wp-json\/wp\/v2\/media\/12394"}],"wp:attachment":[{"href":"https:\/\/mo-mo.gr\/da\/wp-json\/wp\/v2\/media?parent=11065"}],"wp:term":[{"taxonomy":"product_brand","embeddable":true,"href":"https:\/\/mo-mo.gr\/da\/wp-json\/wp\/v2\/product_brand?post=11065"},{"taxonomy":"product_cat","embeddable":true,"href":"https:\/\/mo-mo.gr\/da\/wp-json\/wp\/v2\/product_cat?post=11065"},{"taxonomy":"product_tag","embeddable":true,"href":"https:\/\/mo-mo.gr\/da\/wp-json\/wp\/v2\/product_tag?post=11065"}],"curies":[{"name":"wp","href":"https:\/\/api.w.org\/{rel}","templated":true}]}}