{"id":10979,"date":"2024-07-08T19:31:29","date_gmt":"2024-07-08T19:31:29","guid":{"rendered":"https:\/\/mo-mo.gr\/product\/japanese-pants-momo-hakama-in-purple\/"},"modified":"2025-01-08T12:54:26","modified_gmt":"2025-01-08T10:54:26","slug":"japanske-bukser-momo-hakama-i-lilla","status":"publish","type":"product","link":"https:\/\/mo-mo.gr\/da\/\u03c0\u03c1\u03bf\u03ca\u03cc\u03bd\u03c4\u03b1\/japanese-pants-momo-hakama-in-purple\/","title":{"rendered":"Japanske bukser Momo Hakama i lilla"},"content":{"rendered":"","protected":false},"excerpt":{"rendered":"<p>Oplev de unikke Hakama Style-bukser i en stilfuld lilla farve, h\u00e5ndlavet af bomuldsstof af h\u00f8j kvalitet. Den naturlige glans, der skyldes den uds\u00f8gte v\u00e6vning af stoffet, giver bukserne en f\u00f8lelse af luksus og raffinement.<\/p>\n<p>Inspireret af de traditionelle japanske hakama-bukser kombinerer disse bukser klassisk japansk \u00e6stetik med moderne komfort. Hakama Style-bukserne er perfekte til enhver lejlighed, fra hverdagslook til s\u00e6rlige lejligheder, og de vil blive en favorit i din garderobe.<\/p>\n<p>Hvert par bukser er h\u00e5ndlavede med sans for detaljen, og de er unikke og viser kunsten i traditionel japansk mode. Bomuldsstoffet giver bl\u00f8d tekstur og komfort, mens dets naturlige glans f\u00e5r det til at skille sig ud.<\/p>\n<p>Omfavn tradition og stil med disse uds\u00f8gte Hakama Style Purple-bukser, og tilf\u00f8j et strejf af \u00f8stlig elegance til din kollektion.<\/p>\n<p>Hakama syes p\u00e5 bestillingstidspunktet, og den s\u00e6dvanlige forberedelses- og forsendelsestid er 3 til 5 arbejdsdage.<\/p>\n<p>Deres st\u00f8rrelse er to st\u00f8rrelser, beregnet p\u00e5 et klassisk par jeans, og det skyldes, at l\u00e6ggene og b\u00e6ltebindingen nemt d\u00e6kker to st\u00f8rrelser.<\/p>","protected":false},"featured_media":12386,"comment_status":"open","ping_status":"closed","template":"","meta":{"_gspb_post_css":""},"product_brand":[],"product_cat":[119,66],"product_tag":[56],"class_list":{"0":"post-10979","1":"product","2":"type-product","3":"status-publish","4":"has-post-thumbnail","6":"product_cat-hakama","7":"product_cat-66","8":"product_tag-womans-kimonos","9":"pa_--28-30","10":"pa_--32-34","11":"pa_--36-38","12":"pa_--40-42","13":"pa_-100","15":"first","16":"instock","17":"taxable","18":"shipping-taxable","19":"purchasable","20":"product-type-variable"},"_links":{"self":[{"href":"https:\/\/mo-mo.gr\/da\/wp-json\/wp\/v2\/product\/10979","targetHints":{"allow":["GET"]}}],"collection":[{"href":"https:\/\/mo-mo.gr\/da\/wp-json\/wp\/v2\/product"}],"about":[{"href":"https:\/\/mo-mo.gr\/da\/wp-json\/wp\/v2\/types\/product"}],"replies":[{"embeddable":true,"href":"https:\/\/mo-mo.gr\/da\/wp-json\/wp\/v2\/comments?post=10979"}],"wp:featuredmedia":[{"embeddable":true,"href":"https:\/\/mo-mo.gr\/da\/wp-json\/wp\/v2\/media\/12386"}],"wp:attachment":[{"href":"https:\/\/mo-mo.gr\/da\/wp-json\/wp\/v2\/media?parent=10979"}],"wp:term":[{"taxonomy":"product_brand","embeddable":true,"href":"https:\/\/mo-mo.gr\/da\/wp-json\/wp\/v2\/product_brand?post=10979"},{"taxonomy":"product_cat","embeddable":true,"href":"https:\/\/mo-mo.gr\/da\/wp-json\/wp\/v2\/product_cat?post=10979"},{"taxonomy":"product_tag","embeddable":true,"href":"https:\/\/mo-mo.gr\/da\/wp-json\/wp\/v2\/product_tag?post=10979"}],"curies":[{"name":"wp","href":"https:\/\/api.w.org\/{rel}","templated":true}]}}