{"id":10975,"date":"2024-07-08T19:30:17","date_gmt":"2024-07-08T19:30:17","guid":{"rendered":"https:\/\/mo-mo.gr\/product\/japanese-pants-hakama-in-lime-green\/"},"modified":"2025-01-08T12:55:42","modified_gmt":"2025-01-08T10:55:42","slug":"japanske-bukser-hakama-i-limegron","status":"publish","type":"product","link":"https:\/\/mo-mo.gr\/da\/\u03c0\u03c1\u03bf\u03ca\u03cc\u03bd\u03c4\u03b1\/japanese-pants-hakama-in-lime-green\/","title":{"rendered":"Japanske bukser Hakama i limegr\u00f8n"},"content":{"rendered":"","protected":false},"excerpt":{"rendered":"<p>Oplev den ultimative komfort og stil med vores h\u00e5ndlavede bukser i limefarve. Bukserne er lavet af bomuldsstof af h\u00f8j kvalitet og har en naturlig glans takket v\u00e6re deres unikke v\u00e6vning. Inspirationen til designet kommer fra de traditionelle japanske hakama-bukser, hvilket giver dem en unik, autentisk \u00e6stetik.<\/p>\n<p>Det afslappede snit og den rummelige pasform g\u00f8r den perfekt til enhver lejlighed, fra afslappede looks til mere formelle begivenheder. Bomuldsstoffets kvalitet sikrer komfort og holdbarhed, mens den h\u00e5ndlavede konstruktion garanterer den opm\u00e6rksomhed p\u00e5 detaljer og eksklusivitet, du fortjener.<\/p>\n<p>Nyd f\u00f8lelsen af naturlig tekstur og elegance med lime-bukserne, og f\u00e5 et pust af japansk tradition og moderne stil ind i din garderobe.<\/p>\n<p>Hakama syes p\u00e5 bestillingstidspunktet, og den s\u00e6dvanlige forberedelses- og forsendelsestid er 3 til 5 arbejdsdage.<\/p>\n<p>Deres st\u00f8rrelse er to st\u00f8rrelser, beregnet p\u00e5 et klassisk par jeans, og det skyldes, at l\u00e6ggene og b\u00e6ltebindingen nemt d\u00e6kker to st\u00f8rrelser.<\/p>","protected":false},"featured_media":12383,"comment_status":"open","ping_status":"closed","template":"","meta":{"_gspb_post_css":""},"product_brand":[],"product_cat":[119,66],"product_tag":[56],"class_list":{"0":"post-10975","1":"product","2":"type-product","3":"status-publish","4":"has-post-thumbnail","6":"product_cat-hakama","7":"product_cat-66","8":"product_tag-womans-kimonos","9":"pa_--28-30","10":"pa_--32-34","11":"pa_--36-38","12":"pa_--40-42","13":"pa_-94","15":"first","16":"instock","17":"taxable","18":"shipping-taxable","19":"purchasable","20":"product-type-variable"},"_links":{"self":[{"href":"https:\/\/mo-mo.gr\/da\/wp-json\/wp\/v2\/product\/10975","targetHints":{"allow":["GET"]}}],"collection":[{"href":"https:\/\/mo-mo.gr\/da\/wp-json\/wp\/v2\/product"}],"about":[{"href":"https:\/\/mo-mo.gr\/da\/wp-json\/wp\/v2\/types\/product"}],"replies":[{"embeddable":true,"href":"https:\/\/mo-mo.gr\/da\/wp-json\/wp\/v2\/comments?post=10975"}],"wp:featuredmedia":[{"embeddable":true,"href":"https:\/\/mo-mo.gr\/da\/wp-json\/wp\/v2\/media\/12383"}],"wp:attachment":[{"href":"https:\/\/mo-mo.gr\/da\/wp-json\/wp\/v2\/media?parent=10975"}],"wp:term":[{"taxonomy":"product_brand","embeddable":true,"href":"https:\/\/mo-mo.gr\/da\/wp-json\/wp\/v2\/product_brand?post=10975"},{"taxonomy":"product_cat","embeddable":true,"href":"https:\/\/mo-mo.gr\/da\/wp-json\/wp\/v2\/product_cat?post=10975"},{"taxonomy":"product_tag","embeddable":true,"href":"https:\/\/mo-mo.gr\/da\/wp-json\/wp\/v2\/product_tag?post=10975"}],"curies":[{"name":"wp","href":"https:\/\/api.w.org\/{rel}","templated":true}]}}