{"id":10960,"date":"2024-07-08T19:20:39","date_gmt":"2024-07-08T19:20:39","guid":{"rendered":"https:\/\/mo-mo.gr\/product\/japanese-tote-bag-mini-shibori-n-black-denim\/"},"modified":"2026-04-02T19:52:24","modified_gmt":"2026-04-02T16:52:24","slug":"japansk-tote-bag-mini-shibori-n-sort-denim","status":"publish","type":"product","link":"https:\/\/mo-mo.gr\/da\/\u03c0\u03c1\u03bf\u03ca\u03cc\u03bd\u03c4\u03b1\/japanese-tote-bag-mini-shibori-n-black-denim\/","title":{"rendered":"Japansk taske Mini Shibori 'n Black Denim"},"content":{"rendered":"","protected":false},"excerpt":{"rendered":"<p>Japansk taske Indigo Shibori<\/p>\n<p>Oplev elegancen og det unikke ved vores h\u00e5ndlavede taske, der er fremstillet af japansk shibori-stof i en sl\u00e5ende indigofarve kombineret med slidst\u00e6rkt sort denim. Denne tote bag kombinerer traditionelt japansk h\u00e5ndv\u00e6rk med moderne \u00e6stetik og skaber et enest\u00e5ende produkt.<\/p>\n<p>Taskens yderside er lavet af autentisk shibori-stof, som er kendetegnet ved sine unikke m\u00f8nstre og rige, dybe indigofarve. Det sorte denim tilf\u00f8jer holdbarhed og stil, mens den h\u00e5ndlavede finish sikrer opm\u00e6rksomhed p\u00e5 detaljer og kvalitet.<\/p>\n<p>Indvendigt har tasken en foring, der beskytter dine personlige ejendele og giver ekstra holdbarhed. Den rummelige indretning g\u00f8r tasken ideel til hverdagsbrug, lige fra kontoret til en tur i byen.<\/p>\n<p>V\u00e6lg Japanese Indigo Shibori Shibori Tote Bag for at tilf\u00f8je et strejf af traditionel japansk kunst og moderne elegance til din samling. Denne taske er ikke bare en accessory, men et kunstv\u00e6rk, der vil ledsage dig med stil og komfort p\u00e5 hver eneste udflugt.<\/p>\n<p>M\u00e5l 24*17 og h\u00e5ndtagsh\u00f8jde 15<\/p>","protected":false},"featured_media":12371,"comment_status":"open","ping_status":"closed","template":"","meta":{"_gspb_post_css":""},"product_brand":[],"product_cat":[74,65],"product_tag":[],"class_list":{"0":"post-10960","1":"product","2":"type-product","3":"status-publish","4":"has-post-thumbnail","6":"product_cat-new","7":"product_cat-65","9":"first","10":"outofstock","11":"sale","12":"taxable","13":"shipping-taxable","14":"purchasable","15":"product-type-simple"},"_links":{"self":[{"href":"https:\/\/mo-mo.gr\/da\/wp-json\/wp\/v2\/product\/10960","targetHints":{"allow":["GET"]}}],"collection":[{"href":"https:\/\/mo-mo.gr\/da\/wp-json\/wp\/v2\/product"}],"about":[{"href":"https:\/\/mo-mo.gr\/da\/wp-json\/wp\/v2\/types\/product"}],"replies":[{"embeddable":true,"href":"https:\/\/mo-mo.gr\/da\/wp-json\/wp\/v2\/comments?post=10960"}],"wp:featuredmedia":[{"embeddable":true,"href":"https:\/\/mo-mo.gr\/da\/wp-json\/wp\/v2\/media\/12371"}],"wp:attachment":[{"href":"https:\/\/mo-mo.gr\/da\/wp-json\/wp\/v2\/media?parent=10960"}],"wp:term":[{"taxonomy":"product_brand","embeddable":true,"href":"https:\/\/mo-mo.gr\/da\/wp-json\/wp\/v2\/product_brand?post=10960"},{"taxonomy":"product_cat","embeddable":true,"href":"https:\/\/mo-mo.gr\/da\/wp-json\/wp\/v2\/product_cat?post=10960"},{"taxonomy":"product_tag","embeddable":true,"href":"https:\/\/mo-mo.gr\/da\/wp-json\/wp\/v2\/product_tag?post=10960"}],"curies":[{"name":"wp","href":"https:\/\/api.w.org\/{rel}","templated":true}]}}