{"id":10947,"date":"2024-07-05T19:30:18","date_gmt":"2024-07-05T19:30:18","guid":{"rendered":"https:\/\/mo-mo.gr\/product\/japanese-tote-bag-geisha-okoi-mini\/"},"modified":"2025-03-05T11:37:38","modified_gmt":"2025-03-05T09:37:38","slug":"japansk-taske-geisha-okoi-mini","status":"publish","type":"product","link":"https:\/\/mo-mo.gr\/da\/\u03c0\u03c1\u03bf\u03ca\u03cc\u03bd\u03c4\u03b1\/japanese-tote-bag-geisha-okoi-mini\/","title":{"rendered":"JAPANSK TASKE GEISHA OKOI MINI"},"content":{"rendered":"","protected":false},"excerpt":{"rendered":"<p>Oplev elegance og kulturarv med **Japanese Tote Bag Geisha OkoI**. Denne sofistikerede taske er lavet af japansk stof importeret fra Kyoto, hvilket sikrer den h\u00f8jeste kvalitet og \u00e6stetik. Det slidst\u00e6rke sorte kanvas giver en bem\u00e6rkelsesv\u00e6rdig holdbarhed, mens den indvendige foring i lyslilla stof med et subtilt sk\u00e6r tilf\u00f8jer et strejf af luksus og unikhed.<\/p>\n<p>Tasken lukkes med et magnetisk sp\u00e6nde, som sikrer dine ting, og har en indvendig lomme til organisering af dine personlige ejendele. Tasken er designet til hverdagsbrug og s\u00e6rlige lejligheder og er den perfekte kombination af funktionalitet og stil.<\/p>\n<p>Den **japanske taske Geisha OkoI** er dedikeret til geishaen Okoi, en figur, der symboliserer kunsten og sk\u00f8nheden i den japanske tradition. Tasken er produceret i et begr\u00e6nset antal eksemplarer, hvilket g\u00f8r den til et samlerobjekt for elskere af japansk kultur og mode. K\u00f8b den nu, og tilf\u00f8j et strejf af sofistikeret japansk stil til din samling.<\/p>\n<p>M\u00e5l 24*17 og h\u00e5ndtagsh\u00f8jde 15<\/p>","protected":false},"featured_media":12361,"comment_status":"open","ping_status":"closed","template":"","meta":{"_gspb_post_css":""},"product_brand":[],"product_cat":[74,65],"product_tag":[],"class_list":{"0":"post-10947","1":"product","2":"type-product","3":"status-publish","4":"has-post-thumbnail","6":"product_cat-new","7":"product_cat-65","9":"first","10":"instock","11":"taxable","12":"shipping-taxable","13":"purchasable","14":"product-type-simple"},"_links":{"self":[{"href":"https:\/\/mo-mo.gr\/da\/wp-json\/wp\/v2\/product\/10947","targetHints":{"allow":["GET"]}}],"collection":[{"href":"https:\/\/mo-mo.gr\/da\/wp-json\/wp\/v2\/product"}],"about":[{"href":"https:\/\/mo-mo.gr\/da\/wp-json\/wp\/v2\/types\/product"}],"replies":[{"embeddable":true,"href":"https:\/\/mo-mo.gr\/da\/wp-json\/wp\/v2\/comments?post=10947"}],"wp:featuredmedia":[{"embeddable":true,"href":"https:\/\/mo-mo.gr\/da\/wp-json\/wp\/v2\/media\/12361"}],"wp:attachment":[{"href":"https:\/\/mo-mo.gr\/da\/wp-json\/wp\/v2\/media?parent=10947"}],"wp:term":[{"taxonomy":"product_brand","embeddable":true,"href":"https:\/\/mo-mo.gr\/da\/wp-json\/wp\/v2\/product_brand?post=10947"},{"taxonomy":"product_cat","embeddable":true,"href":"https:\/\/mo-mo.gr\/da\/wp-json\/wp\/v2\/product_cat?post=10947"},{"taxonomy":"product_tag","embeddable":true,"href":"https:\/\/mo-mo.gr\/da\/wp-json\/wp\/v2\/product_tag?post=10947"}],"curies":[{"name":"wp","href":"https:\/\/api.w.org\/{rel}","templated":true}]}}