{"id":10929,"date":"2024-06-24T13:58:47","date_gmt":"2024-06-24T13:58:47","guid":{"rendered":"https:\/\/mo-mo.gr\/product\/kimono-haori-in-beige-organic-cotton\/"},"modified":"2026-04-09T16:59:54","modified_gmt":"2026-04-09T13:59:54","slug":"kimono-haori-i-beige-okologisk-bomuld","status":"publish","type":"product","link":"https:\/\/mo-mo.gr\/da\/\u03c0\u03c1\u03bf\u03ca\u03cc\u03bd\u03c4\u03b1\/kimono-haori-in-beige-organic-cotton\/","title":{"rendered":"Kimono Haori i beige \u00f8kologisk bomuld"},"content":{"rendered":"","protected":false},"excerpt":{"rendered":"<p>H\u00e5ndlavet haori til m\u00e6nd af \u00f8kologisk bomuld<\/p>\n<p>Oplev elegance og komfort med den h\u00e5ndlavede Haori til m\u00e6nd i \u00f8kologisk bomuld. Et unikt stykke, der inkorporerer traditionel japansk kunst med en moderne \u00e6stetik, perfekt til sommer og efter\u00e5r.<\/p>\n<p>Funktioner<\/p>\n<p>Materiale: 100% \u00f8kologisk bomuld, bl\u00f8d og slidst\u00e6rk, giver komfort og k\u00f8lighed p\u00e5 varme dage, samtidig med at temperaturen holdes p\u00e5 et normalt niveau p\u00e5 k\u00f8lige efter\u00e5rsn\u00e6tter.<br \/>\nKonstruktion: H\u00e5ndlavet med fokus p\u00e5 detaljer, hvilket sikrer h\u00f8j kvalitet og unikhed i hvert stykke.<br \/>\nPlan: Klassisk linje med moderne detaljer, der passer til enhver lejlighed. Dens enkelhed g\u00f8r, at den kan bruges i b\u00e5de formelle og afslappede sammenh\u00e6nge.<br \/>\nKomfort: en afslappet pasform, der giver bev\u00e6gelsesfrihed og komfort uden at g\u00e5 p\u00e5 kompromis med stilen.<br \/>\nS\u00e6sonbestemt: Denne haori er perfekt til sommer og efter\u00e5r og kan b\u00e6res som en panoply, der beskytter mod solen og giver k\u00f8lighed.<\/p>\n<p>Bring Japans autenticitet og \u00e5nd ind i din garderobe med denne uds\u00f8gte haori, som er et \u00e6gte udtryk for kunst og funktionalitet.<\/p>\n<p>Kimonoerne sys p\u00e5 bestilling, og den normale produktionstid er 3 til 5 dage.<\/p>","protected":false},"featured_media":12351,"comment_status":"open","ping_status":"closed","template":"","meta":{"_gspb_post_css":""},"product_brand":[],"product_cat":[114,66],"product_tag":[25,41,56],"class_list":{"0":"post-10929","1":"product","2":"type-product","3":"status-publish","4":"has-post-thumbnail","6":"product_cat-haori","7":"product_cat-66","8":"product_tag-haori","9":"product_tag-mens-kimonos","10":"product_tag-womans-kimonos","11":"pa_-large","12":"pa_-medium","13":"pa_-small","14":"pa_-xtra-large","15":"pa_-xtra-small","16":"pa_-xxl","17":"pa_-81","19":"first","20":"instock","21":"taxable","22":"shipping-taxable","23":"purchasable","24":"product-type-variable"},"_links":{"self":[{"href":"https:\/\/mo-mo.gr\/da\/wp-json\/wp\/v2\/product\/10929","targetHints":{"allow":["GET"]}}],"collection":[{"href":"https:\/\/mo-mo.gr\/da\/wp-json\/wp\/v2\/product"}],"about":[{"href":"https:\/\/mo-mo.gr\/da\/wp-json\/wp\/v2\/types\/product"}],"replies":[{"embeddable":true,"href":"https:\/\/mo-mo.gr\/da\/wp-json\/wp\/v2\/comments?post=10929"}],"wp:featuredmedia":[{"embeddable":true,"href":"https:\/\/mo-mo.gr\/da\/wp-json\/wp\/v2\/media\/12351"}],"wp:attachment":[{"href":"https:\/\/mo-mo.gr\/da\/wp-json\/wp\/v2\/media?parent=10929"}],"wp:term":[{"taxonomy":"product_brand","embeddable":true,"href":"https:\/\/mo-mo.gr\/da\/wp-json\/wp\/v2\/product_brand?post=10929"},{"taxonomy":"product_cat","embeddable":true,"href":"https:\/\/mo-mo.gr\/da\/wp-json\/wp\/v2\/product_cat?post=10929"},{"taxonomy":"product_tag","embeddable":true,"href":"https:\/\/mo-mo.gr\/da\/wp-json\/wp\/v2\/product_tag?post=10929"}],"curies":[{"name":"wp","href":"https:\/\/api.w.org\/{rel}","templated":true}]}}