{"id":10910,"date":"2024-06-19T21:28:05","date_gmt":"2024-06-19T21:28:05","guid":{"rendered":"https:\/\/mo-mo.gr\/product\/chinese-fan-whispering-bamboo\/"},"modified":"2024-12-12T14:48:10","modified_gmt":"2024-12-12T14:48:10","slug":"kinesisk-vifte-hviskende-bambus","status":"publish","type":"product","link":"https:\/\/mo-mo.gr\/da\/\u03c0\u03c1\u03bf\u03ca\u03cc\u03bd\u03c4\u03b1\/chinese-fan-whispering-bamboo\/","title":{"rendered":"Kinesisk vifte hviskende bambus"},"content":{"rendered":"","protected":false},"excerpt":{"rendered":"<p>*\u00b6 Chinese Fan Whispering Bamboo\u00b6\u00b6<\/p>\n<p>Den kinesiske vifte Whispering Bamboo er et uds\u00f8gt kunstv\u00e6rk, der kombinerer \u00e6stetik med praktisk anvendelighed. P\u00e5 den ene side af viften er der afbildet velkendte planter fra den kinesiske natur, som indfanger det naturlige landskabs charme og magi. P\u00e5 den anden side tilf\u00f8jer kinesiske ideogrammer et strejf af traditionel kalligrafi, hvilket \u00f8ger viftens autenticitet og kunstneriske v\u00e6rdi.<\/p>\n<p>Med en radius p\u00e5 32 cm er Whispering Bamboo ideel b\u00e5de som h\u00e5ndventilator og som dekorativ genstand. Dens holdbare konstruktion giver mulighed for daglig brug til at k\u00f8le dig ned p\u00e5 varme dage, mens dens elegante design g\u00f8r den til den perfekte genstand til at dekorere dit rum. Denne ventilator er let og nem at b\u00e6re, perfekt til enhver lejlighed.<\/p>\n<p>Fremh\u00e6v din sofistikerede side med Chinese Fan Whispering Bamboo, et tilbeh\u00f8r, der udstr\u00e5ler ro og elegance og bringer sk\u00f8nheden i den kinesiske natur og kultur ind i din hverdag.<\/p>","protected":false},"featured_media":12342,"comment_status":"open","ping_status":"open","template":"","meta":{"_gspb_post_css":""},"product_brand":[],"product_cat":[71],"product_tag":[],"class_list":{"0":"post-10910","1":"product","2":"type-product","3":"status-publish","4":"has-post-thumbnail","6":"product_cat-71","7":"pa_-92","9":"first","10":"outofstock","11":"taxable","12":"shipping-taxable","13":"purchasable","14":"product-type-simple"},"_links":{"self":[{"href":"https:\/\/mo-mo.gr\/da\/wp-json\/wp\/v2\/product\/10910","targetHints":{"allow":["GET"]}}],"collection":[{"href":"https:\/\/mo-mo.gr\/da\/wp-json\/wp\/v2\/product"}],"about":[{"href":"https:\/\/mo-mo.gr\/da\/wp-json\/wp\/v2\/types\/product"}],"replies":[{"embeddable":true,"href":"https:\/\/mo-mo.gr\/da\/wp-json\/wp\/v2\/comments?post=10910"}],"wp:featuredmedia":[{"embeddable":true,"href":"https:\/\/mo-mo.gr\/da\/wp-json\/wp\/v2\/media\/12342"}],"wp:attachment":[{"href":"https:\/\/mo-mo.gr\/da\/wp-json\/wp\/v2\/media?parent=10910"}],"wp:term":[{"taxonomy":"product_brand","embeddable":true,"href":"https:\/\/mo-mo.gr\/da\/wp-json\/wp\/v2\/product_brand?post=10910"},{"taxonomy":"product_cat","embeddable":true,"href":"https:\/\/mo-mo.gr\/da\/wp-json\/wp\/v2\/product_cat?post=10910"},{"taxonomy":"product_tag","embeddable":true,"href":"https:\/\/mo-mo.gr\/da\/wp-json\/wp\/v2\/product_tag?post=10910"}],"curies":[{"name":"wp","href":"https:\/\/api.w.org\/{rel}","templated":true}]}}