{"id":10906,"date":"2024-06-19T21:13:38","date_gmt":"2024-06-19T21:13:38","guid":{"rendered":"https:\/\/mo-mo.gr\/product\/chinese-fan-of-serenity\/"},"modified":"2024-12-12T14:48:09","modified_gmt":"2024-12-12T14:48:09","slug":"kinesisk-vifte-af-sindsro","status":"publish","type":"product","link":"https:\/\/mo-mo.gr\/da\/\u03c0\u03c1\u03bf\u03ca\u03cc\u03bd\u03c4\u03b1\/chinese-fan-of-serenity\/","title":{"rendered":"Kinesisk vifte af sindsro"},"content":{"rendered":"","protected":false},"excerpt":{"rendered":"<p>Kinesisk vifte af sindsro<\/p>\n<p>Chinese Fan of Serenity er en vifte af fremragende kvalitet, fremstillet af satinstof med stor holdbarhed. Den ene side af viften viser charmerende billeder af det kinesiske liv p\u00e5 landet og giver et indblik i hverdagslivet og den naturlige sk\u00f8nhed i det traditionelle Kina. P\u00e5 den anden side tilf\u00f8jer elegante kinesiske ideogrammer et ekstra strejf af autenticitet og kulturel v\u00e6rdi. Viftens ramme er lavet af holdbart bambus, hvilket sikrer langvarig brug og komfort i brug. Denne vifte er ikke kun en praktisk genstand til varme dage, men ogs\u00e5 et elegant tilbeh\u00f8r, der afspejler Kinas rige kulturarv.<\/p>\n<p>L\u00e6ngden af radius p\u00e5 denne ventilator er 21 cm.<\/p>","protected":false},"featured_media":12339,"comment_status":"open","ping_status":"open","template":"","meta":{"_gspb_post_css":""},"product_brand":[],"product_cat":[71],"product_tag":[],"class_list":{"0":"post-10906","1":"product","2":"type-product","3":"status-publish","4":"has-post-thumbnail","6":"product_cat-71","7":"pa_-92","9":"first","10":"outofstock","11":"taxable","12":"shipping-taxable","13":"purchasable","14":"product-type-simple"},"_links":{"self":[{"href":"https:\/\/mo-mo.gr\/da\/wp-json\/wp\/v2\/product\/10906","targetHints":{"allow":["GET"]}}],"collection":[{"href":"https:\/\/mo-mo.gr\/da\/wp-json\/wp\/v2\/product"}],"about":[{"href":"https:\/\/mo-mo.gr\/da\/wp-json\/wp\/v2\/types\/product"}],"replies":[{"embeddable":true,"href":"https:\/\/mo-mo.gr\/da\/wp-json\/wp\/v2\/comments?post=10906"}],"wp:featuredmedia":[{"embeddable":true,"href":"https:\/\/mo-mo.gr\/da\/wp-json\/wp\/v2\/media\/12339"}],"wp:attachment":[{"href":"https:\/\/mo-mo.gr\/da\/wp-json\/wp\/v2\/media?parent=10906"}],"wp:term":[{"taxonomy":"product_brand","embeddable":true,"href":"https:\/\/mo-mo.gr\/da\/wp-json\/wp\/v2\/product_brand?post=10906"},{"taxonomy":"product_cat","embeddable":true,"href":"https:\/\/mo-mo.gr\/da\/wp-json\/wp\/v2\/product_cat?post=10906"},{"taxonomy":"product_tag","embeddable":true,"href":"https:\/\/mo-mo.gr\/da\/wp-json\/wp\/v2\/product_tag?post=10906"}],"curies":[{"name":"wp","href":"https:\/\/api.w.org\/{rel}","templated":true}]}}