{"id":10902,"date":"2024-06-17T21:04:32","date_gmt":"2024-06-17T21:04:32","guid":{"rendered":"https:\/\/mo-mo.gr\/product\/japanese-tote-bag-kokeshi-handmade\/"},"modified":"2025-01-08T14:03:15","modified_gmt":"2025-01-08T12:03:15","slug":"japansk-tote-bag-kokeshi-handlavet","status":"publish","type":"product","link":"https:\/\/mo-mo.gr\/da\/\u03c0\u03c1\u03bf\u03ca\u03cc\u03bd\u03c4\u03b1\/japanese-tote-bag-kokeshi-handmade\/","title":{"rendered":"Japansk taske Kokeshi H\u00e5ndlavet"},"content":{"rendered":"","protected":false},"excerpt":{"rendered":"<p>Den **japanske tote bag Kokeshi er h\u00e5ndlavet af bomuldsl\u00e6rred af h\u00f8j kvalitet, hvilket sikrer stor styrke og holdbarhed. Den indvendige foring er ogs\u00e5 af kanvas, hvilket giver ekstra beskyttelse og holdbarhed til dine personlige ejendele. Tasken har en indvendig lynl\u00e5slomme til sikker opbevaring af mindre genstande og en lynl\u00e5slukning for ekstra sikkerhed. Taskens farve er en jordn\u00e6r, naturlig ecru, som passer til enhver stil og ethvert look.<\/p>\n<p>P\u00e5 den ene side af tasken er der afbildet tre Kokeshi-dukker, traditionelle japanske dukker med en dyb historie og symbolik. Kokeshi-dukker dukkede f\u00f8rste gang op i det nordlige Japan i Edo-perioden (1603-1868). Oprindeligt blev de lavet som leget\u00f8j til b\u00f8ndernes b\u00f8rn, men med tiden fik de en bredere symbolsk betydning. Dukkerne er af tr\u00e6 med en enkel cylindrisk krop og et stort hoved, der er dekoreret med klare farver og traditionelle motiver. I moderne tid betragtes Kokeshi-dukker som et symbol p\u00e5 japansk kultur og tilbydes som gaver for held og lykke.<\/p>\n<p>Denne taske er ikke kun praktisk, men ogs\u00e5 et kunstv\u00e6rk, der bringer Japans historie og kultur med sig. Perfekt til hverdagsbrug eller som en s\u00e6rlig gave, **Japanese Tote Bag Kokeshi** vil tilf\u00f8je et strejf af tradition og elegance til din hverdag. Produktdetaljerne omfatter kraftigt bomuldsl\u00e6rred, l\u00e6rredsforing, indvendig lynl\u00e5slomme, lynl\u00e5slukning og et design med tre Kokeshi-dukker.<\/p>","protected":false},"featured_media":12336,"comment_status":"open","ping_status":"closed","template":"","meta":{"_gspb_post_css":""},"product_brand":[],"product_cat":[74,76],"product_tag":[],"class_list":{"0":"post-10902","1":"product","2":"type-product","3":"status-publish","4":"has-post-thumbnail","6":"product_cat-new","7":"product_cat-totes","8":"pa_-100-","9":"pa_-81","11":"first","12":"instock","13":"taxable","14":"shipping-taxable","15":"purchasable","16":"product-type-simple"},"_links":{"self":[{"href":"https:\/\/mo-mo.gr\/da\/wp-json\/wp\/v2\/product\/10902","targetHints":{"allow":["GET"]}}],"collection":[{"href":"https:\/\/mo-mo.gr\/da\/wp-json\/wp\/v2\/product"}],"about":[{"href":"https:\/\/mo-mo.gr\/da\/wp-json\/wp\/v2\/types\/product"}],"replies":[{"embeddable":true,"href":"https:\/\/mo-mo.gr\/da\/wp-json\/wp\/v2\/comments?post=10902"}],"wp:featuredmedia":[{"embeddable":true,"href":"https:\/\/mo-mo.gr\/da\/wp-json\/wp\/v2\/media\/12336"}],"wp:attachment":[{"href":"https:\/\/mo-mo.gr\/da\/wp-json\/wp\/v2\/media?parent=10902"}],"wp:term":[{"taxonomy":"product_brand","embeddable":true,"href":"https:\/\/mo-mo.gr\/da\/wp-json\/wp\/v2\/product_brand?post=10902"},{"taxonomy":"product_cat","embeddable":true,"href":"https:\/\/mo-mo.gr\/da\/wp-json\/wp\/v2\/product_cat?post=10902"},{"taxonomy":"product_tag","embeddable":true,"href":"https:\/\/mo-mo.gr\/da\/wp-json\/wp\/v2\/product_tag?post=10902"}],"curies":[{"name":"wp","href":"https:\/\/api.w.org\/{rel}","templated":true}]}}