{"id":10897,"date":"2024-06-15T15:37:49","date_gmt":"2024-06-15T15:37:49","guid":{"rendered":"https:\/\/mo-mo.gr\/product\/japanese-knot-bag-black-denim-and-gingo-canva\/"},"modified":"2026-04-02T18:06:21","modified_gmt":"2026-04-02T15:06:21","slug":"japansk-knude-taske-sort-denim-og-gingo-canva","status":"publish","type":"product","link":"https:\/\/mo-mo.gr\/da\/\u03c0\u03c1\u03bf\u03ca\u03cc\u03bd\u03c4\u03b1\/japanese-knot-bag-black-denim-and-gingo-canva\/","title":{"rendered":"Japansk knude Taske Sort denim og Gingo Canva"},"content":{"rendered":"","protected":false},"excerpt":{"rendered":"<p>Japansk knudetaske Sort denim og ginkgoer<\/p>\n<p>Oplev den perfekte harmoni mellem traditionel japansk kunst og moderne design med Japanese Knot Bag i sort denim og l\u00e6rred med ginkgo. Denne elegante taske kombinerer denimens holdbarhed og praktiske egenskaber med l\u00e6rredets naturlige sk\u00f8nhed dekoreret med motiver af ginkgoblade.<\/p>\n<p>Knudetaskens karakteristiske design giver behagelig og sikker transport, mens dens enkelhed og elegance skaber et diskret, men stilfuldt look. Tasken er ideel til hverdagsbrug og har rigelig plads til dine vigtigste ting.<\/p>\n<p>De bl\u00f8de nuancer af ginkgo p\u00e5 l\u00e6rredet supplerer den sorte base p\u00e5 jeansene og skaber en afbalanceret og behagelig farvekontrast. Denne taske er ikke kun et praktisk tilbeh\u00f8r, men ogs\u00e5 et stykke kunst, der b\u00e6rer \u00e5nden fra japansk kultur og tradition.<\/p>\n<p>V\u00e6lg Japanese Knot Bag i Black Denim og Canvas med Ginkgo for at vise din unikke \u00e6stetik og tilf\u00f8je et strejf af autenticitet og elegance til din hverdag.<\/p>","protected":false},"featured_media":12332,"comment_status":"open","ping_status":"closed","template":"","meta":{"_gspb_post_css":""},"product_brand":[],"product_cat":[74,65],"product_tag":[],"class_list":{"0":"post-10897","1":"product","2":"type-product","3":"status-publish","4":"has-post-thumbnail","6":"product_cat-new","7":"product_cat-65","9":"first","10":"outofstock","11":"taxable","12":"shipping-taxable","13":"purchasable","14":"product-type-simple"},"_links":{"self":[{"href":"https:\/\/mo-mo.gr\/da\/wp-json\/wp\/v2\/product\/10897","targetHints":{"allow":["GET"]}}],"collection":[{"href":"https:\/\/mo-mo.gr\/da\/wp-json\/wp\/v2\/product"}],"about":[{"href":"https:\/\/mo-mo.gr\/da\/wp-json\/wp\/v2\/types\/product"}],"replies":[{"embeddable":true,"href":"https:\/\/mo-mo.gr\/da\/wp-json\/wp\/v2\/comments?post=10897"}],"wp:featuredmedia":[{"embeddable":true,"href":"https:\/\/mo-mo.gr\/da\/wp-json\/wp\/v2\/media\/12332"}],"wp:attachment":[{"href":"https:\/\/mo-mo.gr\/da\/wp-json\/wp\/v2\/media?parent=10897"}],"wp:term":[{"taxonomy":"product_brand","embeddable":true,"href":"https:\/\/mo-mo.gr\/da\/wp-json\/wp\/v2\/product_brand?post=10897"},{"taxonomy":"product_cat","embeddable":true,"href":"https:\/\/mo-mo.gr\/da\/wp-json\/wp\/v2\/product_cat?post=10897"},{"taxonomy":"product_tag","embeddable":true,"href":"https:\/\/mo-mo.gr\/da\/wp-json\/wp\/v2\/product_tag?post=10897"}],"curies":[{"name":"wp","href":"https:\/\/api.w.org\/{rel}","templated":true}]}}