{"id":10880,"date":"2024-06-13T20:29:39","date_gmt":"2024-06-13T20:29:39","guid":{"rendered":"https:\/\/mo-mo.gr\/product\/japanese-book-sleeve-and-purse-combo\/"},"modified":"2025-12-09T15:39:30","modified_gmt":"2025-12-09T13:39:30","slug":"japansk-kombination-af-bogomslag-og-pung","status":"publish","type":"product","link":"https:\/\/mo-mo.gr\/da\/\u03c0\u03c1\u03bf\u03ca\u03cc\u03bd\u03c4\u03b1\/japanese-book-sleeve-and-purse-combo\/","title":{"rendered":"Kombination af japansk bogomslag og pung"},"content":{"rendered":"","protected":false},"excerpt":{"rendered":"<p>Oplev elegancen og funktionaliteten i **Japanese Book Sleeve and Purse Combo**. Dette s\u00e6t best\u00e5r af to fantastiske dele: en bogpose til at b\u00e6re og opbevare b\u00f8ger eller arbejdsb\u00f8ger og en pungpose til sikker opbevaring af dine personlige ejendele. S\u00e6ttet er h\u00e5ndlavet af MOMO KIDOHO og skabt af japanske stoffer af h\u00f8j kvalitet, der udstr\u00e5ler munterhed og en unik \u00e6stetik.<\/p>\n<p>Bogtransport- og opbevaringstasken er designet til at beskytte dine yndlingsb\u00f8ger eller dit h\u00e5ndarbejde og samtidig holde indholdet i perfekt stand. Interi\u00f8ret giver masser af plads og sikkerhed til dine ting, mens den holdbare konstruktion sikrer langvarig brug.<\/p>\n<p>Pungen, som er ideel til at organisere dine personlige ejendele, er b\u00e5de praktisk og stilfuld. Uanset om det er til hverdagsbrug eller s\u00e6rlige lejligheder, vil denne pung blive en integreret del af din stil.<\/p>\n<p>Med fokus p\u00e5 detaljer og traditionel japansk \u00e6stetik kombinerer **Japanese Book Sleeve and Purse Combo** det praktiske med det kunstneriske og giver dig et unikt s\u00e6t, du vil elske. Med autenticitet og kvalitet fra japansk h\u00e5ndv\u00e6rk er dette s\u00e6t den perfekte gave til dig eller dem, du holder af.<\/p>","protected":false},"featured_media":12321,"comment_status":"open","ping_status":"closed","template":"","meta":{"_gspb_post_css":""},"product_brand":[],"product_cat":[68,65],"product_tag":[],"class_list":{"0":"post-10880","1":"product","2":"type-product","3":"status-publish","4":"has-post-thumbnail","6":"product_cat-68","7":"product_cat-65","9":"first","10":"outofstock","11":"sale","12":"taxable","13":"shipping-taxable","14":"purchasable","15":"product-type-simple"},"_links":{"self":[{"href":"https:\/\/mo-mo.gr\/da\/wp-json\/wp\/v2\/product\/10880","targetHints":{"allow":["GET"]}}],"collection":[{"href":"https:\/\/mo-mo.gr\/da\/wp-json\/wp\/v2\/product"}],"about":[{"href":"https:\/\/mo-mo.gr\/da\/wp-json\/wp\/v2\/types\/product"}],"replies":[{"embeddable":true,"href":"https:\/\/mo-mo.gr\/da\/wp-json\/wp\/v2\/comments?post=10880"}],"wp:featuredmedia":[{"embeddable":true,"href":"https:\/\/mo-mo.gr\/da\/wp-json\/wp\/v2\/media\/12321"}],"wp:attachment":[{"href":"https:\/\/mo-mo.gr\/da\/wp-json\/wp\/v2\/media?parent=10880"}],"wp:term":[{"taxonomy":"product_brand","embeddable":true,"href":"https:\/\/mo-mo.gr\/da\/wp-json\/wp\/v2\/product_brand?post=10880"},{"taxonomy":"product_cat","embeddable":true,"href":"https:\/\/mo-mo.gr\/da\/wp-json\/wp\/v2\/product_cat?post=10880"},{"taxonomy":"product_tag","embeddable":true,"href":"https:\/\/mo-mo.gr\/da\/wp-json\/wp\/v2\/product_tag?post=10880"}],"curies":[{"name":"wp","href":"https:\/\/api.w.org\/{rel}","templated":true}]}}