{"id":10876,"date":"2024-06-13T20:19:44","date_gmt":"2024-06-13T20:19:44","guid":{"rendered":"https:\/\/mo-mo.gr\/product\/japanese-fan-black-with-crane\/"},"modified":"2024-12-12T14:47:58","modified_gmt":"2024-12-12T14:47:58","slug":"japansk-vifte-sort-med-trane","status":"publish","type":"product","link":"https:\/\/mo-mo.gr\/da\/\u03c0\u03c1\u03bf\u03ca\u03cc\u03bd\u03c4\u03b1\/japanese-fan-black-with-crane\/","title":{"rendered":"Japansk vifte sort med trane"},"content":{"rendered":"","protected":false},"excerpt":{"rendered":"<p>Japansk vifte sort med trane Oplev den raffinerede elegance i den japanske vifte, et unikt kunstv\u00e6rk, der udstr\u00e5ler Japans tradition og \u00e6stetik. Denne sorte vifte er omhyggeligt udformet og forestiller en trane, et symbol p\u00e5 lang levetid, fred og lykke.<\/p>\n<p>Viften har en s\u00e6rlig betydning i japansk kultur og bruges b\u00e5de i hverdagen og i forskellige ritualer og kunstneriske begivenheder. Fra dans og teaterforestillinger med traditionel kabuki til teceremonier er viften en integreret del af den japanske kultur. Ud over deres funktion som k\u00f8lemiddel er vifter et symbol p\u00e5 lykke og social status. I Japan betragtes udveksling af vifter som gaver som en handling af respekt og p\u00e5sk\u00f8nnelse.<\/p>\n<p>Den **japanske Black Crane-vifte** er ideel b\u00e5de til praktisk brug og som et dekorativt stykke, der kan pryde dit rum og tilf\u00f8je en f\u00f8lelse af kulturarv og sofistikeret stil. Denne vifte er fremstillet med sans for detaljer og i overensstemmelse med traditionerne og udstr\u00e5ler den autenticitet og elegance, der er karakteristisk for japansk kultur.<\/p>","protected":false},"featured_media":12318,"comment_status":"open","ping_status":"open","template":"","meta":{"_gspb_post_css":""},"product_brand":[],"product_cat":[68,71],"product_tag":[],"class_list":{"0":"post-10876","1":"product","2":"type-product","3":"status-publish","4":"has-post-thumbnail","6":"product_cat-68","7":"product_cat-71","8":"pa_-85","10":"first","11":"outofstock","12":"taxable","13":"shipping-taxable","14":"purchasable","15":"product-type-simple"},"_links":{"self":[{"href":"https:\/\/mo-mo.gr\/da\/wp-json\/wp\/v2\/product\/10876","targetHints":{"allow":["GET"]}}],"collection":[{"href":"https:\/\/mo-mo.gr\/da\/wp-json\/wp\/v2\/product"}],"about":[{"href":"https:\/\/mo-mo.gr\/da\/wp-json\/wp\/v2\/types\/product"}],"replies":[{"embeddable":true,"href":"https:\/\/mo-mo.gr\/da\/wp-json\/wp\/v2\/comments?post=10876"}],"wp:featuredmedia":[{"embeddable":true,"href":"https:\/\/mo-mo.gr\/da\/wp-json\/wp\/v2\/media\/12318"}],"wp:attachment":[{"href":"https:\/\/mo-mo.gr\/da\/wp-json\/wp\/v2\/media?parent=10876"}],"wp:term":[{"taxonomy":"product_brand","embeddable":true,"href":"https:\/\/mo-mo.gr\/da\/wp-json\/wp\/v2\/product_brand?post=10876"},{"taxonomy":"product_cat","embeddable":true,"href":"https:\/\/mo-mo.gr\/da\/wp-json\/wp\/v2\/product_cat?post=10876"},{"taxonomy":"product_tag","embeddable":true,"href":"https:\/\/mo-mo.gr\/da\/wp-json\/wp\/v2\/product_tag?post=10876"}],"curies":[{"name":"wp","href":"https:\/\/api.w.org\/{rel}","templated":true}]}}