{"id":10870,"date":"2024-06-13T20:11:38","date_gmt":"2024-06-13T20:11:38","guid":{"rendered":"https:\/\/mo-mo.gr\/product\/japanese-purse-ginkgo-purple\/"},"modified":"2026-04-02T18:09:57","modified_gmt":"2026-04-02T15:09:57","slug":"japansk-taske-ginkgo-lilla","status":"publish","type":"product","link":"https:\/\/mo-mo.gr\/da\/\u03c0\u03c1\u03bf\u03ca\u03cc\u03bd\u03c4\u03b1\/japanese-purse-ginkgo-purple\/","title":{"rendered":"Japansk pung Ginkgo Lilla"},"content":{"rendered":"","protected":false},"excerpt":{"rendered":"<p>**Japanese Purse Gingo Purple** er en sofistikeret og alsidig taske, der er ideel til dine daglige behov. Den er fremstillet af japansk v\u00e6vet kanvas af h\u00f8j kvalitet og er b\u00e5de holdbar og unik i sin \u00e6stetik. Den indvendige foring i sort kanvas forbedrer taskens stabilitet og holdbarhed og sikrer, at dine personlige ejendele forbliver i sikkerhed.<\/p>\n<p>**Japanese Purse Gingo Purple** er perfekt til at b\u00e6re kosmetik eller vigtigt tilbeh\u00f8r og kan ledsage dine udflugter med stil eller holde dine personlige ting organiseret og sikre i din st\u00f8rre taske. Det traditionelle japanske motiv, der pryder den, tilf\u00f8jer et strejf af autenticitet og elegance.<\/p>\n<p>Denne taske er h\u00e5ndlavet af MOMO KIDOHO og skabt med respekt for japansk tradition. Dens design er pr\u00e6get af gingo, et symbol af stor betydning i japansk kultur. Ginkgo, ogs\u00e5 kendt som Ginkgo Biloba-tr\u00e6et, symboliserer udholdenhed, lang levetid og fred. I Japan betragtes ginkgo-tr\u00e6ets blade som et symbol p\u00e5 h\u00e5b og modstandskraft, hvilket g\u00f8r denne taske til ikke bare et praktisk tilbeh\u00f8r, men ogs\u00e5 et objekt med en dybere mening og kulturel v\u00e6rdi.<\/p>","protected":false},"featured_media":12313,"comment_status":"open","ping_status":"closed","template":"","meta":{"_gspb_post_css":""},"product_brand":[],"product_cat":[68,65],"product_tag":[],"class_list":{"0":"post-10870","1":"product","2":"type-product","3":"status-publish","4":"has-post-thumbnail","6":"product_cat-68","7":"product_cat-65","9":"first","10":"outofstock","11":"taxable","12":"shipping-taxable","13":"purchasable","14":"product-type-simple"},"_links":{"self":[{"href":"https:\/\/mo-mo.gr\/da\/wp-json\/wp\/v2\/product\/10870","targetHints":{"allow":["GET"]}}],"collection":[{"href":"https:\/\/mo-mo.gr\/da\/wp-json\/wp\/v2\/product"}],"about":[{"href":"https:\/\/mo-mo.gr\/da\/wp-json\/wp\/v2\/types\/product"}],"replies":[{"embeddable":true,"href":"https:\/\/mo-mo.gr\/da\/wp-json\/wp\/v2\/comments?post=10870"}],"wp:featuredmedia":[{"embeddable":true,"href":"https:\/\/mo-mo.gr\/da\/wp-json\/wp\/v2\/media\/12313"}],"wp:attachment":[{"href":"https:\/\/mo-mo.gr\/da\/wp-json\/wp\/v2\/media?parent=10870"}],"wp:term":[{"taxonomy":"product_brand","embeddable":true,"href":"https:\/\/mo-mo.gr\/da\/wp-json\/wp\/v2\/product_brand?post=10870"},{"taxonomy":"product_cat","embeddable":true,"href":"https:\/\/mo-mo.gr\/da\/wp-json\/wp\/v2\/product_cat?post=10870"},{"taxonomy":"product_tag","embeddable":true,"href":"https:\/\/mo-mo.gr\/da\/wp-json\/wp\/v2\/product_tag?post=10870"}],"curies":[{"name":"wp","href":"https:\/\/api.w.org\/{rel}","templated":true}]}}