{"id":10864,"date":"2024-06-13T20:04:41","date_gmt":"2024-06-13T20:04:41","guid":{"rendered":"https:\/\/mo-mo.gr\/product\/japanese-purse-hana-geometry\/"},"modified":"2025-12-09T15:39:45","modified_gmt":"2025-12-09T13:39:45","slug":"japansk-pung-hana-geometri","status":"publish","type":"product","link":"https:\/\/mo-mo.gr\/da\/\u03c0\u03c1\u03bf\u03ca\u03cc\u03bd\u03c4\u03b1\/japanese-purse-hana-geometry\/","title":{"rendered":"Japansk taske Hana Geometry"},"content":{"rendered":"","protected":false},"excerpt":{"rendered":"<p>Den **japanske pung Hana Geometry** er en sofistikeret pung, der kombinerer traditionel japansk kunst med moderne anvendelighed. Pungen er fremstillet af japansk bomuldsstof af h\u00f8j kvalitet og har et bl\u00e5t kanvasfor indvendigt for at sikre maksimal holdbarhed og beskyttelse af dine personlige ejendele. Dens design indeholder traditionelle japanske motiver, som giver den en tidl\u00f8s \u00e6stetik.<\/p>\n<p>Den **japanske pung Hana Geometry** er perfekt til at b\u00e6re kosmetik eller andet vigtigt tilbeh\u00f8r, hvilket g\u00f8r den perfekt til en aften i byen eller til at holde dine personlige ting sikre i din st\u00f8rre taske. Den er h\u00e5ndlavet af MOMO KIDOHO, hvilket sikrer autenticitet og kvalitet med respekt for japansk tradition og sans for detaljer. Denne stilfulde og praktiske taske er et uundv\u00e6rligt tilbeh\u00f8r til dem, der s\u00e6tter pris p\u00e5 traditionel japansk \u00e6stetik og h\u00f8j kvalitet.<\/p>","protected":false},"featured_media":12308,"comment_status":"open","ping_status":"closed","template":"","meta":{"_gspb_post_css":""},"product_brand":[],"product_cat":[68,65],"product_tag":[],"class_list":{"0":"post-10864","1":"product","2":"type-product","3":"status-publish","4":"has-post-thumbnail","6":"product_cat-68","7":"product_cat-65","9":"first","10":"outofstock","11":"sale","12":"taxable","13":"shipping-taxable","14":"purchasable","15":"product-type-simple"},"_links":{"self":[{"href":"https:\/\/mo-mo.gr\/da\/wp-json\/wp\/v2\/product\/10864","targetHints":{"allow":["GET"]}}],"collection":[{"href":"https:\/\/mo-mo.gr\/da\/wp-json\/wp\/v2\/product"}],"about":[{"href":"https:\/\/mo-mo.gr\/da\/wp-json\/wp\/v2\/types\/product"}],"replies":[{"embeddable":true,"href":"https:\/\/mo-mo.gr\/da\/wp-json\/wp\/v2\/comments?post=10864"}],"wp:featuredmedia":[{"embeddable":true,"href":"https:\/\/mo-mo.gr\/da\/wp-json\/wp\/v2\/media\/12308"}],"wp:attachment":[{"href":"https:\/\/mo-mo.gr\/da\/wp-json\/wp\/v2\/media?parent=10864"}],"wp:term":[{"taxonomy":"product_brand","embeddable":true,"href":"https:\/\/mo-mo.gr\/da\/wp-json\/wp\/v2\/product_brand?post=10864"},{"taxonomy":"product_cat","embeddable":true,"href":"https:\/\/mo-mo.gr\/da\/wp-json\/wp\/v2\/product_cat?post=10864"},{"taxonomy":"product_tag","embeddable":true,"href":"https:\/\/mo-mo.gr\/da\/wp-json\/wp\/v2\/product_tag?post=10864"}],"curies":[{"name":"wp","href":"https:\/\/api.w.org\/{rel}","templated":true}]}}