{"id":10858,"date":"2024-06-13T19:55:43","date_gmt":"2024-06-13T19:55:43","guid":{"rendered":"https:\/\/mo-mo.gr\/product\/japanese-purse-kiku-harmony\/"},"modified":"2025-12-09T15:39:51","modified_gmt":"2025-12-09T13:39:51","slug":"japansk-pung-kiku-harmony","status":"publish","type":"product","link":"https:\/\/mo-mo.gr\/da\/\u03c0\u03c1\u03bf\u03ca\u03cc\u03bd\u03c4\u03b1\/japanese-purse-kiku-harmony\/","title":{"rendered":"Den japanske pung Kiku Harmony"},"content":{"rendered":"","protected":false},"excerpt":{"rendered":"<p>Den **japanske pung Kiku Harmony** er en ekstremt stilfuld og funktionel pung, der udstr\u00e5ler traditionel japansk \u00e6stetik. Den er fremstillet af japansk bomuldsstof af h\u00f8j kvalitet og er holdbar og sofistikeret. Det indvendige kanvasfor sikrer holdbarhed og beskyttelse af dine personlige ejendele.<\/p>\n<p>Den japanske pung Kiku Harmony er perfekt til at have kosmetik, vigtigt tilbeh\u00f8r eller sm\u00e5ting i. Den er perfekt til at have med p\u00e5 udflugt eller til at opbevare dine personlige ting sikkert i din taske. Dens design med traditionelle japanske motiver minder om det charmerende Kyoto og giver en f\u00f8lelse af elegance og kulturarv.<\/p>\n<p>Med den japanske pung Kiku Harmony har du et praktisk og stilfuldt tilbeh\u00f8r, der supplerer ethvert look og tilf\u00f8jer et strejf af japansk charme til din hverdag.<\/p>\n<p>Den japanske pung Kiku Harmony er h\u00e5ndlavet, designet og fremstillet med k\u00e6rlighed og respekt for japansk kultur og \u00e6stetik.<\/p>","protected":false},"featured_media":12303,"comment_status":"open","ping_status":"closed","template":"","meta":{"_gspb_post_css":""},"product_brand":[],"product_cat":[68,65],"product_tag":[],"class_list":{"0":"post-10858","1":"product","2":"type-product","3":"status-publish","4":"has-post-thumbnail","6":"product_cat-68","7":"product_cat-65","9":"first","10":"outofstock","11":"sale","12":"taxable","13":"shipping-taxable","14":"purchasable","15":"product-type-simple"},"_links":{"self":[{"href":"https:\/\/mo-mo.gr\/da\/wp-json\/wp\/v2\/product\/10858","targetHints":{"allow":["GET"]}}],"collection":[{"href":"https:\/\/mo-mo.gr\/da\/wp-json\/wp\/v2\/product"}],"about":[{"href":"https:\/\/mo-mo.gr\/da\/wp-json\/wp\/v2\/types\/product"}],"replies":[{"embeddable":true,"href":"https:\/\/mo-mo.gr\/da\/wp-json\/wp\/v2\/comments?post=10858"}],"wp:featuredmedia":[{"embeddable":true,"href":"https:\/\/mo-mo.gr\/da\/wp-json\/wp\/v2\/media\/12303"}],"wp:attachment":[{"href":"https:\/\/mo-mo.gr\/da\/wp-json\/wp\/v2\/media?parent=10858"}],"wp:term":[{"taxonomy":"product_brand","embeddable":true,"href":"https:\/\/mo-mo.gr\/da\/wp-json\/wp\/v2\/product_brand?post=10858"},{"taxonomy":"product_cat","embeddable":true,"href":"https:\/\/mo-mo.gr\/da\/wp-json\/wp\/v2\/product_cat?post=10858"},{"taxonomy":"product_tag","embeddable":true,"href":"https:\/\/mo-mo.gr\/da\/wp-json\/wp\/v2\/product_tag?post=10858"}],"curies":[{"name":"wp","href":"https:\/\/api.w.org\/{rel}","templated":true}]}}