{"id":10839,"date":"2024-06-12T23:13:51","date_gmt":"2024-06-12T23:13:51","guid":{"rendered":"https:\/\/mo-mo.gr\/product\/japanese-t-shirt-ishin-denshin\/"},"modified":"2025-07-05T19:47:41","modified_gmt":"2025-07-05T16:47:41","slug":"japansk-t-shirt-ishin-denshin","status":"publish","type":"product","link":"https:\/\/mo-mo.gr\/da\/\u03c0\u03c1\u03bf\u03ca\u03cc\u03bd\u03c4\u03b1\/japanese-t-shirt-ishin-denshin\/","title":{"rendered":"Japansk T-shirt Ishin Denshin"},"content":{"rendered":"","protected":false},"excerpt":{"rendered":"<p>JAPANSK T-SHIRT ISHIN DENSHIN.<\/p>\n<p>Udtrykket \"\u4ee5\u5fc3\u4f1d\u5fc3\" (\u3044\u3057\u3093\u3067\u3093\u3057\u3093, ishindenshin) p\u00e5 japansk henviser til en m\u00e5de at kommunikere f\u00f8lelser og tanker p\u00e5 uden brug af ord. Bogstavet \"\u4ee5\" betyder \"med\", \"\u5fc3\" betyder \"hjerte\" eller \"f\u00f8lelse\", mens \"\u4f1d\u5fc3\" betyder \"at formidle f\u00f8lelser\". Tilsammen antyder udtrykket ideen om empati og interaktion mellem mennesker, der forst\u00e5r hinanden selv uden verbal kommunikation.<\/p>\n<p>Begrebet \u4ee5\u5fc3\u4f1d\u5fc3 er dybt forankret i japansk kultur og repr\u00e6senterer den tillid, enhed og gensidige forst\u00e5else, der skabes gennem en f\u00f8lelsesm\u00e6ssig forbindelse. Det bruges til at beskrive evnen til at dele f\u00f8lelser og tanker med andre p\u00e5 en m\u00e5de, der g\u00e5r ud over ord, og som er baseret p\u00e5 empati og tillid.<\/p>\n<p>Dette koncept har inspireret forskellige kunstarter og kulturer i Japan, herunder litteratur, kunst og filosofi, og kommer ofte til udtryk gennem kunst, musik og \u00e6stetik i den japanske kunstneriske tradition.<\/p>\n<p>T-shirten med teksten \"\u4ee5\u5fc3\u4f1d\u5fc3\" udtrykker den venlighed, der ligger i at kommunikere gennem hjertet uden brug af ord. Denne bomulds-t-shirt tilbyder ikke kun komfort, men ogs\u00e5 et dybt budskab om sammenhold og f\u00f8lelsesm\u00e6ssig interaktion. Med sin sofistikerede kombination af tekst i ideogrammer og \u00e6stetik er den et ideelt valg for dem, der s\u00f8ger et stilfuldt og meningsfuldt stykke t\u00f8j i deres garderobe.<\/p>","protected":false},"featured_media":12292,"comment_status":"open","ping_status":"open","template":"","meta":{"_gspb_post_css":""},"product_brand":[],"product_cat":[74,96],"product_tag":[],"class_list":{"0":"post-10839","1":"product","2":"type-product","3":"status-publish","4":"has-post-thumbnail","6":"product_cat-new","7":"product_cat-t-shirts","8":"pa_-101","9":"pa_-102","10":"pa_-103","11":"pa_-104","12":"pa_-large","13":"pa_-medium","14":"pa_-small","15":"pa_-xtra-large","16":"pa_-xtra-small","17":"pa_-xxl","18":"pa_-100-","19":"pa_-jersey-190g-m2","20":"pa_-85","22":"first","23":"instock","24":"taxable","25":"shipping-taxable","26":"purchasable","27":"product-type-variable"},"_links":{"self":[{"href":"https:\/\/mo-mo.gr\/da\/wp-json\/wp\/v2\/product\/10839","targetHints":{"allow":["GET"]}}],"collection":[{"href":"https:\/\/mo-mo.gr\/da\/wp-json\/wp\/v2\/product"}],"about":[{"href":"https:\/\/mo-mo.gr\/da\/wp-json\/wp\/v2\/types\/product"}],"replies":[{"embeddable":true,"href":"https:\/\/mo-mo.gr\/da\/wp-json\/wp\/v2\/comments?post=10839"}],"wp:featuredmedia":[{"embeddable":true,"href":"https:\/\/mo-mo.gr\/da\/wp-json\/wp\/v2\/media\/12292"}],"wp:attachment":[{"href":"https:\/\/mo-mo.gr\/da\/wp-json\/wp\/v2\/media?parent=10839"}],"wp:term":[{"taxonomy":"product_brand","embeddable":true,"href":"https:\/\/mo-mo.gr\/da\/wp-json\/wp\/v2\/product_brand?post=10839"},{"taxonomy":"product_cat","embeddable":true,"href":"https:\/\/mo-mo.gr\/da\/wp-json\/wp\/v2\/product_cat?post=10839"},{"taxonomy":"product_tag","embeddable":true,"href":"https:\/\/mo-mo.gr\/da\/wp-json\/wp\/v2\/product_tag?post=10839"}],"curies":[{"name":"wp","href":"https:\/\/api.w.org\/{rel}","templated":true}]}}